{"id":79135,"date":"2022-12-30T10:26:50","date_gmt":"2022-12-30T12:26:50","guid":{"rendered":"http:\/\/promo-landingshopbox"},"modified":"2023-11-13T11:44:56","modified_gmt":"2023-11-13T13:44:56","slug":"shopbox","status":"publish","type":"page","link":"https:\/\/www.boxrepsol.com\/es\/shopbox\/","title":{"rendered":"Shop Box"},"content":{"rendered":"<script>\n    function gtm_click() {\n        var ele = document.getElementsByName('f4valencia_option');\n        var selected = '';\n        for (i = 0; i < ele.length; i++) {\n            if (ele[i].checked)\n                selected = ele[i].value;\n        }\n        dataLayer.push({\n            'event': 'cta',\n            'eventName': 'click_option',\n            'eventCategory': 'cta',\n            'eventAction': 'click',\n            'eventLabel': selected,\n            'eventValue': 'undefined'\n        });\n\n        \/\/alert(\"Has clickado en: \" + selected);\n    }\n\n    function gtm_landing(promo_user, id_user) {\n\n        var register = 'No registrado';\n        var iduser = 'Anonimo';\n        if (arguments[1] != 0) {\n            register = 'Registrado';\n            iduser = arguments[0];\n        }\n        dataLayer.push({\n            'event': 'urlVirtual',\n            'url': '\/landing\/promo_landingshopbox\/main_page',\n            'Id de usuario': iduser,\n            'Tipo de usuario': register,\n            'Tipo de contenido': 'Abierto',\n            'Fecha de publicaci\u00f3n': '23\/08\/2021',\n            'Autor': 'Repsol',\n            'Categor\u00eda': 'landing',\n            'Tema': 'sorteo',\n            'Formato': 'sorteo',\n            'Tag': 'promocion',\n            'Tipo de pieza': 'sorteos'\n        });\n    }\n<\/script>\n\n<script>\n    function gtm_participa() {\n        \/*var ele = document.getElementsByName('f4valencia_option');\n        var selected = '';\n        for (i = 0; i < ele.length; i++) {\n            if (ele[i].checked)\n                selected = ele[i].value;\n        } *\/\n        dataLayer.push({\n            'event': 'cta',\n            'eventName': 'click_participar_promo_landingshopbox',\n            'eventCategory': 'cta',\n            'eventAction': 'click',\n            'eventLabel': 'participar_promo_landingshopbox',\n            \/* 'eventValue': selected *\/\n        });\n\n        \/\/alert(\"Has clickado en: \" + selected);\n    }\n<\/script>\n\n<script>\n    function gtm_registro() {\n        dataLayer.push({\n            'event': 'cta',\n            'eventName': 'click_registro_promo_landingshopbox',\n            'eventCategory': 'cta',\n            'eventAction': 'click',\n            'eventLabel': 'registro_promo_landingshopbox',\n            'eventValue': 'registro'\n        });\n    }\n<\/script>\n\n<div class=\"promo\">\n    <div class=\"banner-top\">\n        <div class=\"text\">\n            <div class=\"text-content\">\n                <h1>\u00a1\u00danete a Box Repsol y consigue un <strong>descuento de 5% para comprar en nuestra tienda!<\/strong><\/h1>\n                                    <p>Reg\u00edstrate o inicia sesi\u00f3n para darte t\u00fa c\u00f3digo de descuento.<\/p>\n                    <div class=\"login-box\">\n                                                    <a href=\"https:\/\/www.boxrepsol.com\/wp-login.php\" class=\"btn\" onclick=\"gtm_registro();\" title=\"REG\u00cdSTRATE\">Reg\u00edstrate o Inicia Sesi\u00f3n<\/a>\n                            <a href=\"https:\/\/www.repsol.es\/tienda\/movilidad\/equipacion-moto\/\" class=\"subtext\" title=\"Reg\u00edstrate\">Ir a la tienda sin descuento<\/a>\n                                            <\/div>\n                            <\/div>\n        <\/div>\n        <div class=\"image\">\n            <img decoding=\"async\" class=\"d-block\" src=\"https:\/\/bxrepsol.s3.eu-west-1.amazonaws.com\/static\/2025\/04\/29075752\/TiendaBoxRepsol.png\" title=\"Shop Box\" alt=\"Entradas GP Valencia\">\n        <\/div>\n    <\/div>\n    <div class=\"products\">\n        <h2 class=\"products-title\">Todos los productos oficiales Repsol<\/h2>\n        <div class=\"products-col\">\n            <div class=\"product\">\n                <div class=\"image\">\n                    <img decoding=\"async\" src=\"https:\/\/bxrepsol.s3.eu-west-1.amazonaws.com\/static\/2025\/04\/29074029\/Guantes-Alpinestars_nobg.png\" alt=\"\">\n                <\/div>\n                <h2>Guantes Alpinestars<\/h2>\n            <\/div>\n        <\/div>\n        <div class=\"products-col\">\n            <div class=\"product\">\n                <div class=\"image\">\n                    <img decoding=\"async\" src=\"https:\/\/bxrepsol.s3.eu-west-1.amazonaws.com\/static\/2025\/04\/29074020\/Chaqueta-Alpinestars_nobg.png\" alt=\"\">\n                <\/div>\n                <h2>Chaqueta Alpinestars<\/h2>\n            <\/div>\n        <\/div>\n        <div class=\"products-col\">\n            <div class=\"product\">\n                <div class=\"image\">\n                    <img decoding=\"async\" src=\"https:\/\/bxrepsol.s3.eu-west-1.amazonaws.com\/static\/2025\/04\/29074008\/Casco-NZI_nobg.png\" alt=\"\">\n                <\/div>\n                <h2>Casco NZI<\/h2>\n            <\/div>\n        <\/div>\n    <\/div>\n    <div class=\"banner\">\n        <div class=\"banner-text\">\n            <h2>\u00a1Conoce la tienda de Repsol!<\/h2>\n            <p>Encuentra todo el merchandising Repsol Honda y v\u00edstete del equipo Repsol de los pies a la cabeza.<\/p>\n        <\/div>\n        <div class=\"banner-button\"><a href=\"https:\/\/www.repsol.es\/tienda\/movilidad\/equipacion-moto\/\">Ir a la tienda<\/a><\/div>\n    <\/div>\n\n<\/div>\n","protected":false},"excerpt":{"rendered":"","protected":false},"author":1,"featured_media":0,"parent":0,"menu_order":0,"comment_status":"closed","ping_status":"closed","template":"","meta":{"footnotes":""},"class_list":["post-79135","page","type-page","status-publish","hentry"],"yoast_head":"<!-- This site is optimized with the Yoast SEO plugin v27.3 - https:\/\/yoast.com\/product\/yoast-seo-wordpress\/ -->\n<title>Shop Box - Box Repsol<\/title>\n<meta name=\"description\" content=\"Tu destino para encontrar productos y merchandising exclusivos del equipo Repsol Honda \u00a1Explora nuestra tienda ahora!\" \/>\n<link rel=\"canonical\" href=\"https:\/\/www.boxrepsol.com\/es\/shopbox\/\" \/>\n<meta property=\"og:locale\" content=\"es_ES\" \/>\n<meta property=\"og:type\" content=\"article\" \/>\n<meta property=\"og:title\" content=\"Shop Box - Box Repsol\" \/>\n<meta property=\"og:description\" content=\"Tu destino para encontrar productos y merchandising exclusivos del equipo Repsol Honda \u00a1Explora nuestra tienda ahora!\" \/>\n<meta property=\"og:url\" content=\"https:\/\/www.boxrepsol.com\/es\/shopbox\/\" \/>\n<meta property=\"og:site_name\" content=\"Box Repsol\" \/>\n<meta property=\"article:publisher\" content=\"https:\/\/www.facebook.com\/BoxRepsol\" \/>\n<meta property=\"article:modified_time\" content=\"2023-11-13T13:44:56+00:00\" \/>\n<meta name=\"twitter:card\" content=\"summary_large_image\" \/>\n<meta name=\"twitter:site\" content=\"@box_repsol\" \/>\n<script type=\"application\/ld+json\" class=\"yoast-schema-graph\">{\"@context\":\"https:\\\/\\\/schema.org\",\"@graph\":[{\"@type\":\"WebPage\",\"@id\":\"https:\\\/\\\/www.boxrepsol.com\\\/es\\\/shopbox\\\/\",\"url\":\"https:\\\/\\\/www.boxrepsol.com\\\/es\\\/shopbox\\\/\",\"name\":\"Shop Box - Box Repsol\",\"isPartOf\":{\"@id\":\"https:\\\/\\\/www.boxrepsol.com\\\/es\\\/#website\"},\"datePublished\":\"2022-12-30T12:26:50+00:00\",\"dateModified\":\"2023-11-13T13:44:56+00:00\",\"description\":\"Tu destino para encontrar productos y merchandising exclusivos del equipo Repsol Honda \u00a1Explora nuestra tienda ahora!\",\"breadcrumb\":{\"@id\":\"https:\\\/\\\/www.boxrepsol.com\\\/es\\\/shopbox\\\/#breadcrumb\"},\"inLanguage\":\"es\",\"potentialAction\":[{\"@type\":\"ReadAction\",\"target\":[\"https:\\\/\\\/www.boxrepsol.com\\\/es\\\/shopbox\\\/\"]}]},{\"@type\":\"BreadcrumbList\",\"@id\":\"https:\\\/\\\/www.boxrepsol.com\\\/es\\\/shopbox\\\/#breadcrumb\",\"itemListElement\":[{\"@type\":\"ListItem\",\"position\":1,\"name\":\"Home\",\"item\":\"https:\\\/\\\/www.boxrepsol.com\\\/es\\\/\"},{\"@type\":\"ListItem\",\"position\":2,\"name\":\"Shop Box\"}]},{\"@type\":\"WebSite\",\"@id\":\"https:\\\/\\\/www.boxrepsol.com\\\/es\\\/#website\",\"url\":\"https:\\\/\\\/www.boxrepsol.com\\\/es\\\/\",\"name\":\"Box Repsol\",\"description\":\"Box Repsol Site\",\"publisher\":{\"@id\":\"https:\\\/\\\/www.boxrepsol.com\\\/es\\\/#organization\"},\"potentialAction\":[{\"@type\":\"SearchAction\",\"target\":{\"@type\":\"EntryPoint\",\"urlTemplate\":\"https:\\\/\\\/www.boxrepsol.com\\\/es\\\/?s={search_term_string}\"},\"query-input\":{\"@type\":\"PropertyValueSpecification\",\"valueRequired\":true,\"valueName\":\"search_term_string\"}}],\"inLanguage\":\"es\"},{\"@type\":\"Organization\",\"@id\":\"https:\\\/\\\/www.boxrepsol.com\\\/es\\\/#organization\",\"name\":\"Box Repsol\",\"url\":\"https:\\\/\\\/www.boxrepsol.com\\\/es\\\/\",\"logo\":{\"@type\":\"ImageObject\",\"inLanguage\":\"es\",\"@id\":\"https:\\\/\\\/www.boxrepsol.com\\\/es\\\/#\\\/schema\\\/logo\\\/image\\\/\",\"url\":\"https:\\\/\\\/bxrepsol.s3.eu-west-1.amazonaws.com\\\/static\\\/2025\\\/07\\\/30083337\\\/favicon-96x96-1.png\",\"contentUrl\":\"https:\\\/\\\/bxrepsol.s3.eu-west-1.amazonaws.com\\\/static\\\/2025\\\/07\\\/30083337\\\/favicon-96x96-1.png\",\"width\":96,\"height\":96,\"caption\":\"Box Repsol\"},\"image\":{\"@id\":\"https:\\\/\\\/www.boxrepsol.com\\\/es\\\/#\\\/schema\\\/logo\\\/image\\\/\"},\"sameAs\":[\"https:\\\/\\\/www.facebook.com\\\/BoxRepsol\",\"https:\\\/\\\/x.com\\\/box_repsol\",\"http:\\\/\\\/instagram.com\\\/box_repsol\",\"https:\\\/\\\/www.youtube.com\\\/user\\\/RepsolCompeticion\",\"https:\\\/\\\/www.flickr.com\\\/photos\\\/box_repsol\\\/\"]}]}<\/script>\n<!-- \/ Yoast SEO plugin. -->","yoast_head_json":{"title":"Shop Box - Box Repsol","description":"Tu destino para encontrar productos y merchandising exclusivos del equipo Repsol Honda \u00a1Explora nuestra tienda ahora!","canonical":"https:\/\/www.boxrepsol.com\/es\/shopbox\/","og_locale":"es_ES","og_type":"article","og_title":"Shop Box - Box Repsol","og_description":"Tu destino para encontrar productos y merchandising exclusivos del equipo Repsol Honda \u00a1Explora nuestra tienda ahora!","og_url":"https:\/\/www.boxrepsol.com\/es\/shopbox\/","og_site_name":"Box Repsol","article_publisher":"https:\/\/www.facebook.com\/BoxRepsol","article_modified_time":"2023-11-13T13:44:56+00:00","twitter_card":"summary_large_image","twitter_site":"@box_repsol","schema":{"@context":"https:\/\/schema.org","@graph":[{"@type":"WebPage","@id":"https:\/\/www.boxrepsol.com\/es\/shopbox\/","url":"https:\/\/www.boxrepsol.com\/es\/shopbox\/","name":"Shop Box - Box Repsol","isPartOf":{"@id":"https:\/\/www.boxrepsol.com\/es\/#website"},"datePublished":"2022-12-30T12:26:50+00:00","dateModified":"2023-11-13T13:44:56+00:00","description":"Tu destino para encontrar productos y merchandising exclusivos del equipo Repsol Honda \u00a1Explora nuestra tienda ahora!","breadcrumb":{"@id":"https:\/\/www.boxrepsol.com\/es\/shopbox\/#breadcrumb"},"inLanguage":"es","potentialAction":[{"@type":"ReadAction","target":["https:\/\/www.boxrepsol.com\/es\/shopbox\/"]}]},{"@type":"BreadcrumbList","@id":"https:\/\/www.boxrepsol.com\/es\/shopbox\/#breadcrumb","itemListElement":[{"@type":"ListItem","position":1,"name":"Home","item":"https:\/\/www.boxrepsol.com\/es\/"},{"@type":"ListItem","position":2,"name":"Shop Box"}]},{"@type":"WebSite","@id":"https:\/\/www.boxrepsol.com\/es\/#website","url":"https:\/\/www.boxrepsol.com\/es\/","name":"Box Repsol","description":"Box Repsol Site","publisher":{"@id":"https:\/\/www.boxrepsol.com\/es\/#organization"},"potentialAction":[{"@type":"SearchAction","target":{"@type":"EntryPoint","urlTemplate":"https:\/\/www.boxrepsol.com\/es\/?s={search_term_string}"},"query-input":{"@type":"PropertyValueSpecification","valueRequired":true,"valueName":"search_term_string"}}],"inLanguage":"es"},{"@type":"Organization","@id":"https:\/\/www.boxrepsol.com\/es\/#organization","name":"Box Repsol","url":"https:\/\/www.boxrepsol.com\/es\/","logo":{"@type":"ImageObject","inLanguage":"es","@id":"https:\/\/www.boxrepsol.com\/es\/#\/schema\/logo\/image\/","url":"https:\/\/bxrepsol.s3.eu-west-1.amazonaws.com\/static\/2025\/07\/30083337\/favicon-96x96-1.png","contentUrl":"https:\/\/bxrepsol.s3.eu-west-1.amazonaws.com\/static\/2025\/07\/30083337\/favicon-96x96-1.png","width":96,"height":96,"caption":"Box Repsol"},"image":{"@id":"https:\/\/www.boxrepsol.com\/es\/#\/schema\/logo\/image\/"},"sameAs":["https:\/\/www.facebook.com\/BoxRepsol","https:\/\/x.com\/box_repsol","http:\/\/instagram.com\/box_repsol","https:\/\/www.youtube.com\/user\/RepsolCompeticion","https:\/\/www.flickr.com\/photos\/box_repsol\/"]}]}},"_links":{"self":[{"href":"https:\/\/www.boxrepsol.com\/es\/wp-json\/wp\/v2\/pages\/79135","targetHints":{"allow":["GET"]}}],"collection":[{"href":"https:\/\/www.boxrepsol.com\/es\/wp-json\/wp\/v2\/pages"}],"about":[{"href":"https:\/\/www.boxrepsol.com\/es\/wp-json\/wp\/v2\/types\/page"}],"author":[{"embeddable":true,"href":"https:\/\/www.boxrepsol.com\/es\/wp-json\/wp\/v2\/users\/1"}],"replies":[{"embeddable":true,"href":"https:\/\/www.boxrepsol.com\/es\/wp-json\/wp\/v2\/comments?post=79135"}],"version-history":[{"count":4,"href":"https:\/\/www.boxrepsol.com\/es\/wp-json\/wp\/v2\/pages\/79135\/revisions"}],"predecessor-version":[{"id":79145,"href":"https:\/\/www.boxrepsol.com\/es\/wp-json\/wp\/v2\/pages\/79135\/revisions\/79145"}],"wp:attachment":[{"href":"https:\/\/www.boxrepsol.com\/es\/wp-json\/wp\/v2\/media?parent=79135"}],"curies":[{"name":"wp","href":"https:\/\/api.w.org\/{rel}","templated":true}]}}