{"id":4030,"date":"2020-01-21T00:00:00","date_gmt":"2020-01-21T02:00:00","guid":{"rendered":"http:\/\/pre.boxrepsol.com\/marc-marquez-93-artista\/"},"modified":"2023-11-30T10:16:38","modified_gmt":"2023-11-30T12:16:38","slug":"marc-marquez-93-artista","status":"publish","type":"page","link":"https:\/\/www.boxrepsol.com\/es\/marc-marquez-93-artista\/","title":{"rendered":"Marc M\u00e1rquez 93 Artista"},"content":{"rendered":"<div class=\"header\">\n<div class=\"txt\">\n<h1>#MM93<span>THEARTIST<\/span><\/h1>\n<p><a ytsrc=\"UTG7NJz5ut0\" data-gallery=\"\" title=\"Ver v\u00eddeo\" tabindex=\"0\" class=\"js-gtm--custom\" data-event=\"cta\" data-category=\"promo - mm93theartist\" data-action=\"click - ver video\" data-label=\"https:\/\/www.boxrepsol.com\/es\/marc-marquez-93-artista\/\">Ver v\u00eddeo<i class=\"fas fa-play\"><\/i><\/a><br \/>\n<!--El Museu Comarcal de Cervera presenta los cuadros de Marc M\u00e1rquez en \"I'm 93\". <strong>Ac\u00e9rcate a verlos hasta el 2 de febrero del 2020<\/strong>\n\n--><\/p>\n<\/div>\n<div class=\"img\">\n        <img decoding=\"async\" src=\"https:\/\/www.boxrepsol.com\/wp-content\/themes\/theme-boxrepsol-child\/static\/images\/landing-motoarte\/mm93theartist-marc-marquez.png\" srcset=\"[asset file='images\/landing-motoarte\/mm93theartist-marc-marquez-xs.jpg'] 600w,\n\t\t                 [asset file='images\/landing-motoarte\/mm93theartist-marc-marquez.png']\" alt=\"#MM93THEARTIST\"><\/div>\n<p><video width=\"100%\" autoplay=\"\" loop=\"\" muted=\"\"><source src=\"[asset file='video\/landing-motoarte\/MM93THEARTIST.mp4']\" type=\"video\/mp4\"><source src=\"[asset file='video\/landing-motoarte\/MM93THEARTIST.ogv']\" type=\"video\/ogg\"><source src=\"[asset file='video\/landing-motoarte\/MM93THEARTIST.webm']\" type=\"video\/webm\"><\/video><\/p>\n<\/div>\n<p><a href=\"https:\/\/es-es.facebook.com\/BoxRepsol\/videos\/631336687691928\/\" title=\"As\u00ed fue la inauguraci\u00f3n en Facebook Live\" target=\"_blank\" class=\"fb-live__container\" rel=\"noopener\"><\/a><\/p>\n<p><a href=\"https:\/\/es-es.facebook.com\/BoxRepsol\/videos\/631336687691928\/\" title=\"As\u00ed fue la inauguraci\u00f3n en Facebook Live\" target=\"_blank\" class=\"fb-live__container\" rel=\"noopener\">As\u00ed fue la inauguraci\u00f3n en <strong>Facebook Live<\/strong><\/p>\n<p><\/a><a href=\"https:\/\/es-es.facebook.com\/BoxRepsol\/videos\/631336687691928\/\" title=\"As\u00ed fue la inauguraci\u00f3n en Facebook Live\" target=\"_blank\" class=\"fb-live__container\" rel=\"noopener\"><\/a><\/p>\n<div class=\"info\">\n<h2>\u00a1Decora tu casa con un cuadro hecho por Marc M\u00e1rquez!<\/h2>\n<p>Ya tenemos los 6 ganadores de nuestras redes sociales y los 2 ganadores de Waylet.<\/p>\n<\/div>\n<div class=\"art\">\n<div class=\"col facebook\">\n<div class=\"title\">\n\t\t\t<i class=\"fab fa-facebook-f\"><\/i><\/p>\n<p>Subastas en <strong>Facebook<\/strong><\/p>\n<\/div>\n<div>\n\t\t\t\t<span>\u00a1Enhorabuena!<\/span><\/p>\n<p>Antonio Calder\u00f3n<\/p>\n<\/div>\n<p>\t\t\t<img decoding=\"async\" src=\"https:\/\/www.boxrepsol.com\/wp-content\/themes\/theme-boxrepsol-child\/static\/images\/landing-motoarte\/mm93theartist-subasta-facebook-cuadro-1.jpg\" srcset=\"[asset file='images\/landing-motoarte\/mm93theartist-subasta-facebook-cuadro-1.jpg'] 600w,\n\t\t                 [asset file='images\/landing-motoarte\/mm93theartist-subasta-facebook-cuadro-1.jpg']\" alt=\"Primer cuadro de la subasta de Facebook\"><\/p>\n<div>\n\t\t\t\t<span>\u00a1Enhorabuena!<\/span><\/p>\n<p>Monse Cuenca<\/p>\n<\/div>\n<p>\t\t\t<img decoding=\"async\" src=\"https:\/\/www.boxrepsol.com\/wp-content\/themes\/theme-boxrepsol-child\/static\/images\/landing-motoarte\/mm93theartist-subasta-facebook-cuadro-2.jpg\" srcset=\"[asset file='images\/landing-motoarte\/mm93theartist-subasta-facebook-cuadro-2.jpg'] 600w,\n\t\t                 [asset file='images\/landing-motoarte\/mm93theartist-subasta-facebook-cuadro-2.jpg']\" alt=\"Segundo cuadro de la subasta de Facebook\"><\/p>\n<\/div>\n<div class=\"col twitter\">\n<div class=\"title\">\n\t\t\t<i class=\"fab fa-twitter\"><\/i><\/p>\n<p>Subastas en <strong>Twitter<\/strong><\/p>\n<\/div>\n<div>\n\t\t\t\t<span>\u00a1Enhorabuena!<\/span><\/p>\n<p>@pajarin34<\/p>\n<\/div>\n<p>\t\t\t<img decoding=\"async\" src=\"https:\/\/www.boxrepsol.com\/wp-content\/themes\/theme-boxrepsol-child\/static\/images\/landing-motoarte\/mm93theartist-subasta-twitter-cuadro-1.jpg\" srcset=\"[asset file='images\/landing-motoarte\/mm93theartist-subasta-twitter-cuadro-1.jpg'] 600w,\n\t\t                 [asset file='images\/landing-motoarte\/mm93theartist-subasta-twitter-cuadro-1.jpg']\" alt=\"Primer cuadro de la subasta de Twitter\"><\/p>\n<div>\n\t\t\t\t<span>\u00a1Enhorabuena!<\/span><\/p>\n<p>@Kboltio<\/p>\n<\/div>\n<p>\t\t\t<img decoding=\"async\" src=\"https:\/\/www.boxrepsol.com\/wp-content\/themes\/theme-boxrepsol-child\/static\/images\/landing-motoarte\/mm93theartist-subasta-twitter-cuadro-2.jpg\" srcset=\"[asset file='images\/landing-motoarte\/mm93theartist-subasta-twitter-cuadro-2.jpg'] 600w,\n\t\t                 [asset file='images\/landing-motoarte\/mm93theartist-subasta-twitter-cuadro-2.jpg']\" alt=\"Segundo cuadro de la subasta de Twitter\"><\/p>\n<\/div>\n<div class=\"col instagram\">\n<div class=\"title\">\n\t\t\t<i class=\"fab fa-instagram\"><\/i><\/p>\n<p>Subastas en <strong>Instagram<\/strong><\/p>\n<\/div>\n<div>\n\t\t\t\t<span>\u00a1Enhorabuena!<\/span><\/p>\n<p>@only_katja<\/p>\n<\/div>\n<p>\t\t\t<img decoding=\"async\" src=\"https:\/\/www.boxrepsol.com\/wp-content\/themes\/theme-boxrepsol-child\/static\/images\/landing-motoarte\/mm93theartist-subasta-instagram-cuadro-1.jpg\" srcset=\"[asset file='images\/landing-motoarte\/mm93theartist-subasta-instagram-cuadro-1.jpg'] 600w,\n\t\t                [asset file='images\/landing-motoarte\/mm93theartist-subasta-instagram-cuadro-1.jpg']\" alt=\"Primer cuadro de la subasta de Instagram\"><\/p>\n<div>\n\t\t\t\t<span>\u00a1Enhorabuena!<\/span><\/p>\n<p>@l.amoah<\/p>\n<\/div>\n<p>\t\t\t<img decoding=\"async\" src=\"https:\/\/www.boxrepsol.com\/wp-content\/themes\/theme-boxrepsol-child\/static\/images\/landing-motoarte\/mm93theartist-subasta-instagram-cuadro-2.jpg\" srcset=\"[asset file='images\/landing-motoarte\/mm93theartist-subasta-instagram-cuadro-2.jpg'] 600w,\n\t\t                 [asset file='images\/landing-motoarte\/mm93theartist-subasta-instagram-cuadro-2.jpg']\" alt=\"Segundo cuadro de la subasta de Instagram\"><\/p>\n<\/div>\n<div class=\"col prox waylet\">\n<div class=\"title\">\n<p>Sorteo en <strong>Waylet<\/strong><\/p>\n<\/div>\n<div>\n\t\t\t\t<span>\u00a1Enhorabuena!<\/span><\/p>\n<p>Jos\u00e9 Farto<\/p>\n<\/div>\n<p>\t\t\t<img decoding=\"async\" src=\"https:\/\/www.boxrepsol.com\/wp-content\/themes\/theme-boxrepsol-child\/static\/images\/landing-motoarte\/mm93theartist-sorteo-boxrepsol-cuadro-1.jpg\" srcset=\"[asset file='images\/landing-motoarte\/mm93theartist-sorteo-boxrepsol-cuadro-1.jpg'] 600w,\n\t\t                 [asset file='images\/landing-motoarte\/mm93theartist-sorteo-boxrepsol-cuadro-1.jpg']\" alt=\"Primer cuadro del sorteo de Waylet\"><\/p>\n<div>\n\t\t\t\t<span>\u00a1Enhorabuena!<\/span><\/p>\n<p>Carlos Claramunt<\/p>\n<\/div>\n<p>\t\t\t<img decoding=\"async\" src=\"https:\/\/www.boxrepsol.com\/wp-content\/themes\/theme-boxrepsol-child\/static\/images\/landing-motoarte\/mm93theartist-sorteo-boxrepsol-cuadro-2.jpg\" srcset=\"[asset file='images\/landing-motoarte\/mm93theartist-sorteo-boxrepsol-cuadro-2.jpg'] 600w,\n\t\t                 [asset file='images\/landing-motoarte\/mm93theartist-sorteo-boxrepsol-cuadro-2.jpg']\" alt=\"Segundo cuadro del sorteo de Waylet\"><\/p>\n<\/div>\n<\/div>\n<div class=\"participate\">\n\t<!--\n\n\n<h3>Participa en las subastas<\/h3>\n\n\nEntra en la subasta que m\u00e1s te guste y responde a la pregunta que te haremos. <strong>Los comentarios m\u00e1s originales se llevar\u00e1n el cuadro a casa<\/strong>.\n\n\n<div>\n\n\n<div>\n\n\t\t\t\t<span>\n\t\t\t\t\tSi est\u00e1 cerrada,\n\t\t\t\t\t<strong>\u00a1Ay\u00fadanos a desbloquearla!<\/strong>\n\t\t\t\t<\/span>\n\n<\/div>\n\n\n\n\n<div>\n\n\t\t\t\t<span>\n\t\t\t\t\tSi est\u00e1 abierta,\n\t\t\t\t\t<strong>\u00a1Participa en la puja!<\/strong>\n\t\t\t\t<\/span>\n\n<\/div>\n\n\n<\/div>\n\n\n--><\/p>\n<p class=\"bases\">Bases Legales<\/p>\n<\/div>\n<div id=\"facebook01\" class=\"modal\">\n<div class=\"fixed\"><\/div>\n<div class=\"modal__container\">\n\t\t<span>\u00d7<\/span><\/p>\n<div class=\"modal__content\">\n<div>\n<p class=\"small\">\u00a1Subastamos este cuadro de @MARCMARQUEZ93!<span>\u00bfQu\u00e9 t\u00edtulo le pondr\u00edas a este cuadro?<\/span><\/p>\n<p>Para conseguirlo debes ir a la publicaci\u00f3n en <strong>Facebook<\/strong>, seguirnos, dar like al post y comentar con el hashtag <strong class=\"orange\">#MM93TheArtist<\/strong><\/p>\n<p><a href=\"https:\/\/www.facebook.com\/BoxRepsol\/posts\/10157025738261139\" title=\"Ir a la publicaci\u00f3n\" target=\"_blank\" class=\"btn js-gtm--social\" data-socialnetwork=\"Facebook\" data-socialaction=\"View\" data-socialtarget=\"promo - mm93theartist - subasta 1 Brave Heart\" rel=\"noopener\">Ir a la publicaci\u00f3n<\/a><\/p>\n<\/div>\n<\/div>\n<\/div>\n<\/div>\n<div id=\"facebook02\" class=\"modal\">\n<div class=\"fixed\"><\/div>\n<div class=\"modal__container\">\n\t\t<span>\u00d7<\/span><\/p>\n<div class=\"modal__content\">\n<div>\n<p class=\"small\">\u00a1Consigue este cuadro pintado y firmado por Marc M\u00e1rquez!<\/p>\n<p>Vete a la publicaci\u00f3n en <strong>Facebook<\/strong>, s\u00edguenos, da like y menciona a qui\u00e9n se lo regalar\u00edas y por qu\u00e9. \u00a1No te olvides de incluir el hashtag <strong class=\"orange\">#MM93TheArtist<\/strong>!<\/p>\n<p><a href=\"https:\/\/www.facebook.com\/BoxRepsol\/posts\/10157044724306139\" title=\"Ir a la publicaci\u00f3n\" target=\"_blank\" class=\"btn js-gtm--social\" data-socialnetwork=\"Facebook\" data-socialaction=\"View\" data-socialtarget=\"promo - mm93theartist - subasta 4 Give me 5\" rel=\"noopener\">Ir a la publicaci\u00f3n<\/a><\/p>\n<\/div>\n<\/div>\n<\/div>\n<\/div>\n<div id=\"twitter01\" class=\"modal\">\n<div class=\"fixed\"><\/div>\n<div class=\"modal__container\">\n\t\t<span>\u00d7<\/span><\/p>\n<div class=\"modal__content\">\n<div>\n<p class=\"small\">\u00a1Subastamos este cuadro de @MARCMARQUEZ93!<span>\u00bfQu\u00e9 t\u00edtulo le pondr\u00edas a este cuadro?<\/span><\/p>\n<p>Para conseguirlo debes ir a la publicaci\u00f3n en <strong>Twitter<\/strong>, seguirnos, dar like al tweet y comentar con el hashtag <strong class=\"orange\">#MM93TheArtist<\/strong><\/p>\n<p><a href=\"https:\/\/twitter.com\/box_repsol\/status\/1220663455369367552\" title=\"Ir a la publicaci\u00f3n\" target=\"_blank\" class=\"btn js-gtm--social\" data-socialnetwork=\"Twitter\" data-socialaction=\"View\" data-socialtarget=\"promo - mm93theartist - subasta 2 Camino a motogp\" rel=\"noopener\">Ir a la publicaci\u00f3n<\/a><\/p>\n<\/div>\n<\/div>\n<\/div>\n<\/div>\n<div id=\"twitter02\" class=\"modal\">\n<div class=\"fixed\"><\/div>\n<div class=\"modal__container\">\n\t\t<span>\u00d7<\/span><\/p>\n<div class=\"modal__content\">\n<div>\n<p class=\"small\">\u00a1Consigue este cuadro pintado y firmado por Marc M\u00e1rquez!<\/p>\n<p>Vete a la publicaci\u00f3n de <strong>Twitter<\/strong>, s\u00edguenos, da like al tweet y menciona a qui\u00e9n se lo regalar\u00edas y por qu\u00e9. \u00a1No te olvides de incluir el hashtag <strong class=\"orange\">#MM93TheArtist<\/strong>!<\/p>\n<p><a href=\"https:\/\/twitter.com\/box_repsol\/status\/1222836009890734081\" title=\"Ir a la publicaci\u00f3n\" target=\"_blank\" class=\"btn js-gtm--social\" data-socialnetwork=\"Twitter\" data-socialaction=\"View\" data-socialtarget=\"promo - mm93theartist - subasta 5 Curva 1\" rel=\"noopener\">Ir a la publicaci\u00f3n<\/a><\/p>\n<\/div>\n<\/div>\n<\/div>\n<\/div>\n<div id=\"instagram01\" class=\"modal\">\n<div class=\"fixed\"><\/div>\n<div class=\"modal__container\">\n\t\t<span>\u00d7<\/span><\/p>\n<div class=\"modal__content\">\n<div>\n<p class=\"small\">\u00a1Subastamos este cuadro de @MARCMARQUEZ93!<span>\u00bfQu\u00e9 t\u00edtulo le pondr\u00edas a este cuadro?<\/span><\/p>\n<p>Para conseguirlo debes ir a la publicaci\u00f3n en <strong>Instagram<\/strong>, seguirnos, dar like al post y comentar con el hashtag <strong class=\"orange\">#MM93TheArtist<\/strong><\/p>\n<p><a href=\"https:\/\/www.instagram.com\/p\/B7sz9Xxo_Zz\/\" title=\"Ir a la publicaci\u00f3n\" target=\"_blank\" class=\"btn js-gtm--social\" data-socialnetwork=\"Instagram\" data-socialaction=\"View\" data-socialtarget=\"promo - mm93theartist - subasta 3 Rookie del a\u00f1o\" rel=\"noopener\">Ir a la publicaci\u00f3n<\/a><\/p>\n<\/div>\n<\/div>\n<\/div>\n<\/div>\n<div id=\"instagram02\" class=\"modal\">\n<div class=\"fixed\"><\/div>\n<div class=\"modal__container\">\n\t\t<span>\u00d7<\/span><\/p>\n<div class=\"modal__content\">\n<div>\n<p class=\"small\">\u00a1Consigue este cuadro pintado y firmado por Marc M\u00e1rquez!<\/p>\n<p>Vete a la publicaci\u00f3n en <strong>Instagram<\/strong>, s\u00edguenos, da like y menciona a qui\u00e9n se lo regalar\u00edas y por qu\u00e9. \u00a1No te olvides de incluir el hashtag <strong class=\"orange\">#MM93TheArtist<\/strong>!<\/p>\n<p><a href=\"https:\/\/www.instagram.com\/p\/B78QChIo6Fu\/\" title=\"Ir a la publicaci\u00f3n\" target=\"_blank\" class=\"btn js-gtm--social\" data-socialnetwork=\"Instagram\" data-socialaction=\"View\" data-socialtarget=\"promo - mm93theartist - subasta 6 Sachseking\" rel=\"noopener\">Ir a la publicaci\u00f3n<\/a><\/p>\n<\/div>\n<\/div>\n<\/div>\n<\/div>\n<div id=\"w01\" class=\"modal\">\n<div class=\"fixed\"><\/div>\n<div class=\"modal__container\">\n\t\t<span>\u00d7<\/span><\/p>\n<div class=\"modal__content\">\n<div>\n<p>\u00bfQuieres este cuadro? Accede a nuestras sugerencias en <strong class=\"orange\">Waylet<\/strong> y ap\u00fantate al sorteo<\/p>\n<p>Si todav\u00eda no tienes <strong>Waylet<\/strong> <a href=\"https:\/\/boxrepsol.onelink.me\/N5fF\/cuadrosmarquez\" title=\"Desc\u00e1rgatela aqu\u00ed\" target=\"_blank\" rel=\"noopener\">desc\u00e1rgatela aqu\u00ed<\/a><\/p>\n<\/div>\n<\/div>\n<\/div>\n<\/div>\n<div id=\"w02\" class=\"modal\">\n<div class=\"fixed\"><\/div>\n<div class=\"modal__container\">\n\t\t<span>\u00d7<\/span><\/p>\n<div class=\"modal__content\">\n<div>\n<p>\u00bfQuieres este cuadro? Accede a nuestras sugerencias en <strong class=\"orange\">Waylet<\/strong> y ap\u00fantate al sorteo<\/p>\n<p>Si todav\u00eda no tienes <strong>Waylet<\/strong> <a href=\"https:\/\/boxrepsol.onelink.me\/N5fF\/cuadrosmarquez\" title=\"Desc\u00e1rgatela aqu\u00ed\" target=\"_blank\" rel=\"noopener\">desc\u00e1rgatela aqu\u00ed<\/a><\/p>\n<\/div>\n<\/div>\n<\/div>\n<\/div>\n<div class=\"museum\">\n<div class=\"img\">\n\t\t<img decoding=\"async\" src=\"https:\/\/www.boxrepsol.com\/wp-content\/themes\/theme-boxrepsol-child\/static\/images\/landing-motoarte\/mm93theartist-marc-marquez-firma-lienzo.jpg\" srcset=\"[asset file='images\/landing-motoarte\/mm93theartist-marc-marquez-firma-lienzo.jpg'] 600w,\n\t                [asset file='images\/landing-motoarte\/mm93theartist-marc-marquez-firma-lienzo.jpg']\" alt=\"#MM93THEARTIST\" title=\"Marc M\u00e1rquez firmando los cuadros\"><\/div>\n<div class=\"txt\">\n<div>\n<h4>Descubre la historia de cada cuadro<\/h4>\n<p><span>\u27f6<\/span><\/p>\n<\/div>\n<\/div>\n<\/div>\n","protected":false},"excerpt":{"rendered":"<p>#MM93THEARTIST Ver v\u00eddeo As\u00ed fue la inauguraci\u00f3n en Facebook Live \u00a1Decora tu casa con un cuadro hecho por Marc M\u00e1rquez! Ya tenemos los 6 ganadores de nuestras redes sociales y los 2 ganadores de Waylet. Subastas en Facebook \u00a1Enhorabuena! Antonio Calder\u00f3n \u00a1Enhorabuena! Monse Cuenca Subastas en Twitter \u00a1Enhorabuena! @pajarin34 \u00a1Enhorabuena! @Kboltio Subastas en Instagram \u00a1Enhorabuena! [&hellip;]<\/p>\n","protected":false},"author":1,"featured_media":0,"parent":0,"menu_order":0,"comment_status":"closed","ping_status":"closed","template":"","meta":{"footnotes":""},"class_list":["post-4030","page","type-page","status-publish","hentry"],"yoast_head":"<!-- This site is optimized with the Yoast SEO plugin v27.3 - https:\/\/yoast.com\/product\/yoast-seo-wordpress\/ -->\n<title>Marc M\u00e1rquez 93 Artista - Box Repsol<\/title>\n<link rel=\"canonical\" href=\"https:\/\/www.boxrepsol.com\/es\/marc-marquez-93-artista\/\" \/>\n<meta property=\"og:locale\" content=\"es_ES\" \/>\n<meta property=\"og:type\" content=\"article\" \/>\n<meta property=\"og:title\" content=\"Marc M\u00e1rquez 93 Artista - Box Repsol\" \/>\n<meta property=\"og:description\" content=\"#MM93THEARTIST Ver v\u00eddeo As\u00ed fue la inauguraci\u00f3n en Facebook Live \u00a1Decora tu casa con un cuadro hecho por Marc M\u00e1rquez! Ya tenemos los 6 ganadores de nuestras redes sociales y los 2 ganadores de Waylet. Subastas en Facebook \u00a1Enhorabuena! Antonio Calder\u00f3n \u00a1Enhorabuena! Monse Cuenca Subastas en Twitter \u00a1Enhorabuena! @pajarin34 \u00a1Enhorabuena! @Kboltio Subastas en Instagram \u00a1Enhorabuena! [&hellip;]\" \/>\n<meta property=\"og:url\" content=\"https:\/\/www.boxrepsol.com\/es\/marc-marquez-93-artista\/\" \/>\n<meta property=\"og:site_name\" content=\"Box Repsol\" \/>\n<meta property=\"article:publisher\" content=\"https:\/\/www.facebook.com\/BoxRepsol\" \/>\n<meta property=\"article:modified_time\" content=\"2023-11-30T12:16:38+00:00\" \/>\n<meta name=\"twitter:card\" content=\"summary_large_image\" \/>\n<meta name=\"twitter:site\" content=\"@box_repsol\" \/>\n<meta name=\"twitter:label1\" content=\"Est. reading time\" \/>\n\t<meta name=\"twitter:data1\" content=\"2 minutos\" \/>\n<script type=\"application\/ld+json\" class=\"yoast-schema-graph\">{\"@context\":\"https:\\\/\\\/schema.org\",\"@graph\":[{\"@type\":\"WebPage\",\"@id\":\"https:\\\/\\\/www.boxrepsol.com\\\/es\\\/marc-marquez-93-artista\\\/\",\"url\":\"https:\\\/\\\/www.boxrepsol.com\\\/es\\\/marc-marquez-93-artista\\\/\",\"name\":\"Marc M\u00e1rquez 93 Artista - Box Repsol\",\"isPartOf\":{\"@id\":\"https:\\\/\\\/www.boxrepsol.com\\\/es\\\/#website\"},\"datePublished\":\"2020-01-21T02:00:00+00:00\",\"dateModified\":\"2023-11-30T12:16:38+00:00\",\"breadcrumb\":{\"@id\":\"https:\\\/\\\/www.boxrepsol.com\\\/es\\\/marc-marquez-93-artista\\\/#breadcrumb\"},\"inLanguage\":\"es\",\"potentialAction\":[{\"@type\":\"ReadAction\",\"target\":[\"https:\\\/\\\/www.boxrepsol.com\\\/es\\\/marc-marquez-93-artista\\\/\"]}]},{\"@type\":\"BreadcrumbList\",\"@id\":\"https:\\\/\\\/www.boxrepsol.com\\\/es\\\/marc-marquez-93-artista\\\/#breadcrumb\",\"itemListElement\":[{\"@type\":\"ListItem\",\"position\":1,\"name\":\"Home\",\"item\":\"https:\\\/\\\/www.boxrepsol.com\\\/es\\\/\"},{\"@type\":\"ListItem\",\"position\":2,\"name\":\"Marc M\u00e1rquez 93 Artista\"}]},{\"@type\":\"WebSite\",\"@id\":\"https:\\\/\\\/www.boxrepsol.com\\\/es\\\/#website\",\"url\":\"https:\\\/\\\/www.boxrepsol.com\\\/es\\\/\",\"name\":\"Box Repsol\",\"description\":\"Box Repsol Site\",\"publisher\":{\"@id\":\"https:\\\/\\\/www.boxrepsol.com\\\/es\\\/#organization\"},\"potentialAction\":[{\"@type\":\"SearchAction\",\"target\":{\"@type\":\"EntryPoint\",\"urlTemplate\":\"https:\\\/\\\/www.boxrepsol.com\\\/es\\\/?s={search_term_string}\"},\"query-input\":{\"@type\":\"PropertyValueSpecification\",\"valueRequired\":true,\"valueName\":\"search_term_string\"}}],\"inLanguage\":\"es\"},{\"@type\":\"Organization\",\"@id\":\"https:\\\/\\\/www.boxrepsol.com\\\/es\\\/#organization\",\"name\":\"Box Repsol\",\"url\":\"https:\\\/\\\/www.boxrepsol.com\\\/es\\\/\",\"logo\":{\"@type\":\"ImageObject\",\"inLanguage\":\"es\",\"@id\":\"https:\\\/\\\/www.boxrepsol.com\\\/es\\\/#\\\/schema\\\/logo\\\/image\\\/\",\"url\":\"https:\\\/\\\/bxrepsol.s3.eu-west-1.amazonaws.com\\\/static\\\/2025\\\/07\\\/30083337\\\/favicon-96x96-1.png\",\"contentUrl\":\"https:\\\/\\\/bxrepsol.s3.eu-west-1.amazonaws.com\\\/static\\\/2025\\\/07\\\/30083337\\\/favicon-96x96-1.png\",\"width\":96,\"height\":96,\"caption\":\"Box Repsol\"},\"image\":{\"@id\":\"https:\\\/\\\/www.boxrepsol.com\\\/es\\\/#\\\/schema\\\/logo\\\/image\\\/\"},\"sameAs\":[\"https:\\\/\\\/www.facebook.com\\\/BoxRepsol\",\"https:\\\/\\\/x.com\\\/box_repsol\",\"http:\\\/\\\/instagram.com\\\/box_repsol\",\"https:\\\/\\\/www.youtube.com\\\/user\\\/RepsolCompeticion\",\"https:\\\/\\\/www.flickr.com\\\/photos\\\/box_repsol\\\/\"]}]}<\/script>\n<!-- \/ Yoast SEO plugin. -->","yoast_head_json":{"title":"Marc M\u00e1rquez 93 Artista - Box Repsol","canonical":"https:\/\/www.boxrepsol.com\/es\/marc-marquez-93-artista\/","og_locale":"es_ES","og_type":"article","og_title":"Marc M\u00e1rquez 93 Artista - Box Repsol","og_description":"#MM93THEARTIST Ver v\u00eddeo As\u00ed fue la inauguraci\u00f3n en Facebook Live \u00a1Decora tu casa con un cuadro hecho por Marc M\u00e1rquez! Ya tenemos los 6 ganadores de nuestras redes sociales y los 2 ganadores de Waylet. Subastas en Facebook \u00a1Enhorabuena! Antonio Calder\u00f3n \u00a1Enhorabuena! Monse Cuenca Subastas en Twitter \u00a1Enhorabuena! @pajarin34 \u00a1Enhorabuena! @Kboltio Subastas en Instagram \u00a1Enhorabuena! [&hellip;]","og_url":"https:\/\/www.boxrepsol.com\/es\/marc-marquez-93-artista\/","og_site_name":"Box Repsol","article_publisher":"https:\/\/www.facebook.com\/BoxRepsol","article_modified_time":"2023-11-30T12:16:38+00:00","twitter_card":"summary_large_image","twitter_site":"@box_repsol","twitter_misc":{"Est. reading time":"2 minutos"},"schema":{"@context":"https:\/\/schema.org","@graph":[{"@type":"WebPage","@id":"https:\/\/www.boxrepsol.com\/es\/marc-marquez-93-artista\/","url":"https:\/\/www.boxrepsol.com\/es\/marc-marquez-93-artista\/","name":"Marc M\u00e1rquez 93 Artista - Box Repsol","isPartOf":{"@id":"https:\/\/www.boxrepsol.com\/es\/#website"},"datePublished":"2020-01-21T02:00:00+00:00","dateModified":"2023-11-30T12:16:38+00:00","breadcrumb":{"@id":"https:\/\/www.boxrepsol.com\/es\/marc-marquez-93-artista\/#breadcrumb"},"inLanguage":"es","potentialAction":[{"@type":"ReadAction","target":["https:\/\/www.boxrepsol.com\/es\/marc-marquez-93-artista\/"]}]},{"@type":"BreadcrumbList","@id":"https:\/\/www.boxrepsol.com\/es\/marc-marquez-93-artista\/#breadcrumb","itemListElement":[{"@type":"ListItem","position":1,"name":"Home","item":"https:\/\/www.boxrepsol.com\/es\/"},{"@type":"ListItem","position":2,"name":"Marc M\u00e1rquez 93 Artista"}]},{"@type":"WebSite","@id":"https:\/\/www.boxrepsol.com\/es\/#website","url":"https:\/\/www.boxrepsol.com\/es\/","name":"Box Repsol","description":"Box Repsol Site","publisher":{"@id":"https:\/\/www.boxrepsol.com\/es\/#organization"},"potentialAction":[{"@type":"SearchAction","target":{"@type":"EntryPoint","urlTemplate":"https:\/\/www.boxrepsol.com\/es\/?s={search_term_string}"},"query-input":{"@type":"PropertyValueSpecification","valueRequired":true,"valueName":"search_term_string"}}],"inLanguage":"es"},{"@type":"Organization","@id":"https:\/\/www.boxrepsol.com\/es\/#organization","name":"Box Repsol","url":"https:\/\/www.boxrepsol.com\/es\/","logo":{"@type":"ImageObject","inLanguage":"es","@id":"https:\/\/www.boxrepsol.com\/es\/#\/schema\/logo\/image\/","url":"https:\/\/bxrepsol.s3.eu-west-1.amazonaws.com\/static\/2025\/07\/30083337\/favicon-96x96-1.png","contentUrl":"https:\/\/bxrepsol.s3.eu-west-1.amazonaws.com\/static\/2025\/07\/30083337\/favicon-96x96-1.png","width":96,"height":96,"caption":"Box Repsol"},"image":{"@id":"https:\/\/www.boxrepsol.com\/es\/#\/schema\/logo\/image\/"},"sameAs":["https:\/\/www.facebook.com\/BoxRepsol","https:\/\/x.com\/box_repsol","http:\/\/instagram.com\/box_repsol","https:\/\/www.youtube.com\/user\/RepsolCompeticion","https:\/\/www.flickr.com\/photos\/box_repsol\/"]}]}},"_links":{"self":[{"href":"https:\/\/www.boxrepsol.com\/es\/wp-json\/wp\/v2\/pages\/4030","targetHints":{"allow":["GET"]}}],"collection":[{"href":"https:\/\/www.boxrepsol.com\/es\/wp-json\/wp\/v2\/pages"}],"about":[{"href":"https:\/\/www.boxrepsol.com\/es\/wp-json\/wp\/v2\/types\/page"}],"author":[{"embeddable":true,"href":"https:\/\/www.boxrepsol.com\/es\/wp-json\/wp\/v2\/users\/1"}],"replies":[{"embeddable":true,"href":"https:\/\/www.boxrepsol.com\/es\/wp-json\/wp\/v2\/comments?post=4030"}],"version-history":[{"count":20,"href":"https:\/\/www.boxrepsol.com\/es\/wp-json\/wp\/v2\/pages\/4030\/revisions"}],"predecessor-version":[{"id":108021,"href":"https:\/\/www.boxrepsol.com\/es\/wp-json\/wp\/v2\/pages\/4030\/revisions\/108021"}],"wp:attachment":[{"href":"https:\/\/www.boxrepsol.com\/es\/wp-json\/wp\/v2\/media?parent=4030"}],"curies":[{"name":"wp","href":"https:\/\/api.w.org\/{rel}","templated":true}]}}