{"id":3960,"date":"2018-09-11T00:00:00","date_gmt":"2018-09-11T02:00:00","guid":{"rendered":"http:\/\/pre.boxrepsol.com\/edge-540-v2\/"},"modified":"2023-11-13T14:27:43","modified_gmt":"2023-11-13T16:27:43","slug":"edge-540-v2","status":"publish","type":"page","link":"https:\/\/www.boxrepsol.com\/es\/equipo-repsol\/edge-540-v2\/","title":{"rendered":"EDGE 540 V2"},"content":{"rendered":"<div class=\"container\" id=\"aviones\">\n<div class=\"bloque01\">\n<div class=\"contTxt\">\n<h1><span>EDGE<\/span> 540 V2<\/h1>\n<h2>El avi\u00f3n de Juan Velarde<\/h2>\n<p>Fabricado en carbono y materiales compuestos, el Edge 540 es un avi\u00f3n muy preciso, controlable y agresivo. Su maniobrabilidad y potencia hacen que sea uno de los aviones favoritos de los pilotos de Red Bull Air Race.<\/p>\n<\/div>\n<\/div>\n<div class=\"bloque02 bloque\">\n<div class=\"contTxt\">\n<h2>Medidas<\/h2>\n<ul>\n<li><strong>Longitud:<\/strong> 6,3 m<\/li>\n<li><strong>Envergadura:<\/strong> 7,44 m<\/li>\n<li><strong>Superficie alar:<\/strong> 9,1 m<sup>2<\/sup><\/li>\n<li><strong>Altura:<\/strong> 2,8 m<\/li>\n<\/ul>\n<h2>Peso<\/h2>\n<ul>\n<li><strong class=\"block\">Peso en vac\u00edo:<\/strong> Sobre 524 Kg<\/li>\n<li><strong class=\"block\">Peso en vuelo:<\/strong> Aproximadamente 700 Kg<\/li>\n<\/ul>\n<\/div>\n<\/div>\n<div class=\"bloque03 bloque\">\n<div class=\"contTxt\">\n<h2>Motor y rendimiento<\/h2>\n<ul>\n<li><strong class=\"block\">Motor:<\/strong> Lycoming Thunderbolt AEIO-540-EXP<\/li>\n<li><strong class=\"block\">Tipo de motor:<\/strong> 6 cilindros opuestos, 8874cc, refrigerados por aire, preparado para vuelo acrob\u00e1tico<\/li>\n<li><strong class=\"block\">Potencia:<\/strong> 320 CV a 2950 rpm<\/li>\n<li><strong class=\"block\">Velocidad de balanceo:<\/strong> Hasta 420\u00ba por segundo<\/li>\n<li><strong class=\"block\">Tasa de ascenso:<\/strong> Hasta 3700 pies por minuto (1127m\/m)<\/li>\n<li><strong class=\"block\">Velocidad m\u00e1xima:<\/strong> Superior a 230 nudos (426 Km\/h)<\/li>\n<li><strong class=\"block\">M\u00e1ximos G:<\/strong> Hasta 15G<\/li>\n<li><strong class=\"block\">H\u00e9lice:<\/strong> Hartzell 7690 de 3 palas<\/li>\n<\/ul>\n<\/div>\n<\/div>\n<div class=\"bloque04 bloque\">\n<div class=\"contTxt\">\n<h2>Estructura<\/h2>\n<ul>\n<li><strong class=\"block\">Bastidor:<\/strong> Tubo de acero<\/li>\n<li><strong class=\"block\">Fuselaje:<\/strong> Fibra de carbono<\/li>\n<li><strong class=\"block\">Dep\u00f3sitos de combustible:<\/strong> 72 l en el fuselaje, 166 l en las alas<\/li>\n<li><strong class=\"block\">Dise\u00f1o del ala:<\/strong> Sim\u00e9trica de borde recto no convencional en fibra de carbono<\/li>\n<\/ul>\n<\/div>\n<\/div>\n<\/div>\n\n<div class=\"noticias-relacionadas\">\n    <p class=\"entry-title\">M\u00e1s Box Repsol...<\/p>\n    <div class=\"hentries\" id=\"js-top-entry-container\">\n        <div class=\"hentries__grid row\">\n                            <div class=\"col-12 col-md-4\">\n                    <div class=\"hentry\">\r\n    <a href=\"https:\/\/www.boxrepsol.com\/es\/cultura-motera\/tipos-carnet-moto-explicados-uno-por-uno\/\"\r\n        title=\"\u00bfQu\u00e9 tipos de carnet de moto hay y c\u00f3mo conseguirlos?\" class=\"hentry__body\">\r\n        <div class=\"hentry__thumbnail loaded\">\r\n            <img loading=\"lazy\" decoding=\"async\" width=\"1280\" height=\"600\" src=\"https:\/\/bxrepsol.s3.eu-west-1.amazonaws.com\/static\/2022\/08\/29084319\/adolescente-sentado-junto-a-su-moto-de-50cc-1.jpg\" class=\"attachment-post-thumbnail size-post-thumbnail wp-post-image\" alt=\"joven junto a su primera moto de 50 cc\" srcset=\"https:\/\/bxrepsol.s3.eu-west-1.amazonaws.com\/static\/2022\/08\/29084319\/adolescente-sentado-junto-a-su-moto-de-50cc-1.jpg 1280w, https:\/\/bxrepsol.s3.eu-west-1.amazonaws.com\/static\/2022\/08\/29084319\/adolescente-sentado-junto-a-su-moto-de-50cc-1-300x141.jpg 300w, https:\/\/bxrepsol.s3.eu-west-1.amazonaws.com\/static\/2022\/08\/29084319\/adolescente-sentado-junto-a-su-moto-de-50cc-1-1024x480.jpg 1024w, https:\/\/bxrepsol.s3.eu-west-1.amazonaws.com\/static\/2022\/08\/29084319\/adolescente-sentado-junto-a-su-moto-de-50cc-1-768x360.jpg 768w\" sizes=\"auto, (max-width: 1280px) 100vw, 1280px\" \/>            <div class=\"hentry__thumbnail-ratio\"><\/div>\r\n        <\/div>\r\n        <div class=\"hentry__content\">\r\n            <div class=\"hentry__title\">\r\n                                    <h3 class=\"title-post\">\u00bfQu\u00e9 tipos de carnet de moto hay y c\u00f3mo conseguirlos?<\/h3>\r\n                            <\/div>\r\n        <\/div>\r\n    <\/a>\r\n<\/div>\r\n                <\/div>\n                            <div class=\"col-12 col-md-4\">\n                    <div class=\"hentry\">\r\n    <a href=\"https:\/\/www.boxrepsol.com\/es\/cultura-motera\/15-chistes-sobre-motos-que-igual-no-conocias\/\"\r\n        title=\"15 chistes sobre motos que igual no conoc\u00edas\" class=\"hentry__body\">\r\n        <div class=\"hentry__thumbnail loaded\">\r\n            <img loading=\"lazy\" decoding=\"async\" width=\"1280\" height=\"600\" src=\"https:\/\/bxrepsol.s3.eu-west-1.amazonaws.com\/static\/2023\/02\/24095734\/header-15-CHISTES-SOBRE-MOTOS1.jpg\" class=\"attachment-post-thumbnail size-post-thumbnail wp-post-image\" alt=\"joaquin-y-marc-riendo-en-encuentro-en-madrid\" srcset=\"https:\/\/bxrepsol.s3.eu-west-1.amazonaws.com\/static\/2023\/02\/24095734\/header-15-CHISTES-SOBRE-MOTOS1.jpg 1280w, https:\/\/bxrepsol.s3.eu-west-1.amazonaws.com\/static\/2023\/02\/24095734\/header-15-CHISTES-SOBRE-MOTOS1-300x141.jpg 300w, https:\/\/bxrepsol.s3.eu-west-1.amazonaws.com\/static\/2023\/02\/24095734\/header-15-CHISTES-SOBRE-MOTOS1-1024x480.jpg 1024w, https:\/\/bxrepsol.s3.eu-west-1.amazonaws.com\/static\/2023\/02\/24095734\/header-15-CHISTES-SOBRE-MOTOS1-768x360.jpg 768w\" sizes=\"auto, (max-width: 1280px) 100vw, 1280px\" \/>            <div class=\"hentry__thumbnail-ratio\"><\/div>\r\n        <\/div>\r\n        <div class=\"hentry__content\">\r\n            <div class=\"hentry__title\">\r\n                                    <h3 class=\"title-post\">15 chistes sobre motos que igual no conoc\u00edas<\/h3>\r\n                            <\/div>\r\n        <\/div>\r\n    <\/a>\r\n<\/div>\r\n                <\/div>\n                            <div class=\"col-12 col-md-4\">\n                    <div class=\"hentry\">\r\n    <a href=\"https:\/\/www.boxrepsol.com\/es\/cultura-motera\/chaleco-reflectante-obligatorio-moto\/\"\r\n        title=\"\u00bfCu\u00e1ndo es obligatorio llevar un chaleco reflectante en la moto?\" class=\"hentry__body\">\r\n        <div class=\"hentry__thumbnail loaded\">\r\n            <img loading=\"lazy\" decoding=\"async\" width=\"750\" height=\"375\" src=\"https:\/\/bxrepsol.s3.eu-west-1.amazonaws.com\/static\/2024\/02\/20102551\/Foto-portada-recortada.jpg\" class=\"attachment-post-thumbnail size-post-thumbnail wp-post-image\" alt=\"Motorista con chaleco reflectante\" srcset=\"https:\/\/bxrepsol.s3.eu-west-1.amazonaws.com\/static\/2024\/02\/20102551\/Foto-portada-recortada.jpg 750w, https:\/\/bxrepsol.s3.eu-west-1.amazonaws.com\/static\/2024\/02\/20102551\/Foto-portada-recortada-300x150.jpg 300w\" sizes=\"auto, (max-width: 750px) 100vw, 750px\" \/>            <div class=\"hentry__thumbnail-ratio\"><\/div>\r\n        <\/div>\r\n        <div class=\"hentry__content\">\r\n            <div class=\"hentry__title\">\r\n                                    <h3 class=\"title-post\">\u00bfCu\u00e1ndo es obligatorio llevar un chaleco reflectante en la moto?<\/h3>\r\n                            <\/div>\r\n        <\/div>\r\n    <\/a>\r\n<\/div>\r\n                <\/div>\n                    <\/div>\n    <\/div>\n<\/div>\n","protected":false},"excerpt":{"rendered":"<p>EDGE 540 V2 El avi\u00f3n de Juan Velarde Fabricado en carbono y materiales compuestos, el Edge 540 es un avi\u00f3n muy preciso, controlable y agresivo. Su maniobrabilidad y potencia hacen que sea uno de los aviones favoritos de los pilotos de Red Bull Air Race. Medidas Longitud: 6,3 m Envergadura: 7,44 m Superficie alar: 9,1 [&hellip;]<\/p>\n","protected":false},"author":1,"featured_media":0,"parent":3905,"menu_order":0,"comment_status":"closed","ping_status":"closed","template":"","meta":{"footnotes":""},"class_list":["post-3960","page","type-page","status-publish","hentry"],"yoast_head":"<!-- This site is optimized with the Yoast SEO plugin v27.3 - https:\/\/yoast.com\/product\/yoast-seo-wordpress\/ -->\n<title>EDGE 540 V2 - Box Repsol<\/title>\n<meta name=\"description\" content=\"Descubre esta asombrosa aeronave que desaf\u00eda los l\u00edmites en competiciones de vuelo acrob\u00e1tico. Explora su tecnolog\u00eda y desempe\u00f1o.\" \/>\n<link rel=\"canonical\" href=\"https:\/\/www.boxrepsol.com\/es\/equipo-repsol\/edge-540-v2\/\" \/>\n<meta property=\"og:locale\" content=\"es_ES\" \/>\n<meta property=\"og:type\" content=\"article\" \/>\n<meta property=\"og:title\" content=\"EDGE 540 V2 - Box Repsol\" \/>\n<meta property=\"og:description\" content=\"Descubre esta asombrosa aeronave que desaf\u00eda los l\u00edmites en competiciones de vuelo acrob\u00e1tico. Explora su tecnolog\u00eda y desempe\u00f1o.\" \/>\n<meta property=\"og:url\" content=\"https:\/\/www.boxrepsol.com\/es\/equipo-repsol\/edge-540-v2\/\" \/>\n<meta property=\"og:site_name\" content=\"Box Repsol\" \/>\n<meta property=\"article:publisher\" content=\"https:\/\/www.facebook.com\/BoxRepsol\" \/>\n<meta property=\"article:modified_time\" content=\"2023-11-13T16:27:43+00:00\" \/>\n<meta name=\"twitter:card\" content=\"summary_large_image\" \/>\n<meta name=\"twitter:site\" content=\"@box_repsol\" \/>\n<meta name=\"twitter:label1\" content=\"Est. reading time\" \/>\n\t<meta name=\"twitter:data1\" content=\"1 minuto\" \/>\n<script type=\"application\/ld+json\" class=\"yoast-schema-graph\">{\"@context\":\"https:\\\/\\\/schema.org\",\"@graph\":[{\"@type\":\"WebPage\",\"@id\":\"https:\\\/\\\/www.boxrepsol.com\\\/es\\\/equipo-repsol\\\/edge-540-v2\\\/\",\"url\":\"https:\\\/\\\/www.boxrepsol.com\\\/es\\\/equipo-repsol\\\/edge-540-v2\\\/\",\"name\":\"EDGE 540 V2 - Box Repsol\",\"isPartOf\":{\"@id\":\"https:\\\/\\\/www.boxrepsol.com\\\/es\\\/#website\"},\"datePublished\":\"2018-09-11T02:00:00+00:00\",\"dateModified\":\"2023-11-13T16:27:43+00:00\",\"description\":\"Descubre esta asombrosa aeronave que desaf\u00eda los l\u00edmites en competiciones de vuelo acrob\u00e1tico. Explora su tecnolog\u00eda y desempe\u00f1o.\",\"breadcrumb\":{\"@id\":\"https:\\\/\\\/www.boxrepsol.com\\\/es\\\/equipo-repsol\\\/edge-540-v2\\\/#breadcrumb\"},\"inLanguage\":\"es\",\"potentialAction\":[{\"@type\":\"ReadAction\",\"target\":[\"https:\\\/\\\/www.boxrepsol.com\\\/es\\\/equipo-repsol\\\/edge-540-v2\\\/\"]}]},{\"@type\":\"BreadcrumbList\",\"@id\":\"https:\\\/\\\/www.boxrepsol.com\\\/es\\\/equipo-repsol\\\/edge-540-v2\\\/#breadcrumb\",\"itemListElement\":[{\"@type\":\"ListItem\",\"position\":1,\"name\":\"Home\",\"item\":\"https:\\\/\\\/www.boxrepsol.com\\\/es\\\/\"},{\"@type\":\"ListItem\",\"position\":2,\"name\":\"Equipo Repsol\",\"item\":\"https:\\\/\\\/www.boxrepsol.com\\\/es\\\/equipo-repsol\\\/\"},{\"@type\":\"ListItem\",\"position\":3,\"name\":\"EDGE 540 V2\"}]},{\"@type\":\"WebSite\",\"@id\":\"https:\\\/\\\/www.boxrepsol.com\\\/es\\\/#website\",\"url\":\"https:\\\/\\\/www.boxrepsol.com\\\/es\\\/\",\"name\":\"Box Repsol\",\"description\":\"Box Repsol Site\",\"publisher\":{\"@id\":\"https:\\\/\\\/www.boxrepsol.com\\\/es\\\/#organization\"},\"potentialAction\":[{\"@type\":\"SearchAction\",\"target\":{\"@type\":\"EntryPoint\",\"urlTemplate\":\"https:\\\/\\\/www.boxrepsol.com\\\/es\\\/?s={search_term_string}\"},\"query-input\":{\"@type\":\"PropertyValueSpecification\",\"valueRequired\":true,\"valueName\":\"search_term_string\"}}],\"inLanguage\":\"es\"},{\"@type\":\"Organization\",\"@id\":\"https:\\\/\\\/www.boxrepsol.com\\\/es\\\/#organization\",\"name\":\"Box Repsol\",\"url\":\"https:\\\/\\\/www.boxrepsol.com\\\/es\\\/\",\"logo\":{\"@type\":\"ImageObject\",\"inLanguage\":\"es\",\"@id\":\"https:\\\/\\\/www.boxrepsol.com\\\/es\\\/#\\\/schema\\\/logo\\\/image\\\/\",\"url\":\"https:\\\/\\\/bxrepsol.s3.eu-west-1.amazonaws.com\\\/static\\\/2025\\\/07\\\/30083337\\\/favicon-96x96-1.png\",\"contentUrl\":\"https:\\\/\\\/bxrepsol.s3.eu-west-1.amazonaws.com\\\/static\\\/2025\\\/07\\\/30083337\\\/favicon-96x96-1.png\",\"width\":96,\"height\":96,\"caption\":\"Box Repsol\"},\"image\":{\"@id\":\"https:\\\/\\\/www.boxrepsol.com\\\/es\\\/#\\\/schema\\\/logo\\\/image\\\/\"},\"sameAs\":[\"https:\\\/\\\/www.facebook.com\\\/BoxRepsol\",\"https:\\\/\\\/x.com\\\/box_repsol\",\"http:\\\/\\\/instagram.com\\\/box_repsol\",\"https:\\\/\\\/www.youtube.com\\\/user\\\/RepsolCompeticion\",\"https:\\\/\\\/www.flickr.com\\\/photos\\\/box_repsol\\\/\"]}]}<\/script>\n<!-- \/ Yoast SEO plugin. -->","yoast_head_json":{"title":"EDGE 540 V2 - Box Repsol","description":"Descubre esta asombrosa aeronave que desaf\u00eda los l\u00edmites en competiciones de vuelo acrob\u00e1tico. Explora su tecnolog\u00eda y desempe\u00f1o.","canonical":"https:\/\/www.boxrepsol.com\/es\/equipo-repsol\/edge-540-v2\/","og_locale":"es_ES","og_type":"article","og_title":"EDGE 540 V2 - Box Repsol","og_description":"Descubre esta asombrosa aeronave que desaf\u00eda los l\u00edmites en competiciones de vuelo acrob\u00e1tico. Explora su tecnolog\u00eda y desempe\u00f1o.","og_url":"https:\/\/www.boxrepsol.com\/es\/equipo-repsol\/edge-540-v2\/","og_site_name":"Box Repsol","article_publisher":"https:\/\/www.facebook.com\/BoxRepsol","article_modified_time":"2023-11-13T16:27:43+00:00","twitter_card":"summary_large_image","twitter_site":"@box_repsol","twitter_misc":{"Est. reading time":"1 minuto"},"schema":{"@context":"https:\/\/schema.org","@graph":[{"@type":"WebPage","@id":"https:\/\/www.boxrepsol.com\/es\/equipo-repsol\/edge-540-v2\/","url":"https:\/\/www.boxrepsol.com\/es\/equipo-repsol\/edge-540-v2\/","name":"EDGE 540 V2 - Box Repsol","isPartOf":{"@id":"https:\/\/www.boxrepsol.com\/es\/#website"},"datePublished":"2018-09-11T02:00:00+00:00","dateModified":"2023-11-13T16:27:43+00:00","description":"Descubre esta asombrosa aeronave que desaf\u00eda los l\u00edmites en competiciones de vuelo acrob\u00e1tico. Explora su tecnolog\u00eda y desempe\u00f1o.","breadcrumb":{"@id":"https:\/\/www.boxrepsol.com\/es\/equipo-repsol\/edge-540-v2\/#breadcrumb"},"inLanguage":"es","potentialAction":[{"@type":"ReadAction","target":["https:\/\/www.boxrepsol.com\/es\/equipo-repsol\/edge-540-v2\/"]}]},{"@type":"BreadcrumbList","@id":"https:\/\/www.boxrepsol.com\/es\/equipo-repsol\/edge-540-v2\/#breadcrumb","itemListElement":[{"@type":"ListItem","position":1,"name":"Home","item":"https:\/\/www.boxrepsol.com\/es\/"},{"@type":"ListItem","position":2,"name":"Equipo Repsol","item":"https:\/\/www.boxrepsol.com\/es\/equipo-repsol\/"},{"@type":"ListItem","position":3,"name":"EDGE 540 V2"}]},{"@type":"WebSite","@id":"https:\/\/www.boxrepsol.com\/es\/#website","url":"https:\/\/www.boxrepsol.com\/es\/","name":"Box Repsol","description":"Box Repsol Site","publisher":{"@id":"https:\/\/www.boxrepsol.com\/es\/#organization"},"potentialAction":[{"@type":"SearchAction","target":{"@type":"EntryPoint","urlTemplate":"https:\/\/www.boxrepsol.com\/es\/?s={search_term_string}"},"query-input":{"@type":"PropertyValueSpecification","valueRequired":true,"valueName":"search_term_string"}}],"inLanguage":"es"},{"@type":"Organization","@id":"https:\/\/www.boxrepsol.com\/es\/#organization","name":"Box Repsol","url":"https:\/\/www.boxrepsol.com\/es\/","logo":{"@type":"ImageObject","inLanguage":"es","@id":"https:\/\/www.boxrepsol.com\/es\/#\/schema\/logo\/image\/","url":"https:\/\/bxrepsol.s3.eu-west-1.amazonaws.com\/static\/2025\/07\/30083337\/favicon-96x96-1.png","contentUrl":"https:\/\/bxrepsol.s3.eu-west-1.amazonaws.com\/static\/2025\/07\/30083337\/favicon-96x96-1.png","width":96,"height":96,"caption":"Box Repsol"},"image":{"@id":"https:\/\/www.boxrepsol.com\/es\/#\/schema\/logo\/image\/"},"sameAs":["https:\/\/www.facebook.com\/BoxRepsol","https:\/\/x.com\/box_repsol","http:\/\/instagram.com\/box_repsol","https:\/\/www.youtube.com\/user\/RepsolCompeticion","https:\/\/www.flickr.com\/photos\/box_repsol\/"]}]}},"_links":{"self":[{"href":"https:\/\/www.boxrepsol.com\/es\/wp-json\/wp\/v2\/pages\/3960","targetHints":{"allow":["GET"]}}],"collection":[{"href":"https:\/\/www.boxrepsol.com\/es\/wp-json\/wp\/v2\/pages"}],"about":[{"href":"https:\/\/www.boxrepsol.com\/es\/wp-json\/wp\/v2\/types\/page"}],"author":[{"embeddable":true,"href":"https:\/\/www.boxrepsol.com\/es\/wp-json\/wp\/v2\/users\/1"}],"replies":[{"embeddable":true,"href":"https:\/\/www.boxrepsol.com\/es\/wp-json\/wp\/v2\/comments?post=3960"}],"version-history":[{"count":3,"href":"https:\/\/www.boxrepsol.com\/es\/wp-json\/wp\/v2\/pages\/3960\/revisions"}],"predecessor-version":[{"id":70735,"href":"https:\/\/www.boxrepsol.com\/es\/wp-json\/wp\/v2\/pages\/3960\/revisions\/70735"}],"up":[{"embeddable":true,"href":"https:\/\/www.boxrepsol.com\/es\/wp-json\/wp\/v2\/pages\/3905"}],"wp:attachment":[{"href":"https:\/\/www.boxrepsol.com\/es\/wp-json\/wp\/v2\/media?parent=3960"}],"curies":[{"name":"wp","href":"https:\/\/api.w.org\/{rel}","templated":true}]}}