{"id":3954,"date":"2018-09-11T00:00:00","date_gmt":"2018-09-11T02:00:00","guid":{"rendered":"http:\/\/pre.boxrepsol.com\/honda-rc-213v\/"},"modified":"2024-02-22T14:11:15","modified_gmt":"2024-02-22T16:11:15","slug":"honda-rc-213v","status":"publish","type":"page","link":"https:\/\/www.boxrepsol.com\/es\/equipo-repsol\/honda-rc-213v\/","title":{"rendered":"Honda RC 213V"},"content":{"rendered":"\n<h1 class=\"wp-block-heading\">Honda RC 213 V<\/h1>\n\n\n<figure class=\"wp-block-post-featured-image\"><img loading=\"lazy\" decoding=\"async\" width=\"1926\" height=\"822\" src=\"https:\/\/bxrepsol.s3.eu-west-1.amazonaws.com\/static\/2024\/02\/22141045\/2024-Honda-RC213V-4.jpg\" class=\"attachment-post-thumbnail size-post-thumbnail wp-post-image\" alt=\"\" style=\"object-fit:fill;\" srcset=\"https:\/\/bxrepsol.s3.eu-west-1.amazonaws.com\/static\/2024\/02\/22141045\/2024-Honda-RC213V-4.jpg 1926w, https:\/\/bxrepsol.s3.eu-west-1.amazonaws.com\/static\/2024\/02\/22141045\/2024-Honda-RC213V-4-300x128.jpg 300w, https:\/\/bxrepsol.s3.eu-west-1.amazonaws.com\/static\/2024\/02\/22141045\/2024-Honda-RC213V-4-1024x437.jpg 1024w, https:\/\/bxrepsol.s3.eu-west-1.amazonaws.com\/static\/2024\/02\/22141045\/2024-Honda-RC213V-4-768x328.jpg 768w, https:\/\/bxrepsol.s3.eu-west-1.amazonaws.com\/static\/2024\/02\/22141045\/2024-Honda-RC213V-4-1536x656.jpg 1536w\" sizes=\"auto, (max-width: 1926px) 100vw, 1926px\" \/><\/figure>\n\n<div class=\"datosPiloto\">&nbsp;<\/div>\n<div class=\"palmares\">\n<div class=\"contDatos\">\n<h2>Especificaci\u00f3n t\u00e9cnica<\/h2>\n<ul>\n<li>Longitud total (mm) <span class=\"numero grande\">2052<\/span><\/li>\n<li>Anchura total (mm) <span class=\"numero grande\">645<\/span><\/li>\n<li>Altura total (mm) <span class=\"numero grande\">1,110<\/span><\/li>\n<li>Distancia entre ejes (mm) <span class=\"numero grande\">1,435<\/span><\/li>\n<li>Distancia m\u00ednima al suelo <span class=\"numero grande\">115<\/span><\/li>\n<li>Cilindrada <span class=\"numero grande\">1000<\/span><\/li>\n<li>Rueda delantera (pulgadas) <span class=\"numero grande\">17<\/span><\/li>\n<li>Rueda trasera (pulgadas) <span class=\"numero grande\">17<\/span><\/li>\n<li>Capacidad del dep\u00f3sito de combustible (litros) <span class=\"numero grande\">22<\/span><\/li>\n<li>Peso (kg) <span class=\"numero grande\"><span class=\"peq\">Conforme a las normas FIM<\/span><\/span><\/li>\n<li>Tipo de motor <span class=\"numero grande\"><span class=\"peq\">V-4, cuatro tiempos, DOHC de 4 v\u00e1lvulas, refrigerado por l\u00edquido<\/span><\/span><\/li>\n<li>Potencia m\u00e1xima <span class=\"numero grande\"><span class=\"peq\">Superior a 240 CV<\/span><\/span><\/li>\n<li>Tipo de chasis <span class=\"numero grande\"><span class=\"peq\">Doble viga de aluminio <\/span><\/span><\/li>\n<li>Suspensi\u00f3n delantera <span class=\"numero grande\"><span class=\"peq\">Horquilla telesc\u00f3pica invertida \u00d6hlins<\/span><\/span><\/li>\n<li>Suspensi\u00f3n trasera <span class=\"numero grande\"><span class=\"peq\">Pro-link <\/span><\/span><\/li>\n<\/ul>\n<\/div>\n<\/div>\n<p><!--\n\n\n\n\n\n\n\n\n\n\n\n\n<div class=\"enlaceFlickr\">\n\n\n\n\n\n\n\n\n\n\n\n\n<h3>Las mejores im\u00e1genes<\/h3>\n\n\n\n\n\n\n\n\n\n\n\n\n<a title=\"ver las fotos en Flickr\" href=\"https:\/\/www.flickr.com\/photos\/box_repsol\/\" target=\"_blank\" rel=\"noopener\">Ver en Flickr<\/a><\/div>\n\n\n\n\n\n\n\n\n\n\n\n\n--><\/p>\n\n<div class=\"noticias-relacionadas\">\n    <p class=\"entry-title\">M\u00e1s Box Repsol...<\/p>\n    <div class=\"hentries\" id=\"js-top-entry-container\">\n        <div class=\"hentries__grid row\">\n                            <div class=\"col-12 col-md-4\">\n                    <div class=\"hentry\">\r\n    <a href=\"https:\/\/www.boxrepsol.com\/es\/cultura-motera\/tipos-carnet-moto-explicados-uno-por-uno\/\"\r\n        title=\"\u00bfQu\u00e9 tipos de carnet de moto hay y c\u00f3mo conseguirlos?\" class=\"hentry__body\">\r\n        <div class=\"hentry__thumbnail loaded\">\r\n            <img loading=\"lazy\" decoding=\"async\" width=\"1280\" height=\"600\" src=\"https:\/\/bxrepsol.s3.eu-west-1.amazonaws.com\/static\/2022\/08\/29084319\/adolescente-sentado-junto-a-su-moto-de-50cc-1.jpg\" class=\"attachment-post-thumbnail size-post-thumbnail wp-post-image\" alt=\"joven junto a su primera moto de 50 cc\" srcset=\"https:\/\/bxrepsol.s3.eu-west-1.amazonaws.com\/static\/2022\/08\/29084319\/adolescente-sentado-junto-a-su-moto-de-50cc-1.jpg 1280w, https:\/\/bxrepsol.s3.eu-west-1.amazonaws.com\/static\/2022\/08\/29084319\/adolescente-sentado-junto-a-su-moto-de-50cc-1-300x141.jpg 300w, https:\/\/bxrepsol.s3.eu-west-1.amazonaws.com\/static\/2022\/08\/29084319\/adolescente-sentado-junto-a-su-moto-de-50cc-1-1024x480.jpg 1024w, https:\/\/bxrepsol.s3.eu-west-1.amazonaws.com\/static\/2022\/08\/29084319\/adolescente-sentado-junto-a-su-moto-de-50cc-1-768x360.jpg 768w\" sizes=\"auto, (max-width: 1280px) 100vw, 1280px\" \/>            <div class=\"hentry__thumbnail-ratio\"><\/div>\r\n        <\/div>\r\n        <div class=\"hentry__content\">\r\n            <div class=\"hentry__title\">\r\n                                    <h3 class=\"title-post\">\u00bfQu\u00e9 tipos de carnet de moto hay y c\u00f3mo conseguirlos?<\/h3>\r\n                            <\/div>\r\n        <\/div>\r\n    <\/a>\r\n<\/div>\r\n                <\/div>\n                            <div class=\"col-12 col-md-4\">\n                    <div class=\"hentry\">\r\n    <a href=\"https:\/\/www.boxrepsol.com\/es\/cultura-motera\/15-chistes-sobre-motos-que-igual-no-conocias\/\"\r\n        title=\"15 chistes sobre motos que igual no conoc\u00edas\" class=\"hentry__body\">\r\n        <div class=\"hentry__thumbnail loaded\">\r\n            <img loading=\"lazy\" decoding=\"async\" width=\"1280\" height=\"600\" src=\"https:\/\/bxrepsol.s3.eu-west-1.amazonaws.com\/static\/2023\/02\/24095734\/header-15-CHISTES-SOBRE-MOTOS1.jpg\" class=\"attachment-post-thumbnail size-post-thumbnail wp-post-image\" alt=\"joaquin-y-marc-riendo-en-encuentro-en-madrid\" srcset=\"https:\/\/bxrepsol.s3.eu-west-1.amazonaws.com\/static\/2023\/02\/24095734\/header-15-CHISTES-SOBRE-MOTOS1.jpg 1280w, https:\/\/bxrepsol.s3.eu-west-1.amazonaws.com\/static\/2023\/02\/24095734\/header-15-CHISTES-SOBRE-MOTOS1-300x141.jpg 300w, https:\/\/bxrepsol.s3.eu-west-1.amazonaws.com\/static\/2023\/02\/24095734\/header-15-CHISTES-SOBRE-MOTOS1-1024x480.jpg 1024w, https:\/\/bxrepsol.s3.eu-west-1.amazonaws.com\/static\/2023\/02\/24095734\/header-15-CHISTES-SOBRE-MOTOS1-768x360.jpg 768w\" sizes=\"auto, (max-width: 1280px) 100vw, 1280px\" \/>            <div class=\"hentry__thumbnail-ratio\"><\/div>\r\n        <\/div>\r\n        <div class=\"hentry__content\">\r\n            <div class=\"hentry__title\">\r\n                                    <h3 class=\"title-post\">15 chistes sobre motos que igual no conoc\u00edas<\/h3>\r\n                            <\/div>\r\n        <\/div>\r\n    <\/a>\r\n<\/div>\r\n                <\/div>\n                            <div class=\"col-12 col-md-4\">\n                    <div class=\"hentry\">\r\n    <a href=\"https:\/\/www.boxrepsol.com\/es\/cultura-motera\/chaleco-reflectante-obligatorio-moto\/\"\r\n        title=\"\u00bfCu\u00e1ndo es obligatorio llevar un chaleco reflectante en la moto?\" class=\"hentry__body\">\r\n        <div class=\"hentry__thumbnail loaded\">\r\n            <img loading=\"lazy\" decoding=\"async\" width=\"750\" height=\"375\" src=\"https:\/\/bxrepsol.s3.eu-west-1.amazonaws.com\/static\/2024\/02\/20102551\/Foto-portada-recortada.jpg\" class=\"attachment-post-thumbnail size-post-thumbnail wp-post-image\" alt=\"Motorista con chaleco reflectante\" srcset=\"https:\/\/bxrepsol.s3.eu-west-1.amazonaws.com\/static\/2024\/02\/20102551\/Foto-portada-recortada.jpg 750w, https:\/\/bxrepsol.s3.eu-west-1.amazonaws.com\/static\/2024\/02\/20102551\/Foto-portada-recortada-300x150.jpg 300w\" sizes=\"auto, (max-width: 750px) 100vw, 750px\" \/>            <div class=\"hentry__thumbnail-ratio\"><\/div>\r\n        <\/div>\r\n        <div class=\"hentry__content\">\r\n            <div class=\"hentry__title\">\r\n                                    <h3 class=\"title-post\">\u00bfCu\u00e1ndo es obligatorio llevar un chaleco reflectante en la moto?<\/h3>\r\n                            <\/div>\r\n        <\/div>\r\n    <\/a>\r\n<\/div>\r\n                <\/div>\n                    <\/div>\n    <\/div>\n<\/div>\n","protected":false},"excerpt":{"rendered":"<p>Honda RC 213 V &nbsp; Especificaci\u00f3n t\u00e9cnica Longitud total (mm) 2052 Anchura total (mm) 645 Altura total (mm) 1,110 Distancia entre ejes (mm) 1,435 Distancia m\u00ednima al suelo 115 Cilindrada 1000 Rueda delantera (pulgadas) 17 Rueda trasera (pulgadas) 17 Capacidad del dep\u00f3sito de combustible (litros) 22 Peso (kg) Conforme a las normas FIM Tipo de [&hellip;]<\/p>\n","protected":false},"author":1,"featured_media":112515,"parent":3905,"menu_order":0,"comment_status":"closed","ping_status":"closed","template":"","meta":{"footnotes":""},"class_list":["post-3954","page","type-page","status-publish","hentry"],"yoast_head":"<!-- This site is optimized with the Yoast SEO plugin v27.3 - https:\/\/yoast.com\/product\/yoast-seo-wordpress\/ -->\n<title>Honda RC 213V - Box Repsol<\/title>\n<meta name=\"description\" content=\"Descubre la Honda RC 213 V: rendimiento de carreras, tecnolog\u00eda de vanguardia y emoci\u00f3n en cada curva todo reunido en una solo moto ic\u00f3nica.\" \/>\n<link rel=\"canonical\" href=\"https:\/\/www.boxrepsol.com\/es\/equipo-repsol\/honda-rc-213v\/\" \/>\n<meta property=\"og:locale\" content=\"es_ES\" \/>\n<meta property=\"og:type\" content=\"article\" \/>\n<meta property=\"og:title\" content=\"Honda RC 213V - Box Repsol\" \/>\n<meta property=\"og:description\" content=\"Descubre la Honda RC 213 V: rendimiento de carreras, tecnolog\u00eda de vanguardia y emoci\u00f3n en cada curva todo reunido en una solo moto ic\u00f3nica.\" \/>\n<meta property=\"og:url\" content=\"https:\/\/www.boxrepsol.com\/es\/equipo-repsol\/honda-rc-213v\/\" \/>\n<meta property=\"og:site_name\" content=\"Box Repsol\" \/>\n<meta property=\"article:publisher\" content=\"https:\/\/www.facebook.com\/BoxRepsol\" \/>\n<meta property=\"article:modified_time\" content=\"2024-02-22T16:11:15+00:00\" \/>\n<meta property=\"og:image\" content=\"https:\/\/bxrepsol.s3.eu-west-1.amazonaws.com\/static\/2024\/02\/22141045\/2024-Honda-RC213V-4.jpg\" \/>\n\t<meta property=\"og:image:width\" content=\"1926\" \/>\n\t<meta property=\"og:image:height\" content=\"822\" \/>\n\t<meta property=\"og:image:type\" content=\"image\/jpeg\" \/>\n<meta name=\"twitter:card\" content=\"summary_large_image\" \/>\n<meta name=\"twitter:site\" content=\"@box_repsol\" \/>\n<script type=\"application\/ld+json\" class=\"yoast-schema-graph\">{\"@context\":\"https:\\\/\\\/schema.org\",\"@graph\":[{\"@type\":\"WebPage\",\"@id\":\"https:\\\/\\\/www.boxrepsol.com\\\/es\\\/equipo-repsol\\\/honda-rc-213v\\\/\",\"url\":\"https:\\\/\\\/www.boxrepsol.com\\\/es\\\/equipo-repsol\\\/honda-rc-213v\\\/\",\"name\":\"Honda RC 213V - Box Repsol\",\"isPartOf\":{\"@id\":\"https:\\\/\\\/www.boxrepsol.com\\\/es\\\/#website\"},\"primaryImageOfPage\":{\"@id\":\"https:\\\/\\\/www.boxrepsol.com\\\/es\\\/equipo-repsol\\\/honda-rc-213v\\\/#primaryimage\"},\"image\":{\"@id\":\"https:\\\/\\\/www.boxrepsol.com\\\/es\\\/equipo-repsol\\\/honda-rc-213v\\\/#primaryimage\"},\"thumbnailUrl\":\"https:\\\/\\\/bxrepsol.s3.eu-west-1.amazonaws.com\\\/static\\\/2024\\\/02\\\/22141045\\\/2024-Honda-RC213V-4.jpg\",\"datePublished\":\"2018-09-11T02:00:00+00:00\",\"dateModified\":\"2024-02-22T16:11:15+00:00\",\"description\":\"Descubre la Honda RC 213 V: rendimiento de carreras, tecnolog\u00eda de vanguardia y emoci\u00f3n en cada curva todo reunido en una solo moto ic\u00f3nica.\",\"breadcrumb\":{\"@id\":\"https:\\\/\\\/www.boxrepsol.com\\\/es\\\/equipo-repsol\\\/honda-rc-213v\\\/#breadcrumb\"},\"inLanguage\":\"es\",\"potentialAction\":[{\"@type\":\"ReadAction\",\"target\":[\"https:\\\/\\\/www.boxrepsol.com\\\/es\\\/equipo-repsol\\\/honda-rc-213v\\\/\"]}]},{\"@type\":\"ImageObject\",\"inLanguage\":\"es\",\"@id\":\"https:\\\/\\\/www.boxrepsol.com\\\/es\\\/equipo-repsol\\\/honda-rc-213v\\\/#primaryimage\",\"url\":\"https:\\\/\\\/bxrepsol.s3.eu-west-1.amazonaws.com\\\/static\\\/2024\\\/02\\\/22141045\\\/2024-Honda-RC213V-4.jpg\",\"contentUrl\":\"https:\\\/\\\/bxrepsol.s3.eu-west-1.amazonaws.com\\\/static\\\/2024\\\/02\\\/22141045\\\/2024-Honda-RC213V-4.jpg\",\"width\":1926,\"height\":822},{\"@type\":\"BreadcrumbList\",\"@id\":\"https:\\\/\\\/www.boxrepsol.com\\\/es\\\/equipo-repsol\\\/honda-rc-213v\\\/#breadcrumb\",\"itemListElement\":[{\"@type\":\"ListItem\",\"position\":1,\"name\":\"Home\",\"item\":\"https:\\\/\\\/www.boxrepsol.com\\\/es\\\/\"},{\"@type\":\"ListItem\",\"position\":2,\"name\":\"Equipo Repsol\",\"item\":\"https:\\\/\\\/www.boxrepsol.com\\\/es\\\/equipo-repsol\\\/\"},{\"@type\":\"ListItem\",\"position\":3,\"name\":\"Honda RC 213V\"}]},{\"@type\":\"WebSite\",\"@id\":\"https:\\\/\\\/www.boxrepsol.com\\\/es\\\/#website\",\"url\":\"https:\\\/\\\/www.boxrepsol.com\\\/es\\\/\",\"name\":\"Box Repsol\",\"description\":\"Box Repsol Site\",\"publisher\":{\"@id\":\"https:\\\/\\\/www.boxrepsol.com\\\/es\\\/#organization\"},\"potentialAction\":[{\"@type\":\"SearchAction\",\"target\":{\"@type\":\"EntryPoint\",\"urlTemplate\":\"https:\\\/\\\/www.boxrepsol.com\\\/es\\\/?s={search_term_string}\"},\"query-input\":{\"@type\":\"PropertyValueSpecification\",\"valueRequired\":true,\"valueName\":\"search_term_string\"}}],\"inLanguage\":\"es\"},{\"@type\":\"Organization\",\"@id\":\"https:\\\/\\\/www.boxrepsol.com\\\/es\\\/#organization\",\"name\":\"Box Repsol\",\"url\":\"https:\\\/\\\/www.boxrepsol.com\\\/es\\\/\",\"logo\":{\"@type\":\"ImageObject\",\"inLanguage\":\"es\",\"@id\":\"https:\\\/\\\/www.boxrepsol.com\\\/es\\\/#\\\/schema\\\/logo\\\/image\\\/\",\"url\":\"https:\\\/\\\/bxrepsol.s3.eu-west-1.amazonaws.com\\\/static\\\/2025\\\/07\\\/30083337\\\/favicon-96x96-1.png\",\"contentUrl\":\"https:\\\/\\\/bxrepsol.s3.eu-west-1.amazonaws.com\\\/static\\\/2025\\\/07\\\/30083337\\\/favicon-96x96-1.png\",\"width\":96,\"height\":96,\"caption\":\"Box Repsol\"},\"image\":{\"@id\":\"https:\\\/\\\/www.boxrepsol.com\\\/es\\\/#\\\/schema\\\/logo\\\/image\\\/\"},\"sameAs\":[\"https:\\\/\\\/www.facebook.com\\\/BoxRepsol\",\"https:\\\/\\\/x.com\\\/box_repsol\",\"http:\\\/\\\/instagram.com\\\/box_repsol\",\"https:\\\/\\\/www.youtube.com\\\/user\\\/RepsolCompeticion\",\"https:\\\/\\\/www.flickr.com\\\/photos\\\/box_repsol\\\/\"]}]}<\/script>\n<!-- \/ Yoast SEO plugin. -->","yoast_head_json":{"title":"Honda RC 213V - Box Repsol","description":"Descubre la Honda RC 213 V: rendimiento de carreras, tecnolog\u00eda de vanguardia y emoci\u00f3n en cada curva todo reunido en una solo moto ic\u00f3nica.","canonical":"https:\/\/www.boxrepsol.com\/es\/equipo-repsol\/honda-rc-213v\/","og_locale":"es_ES","og_type":"article","og_title":"Honda RC 213V - Box Repsol","og_description":"Descubre la Honda RC 213 V: rendimiento de carreras, tecnolog\u00eda de vanguardia y emoci\u00f3n en cada curva todo reunido en una solo moto ic\u00f3nica.","og_url":"https:\/\/www.boxrepsol.com\/es\/equipo-repsol\/honda-rc-213v\/","og_site_name":"Box Repsol","article_publisher":"https:\/\/www.facebook.com\/BoxRepsol","article_modified_time":"2024-02-22T16:11:15+00:00","og_image":[{"width":1926,"height":822,"url":"https:\/\/bxrepsol.s3.eu-west-1.amazonaws.com\/static\/2024\/02\/22141045\/2024-Honda-RC213V-4.jpg","type":"image\/jpeg"}],"twitter_card":"summary_large_image","twitter_site":"@box_repsol","schema":{"@context":"https:\/\/schema.org","@graph":[{"@type":"WebPage","@id":"https:\/\/www.boxrepsol.com\/es\/equipo-repsol\/honda-rc-213v\/","url":"https:\/\/www.boxrepsol.com\/es\/equipo-repsol\/honda-rc-213v\/","name":"Honda RC 213V - Box Repsol","isPartOf":{"@id":"https:\/\/www.boxrepsol.com\/es\/#website"},"primaryImageOfPage":{"@id":"https:\/\/www.boxrepsol.com\/es\/equipo-repsol\/honda-rc-213v\/#primaryimage"},"image":{"@id":"https:\/\/www.boxrepsol.com\/es\/equipo-repsol\/honda-rc-213v\/#primaryimage"},"thumbnailUrl":"https:\/\/bxrepsol.s3.eu-west-1.amazonaws.com\/static\/2024\/02\/22141045\/2024-Honda-RC213V-4.jpg","datePublished":"2018-09-11T02:00:00+00:00","dateModified":"2024-02-22T16:11:15+00:00","description":"Descubre la Honda RC 213 V: rendimiento de carreras, tecnolog\u00eda de vanguardia y emoci\u00f3n en cada curva todo reunido en una solo moto ic\u00f3nica.","breadcrumb":{"@id":"https:\/\/www.boxrepsol.com\/es\/equipo-repsol\/honda-rc-213v\/#breadcrumb"},"inLanguage":"es","potentialAction":[{"@type":"ReadAction","target":["https:\/\/www.boxrepsol.com\/es\/equipo-repsol\/honda-rc-213v\/"]}]},{"@type":"ImageObject","inLanguage":"es","@id":"https:\/\/www.boxrepsol.com\/es\/equipo-repsol\/honda-rc-213v\/#primaryimage","url":"https:\/\/bxrepsol.s3.eu-west-1.amazonaws.com\/static\/2024\/02\/22141045\/2024-Honda-RC213V-4.jpg","contentUrl":"https:\/\/bxrepsol.s3.eu-west-1.amazonaws.com\/static\/2024\/02\/22141045\/2024-Honda-RC213V-4.jpg","width":1926,"height":822},{"@type":"BreadcrumbList","@id":"https:\/\/www.boxrepsol.com\/es\/equipo-repsol\/honda-rc-213v\/#breadcrumb","itemListElement":[{"@type":"ListItem","position":1,"name":"Home","item":"https:\/\/www.boxrepsol.com\/es\/"},{"@type":"ListItem","position":2,"name":"Equipo Repsol","item":"https:\/\/www.boxrepsol.com\/es\/equipo-repsol\/"},{"@type":"ListItem","position":3,"name":"Honda RC 213V"}]},{"@type":"WebSite","@id":"https:\/\/www.boxrepsol.com\/es\/#website","url":"https:\/\/www.boxrepsol.com\/es\/","name":"Box Repsol","description":"Box Repsol Site","publisher":{"@id":"https:\/\/www.boxrepsol.com\/es\/#organization"},"potentialAction":[{"@type":"SearchAction","target":{"@type":"EntryPoint","urlTemplate":"https:\/\/www.boxrepsol.com\/es\/?s={search_term_string}"},"query-input":{"@type":"PropertyValueSpecification","valueRequired":true,"valueName":"search_term_string"}}],"inLanguage":"es"},{"@type":"Organization","@id":"https:\/\/www.boxrepsol.com\/es\/#organization","name":"Box Repsol","url":"https:\/\/www.boxrepsol.com\/es\/","logo":{"@type":"ImageObject","inLanguage":"es","@id":"https:\/\/www.boxrepsol.com\/es\/#\/schema\/logo\/image\/","url":"https:\/\/bxrepsol.s3.eu-west-1.amazonaws.com\/static\/2025\/07\/30083337\/favicon-96x96-1.png","contentUrl":"https:\/\/bxrepsol.s3.eu-west-1.amazonaws.com\/static\/2025\/07\/30083337\/favicon-96x96-1.png","width":96,"height":96,"caption":"Box Repsol"},"image":{"@id":"https:\/\/www.boxrepsol.com\/es\/#\/schema\/logo\/image\/"},"sameAs":["https:\/\/www.facebook.com\/BoxRepsol","https:\/\/x.com\/box_repsol","http:\/\/instagram.com\/box_repsol","https:\/\/www.youtube.com\/user\/RepsolCompeticion","https:\/\/www.flickr.com\/photos\/box_repsol\/"]}]}},"_links":{"self":[{"href":"https:\/\/www.boxrepsol.com\/es\/wp-json\/wp\/v2\/pages\/3954","targetHints":{"allow":["GET"]}}],"collection":[{"href":"https:\/\/www.boxrepsol.com\/es\/wp-json\/wp\/v2\/pages"}],"about":[{"href":"https:\/\/www.boxrepsol.com\/es\/wp-json\/wp\/v2\/types\/page"}],"author":[{"embeddable":true,"href":"https:\/\/www.boxrepsol.com\/es\/wp-json\/wp\/v2\/users\/1"}],"replies":[{"embeddable":true,"href":"https:\/\/www.boxrepsol.com\/es\/wp-json\/wp\/v2\/comments?post=3954"}],"version-history":[{"count":11,"href":"https:\/\/www.boxrepsol.com\/es\/wp-json\/wp\/v2\/pages\/3954\/revisions"}],"predecessor-version":[{"id":112514,"href":"https:\/\/www.boxrepsol.com\/es\/wp-json\/wp\/v2\/pages\/3954\/revisions\/112514"}],"up":[{"embeddable":true,"href":"https:\/\/www.boxrepsol.com\/es\/wp-json\/wp\/v2\/pages\/3905"}],"wp:featuredmedia":[{"embeddable":true,"href":"https:\/\/www.boxrepsol.com\/es\/wp-json\/wp\/v2\/media\/112515"}],"wp:attachment":[{"href":"https:\/\/www.boxrepsol.com\/es\/wp-json\/wp\/v2\/media?parent=3954"}],"curies":[{"name":"wp","href":"https:\/\/api.w.org\/{rel}","templated":true}]}}