{"id":3905,"date":"2018-09-11T00:00:00","date_gmt":"2018-09-11T02:00:00","guid":{"rendered":"http:\/\/pre.boxrepsol.com\/equipo-repsol\/"},"modified":"2025-05-19T10:04:57","modified_gmt":"2025-05-19T12:04:57","slug":"equipo-repsol","status":"publish","type":"page","link":"https:\/\/www.boxrepsol.com\/es\/equipo-repsol\/","title":{"rendered":"Equipo Repsol"},"content":{"rendered":"\n<div class=\"equipo-pilotos\"><nav>\n<ul>\n<li><a href=\"\/es\/equipo-repsol\/joan-mir\/\">Joan Mir<\/a><\/li>\n<li><a href=\"\/es\/equipo-repsol\/luca-marini\/\">Luca Marini<\/a><\/li>\n<li><a href=\"\/es\/equipo-repsol\/isidre-esteve\/\">Isidre Esteve<\/a><\/li>\n<li><a href=\"\/es\/equipo-repsol\/toni-bou\/\">Toni Bou<\/a><\/li>\n<li><a href=\"\/es\/equipo-repsol\/gabriel-marcelli\/\">Gabriel Marcelli<\/a><\/li>\n<li><a href=\"\/es\/equipo-repsol\/juan-velarde\/\">Juan Velarde<\/a><\/li>\n<li><a href=\"\/es\/equipo-repsol\/juan-velarde\/\">C\u00e1stor Fantoba<\/a><\/li>\n<\/ul>\n<\/nav><\/div>\n\n\n\n<div class=\"txt\">\n<div class=\"read-more_content\">\n<p>El Equipo Repsol colabora a d\u00eda de hoy en varias competiciones como los Mundiales de <strong>Trial<\/strong> y <strong>X-Trial<\/strong>, y los mundiales de <strong>Rally<\/strong> y <strong>Rally Raids<\/strong> entre otros. Apostamos fuerte por valores como <strong>el trabajo, el esfuerzo, la innovaci\u00f3n y el compromiso<\/strong>. Tan importante como apoyar a nuestros deportistas en el presente, es apoyar a los que ser\u00e1n nuestros campeones del futuro a trav\u00e9s de nuestros patrocinios en el mundo del Motor.<\/p>\n<p>La competici\u00f3n es adem\u00e1s un campo de pruebas \u00fanico para nuestros productos. Las condiciones extremas a las que se someten los veh\u00edculos deportivos nos permiten testar nuestros <strong>combustibles y lubricantes renovables <\/strong>en un entorno de alta exigencia.<\/p>\n<p>Desde nuestro origen, hemos estado vinculados al mundo de los deportes de motor. Hoy mantenemos el compromiso y la ilusi\u00f3n del primer d\u00eda apoyando a todo tipo de deportistas, desde los que se inician en el motociclismo hasta profesionales ampliamente establecidos en las competiciones m\u00e1s exigentes.<\/p>\n<\/div>\n<p><a class=\"read-more\">leer m\u00e1s<\/a><\/p>\n<\/div>\n\n\n\n<div class=\"team-content\">\n<div class=\"pilotos\"><a title=\"Isidre Esteve\" href=\"\/es\/equipo-repsol\/isidre-esteve\/\"><img decoding=\"async\" src=\"https:\/\/bxrepsol.s3.eu-west-1.amazonaws.com\/static\/2024\/02\/26083253\/IsidreEstevePerfil2024.jpg\" alt=\"Isidre Esteve\">\n<div class=\"team-content-txt\">\n<div>\n<div class=\"tag\"><span>Repsol Rally Team<\/span><\/div>\n<h2>Isidre Esteve<\/h2>\n<\/div>\n<\/div>\n<\/a>\n<\/div>\n<div class=\"pilotos\"><a title=\"Toni Bou\" href=\"\/es\/equipo-repsol\/toni-bou\/\"><img decoding=\"async\" src=\"https:\/\/bxrepsol.s3.eu-west-1.amazonaws.com\/static\/2022\/08\/04094301\/toni-equipo.jpg\" alt=\"Toni Bou\">\n<div class=\"team-content-txt\">\n<div>\n<div class=\"tag\"><span>Trial<\/span><\/div>\n<h2>Toni Bou<\/h2>\n<\/div>\n<\/div>\n<\/a>\n<\/div>\n<div class=\"pilotos\"><a title=\"Gabriel Marcelli\" href=\"\/es\/equipo-repsol\/gabriel-marcelli\/\"><img decoding=\"async\" src=\"https:\/\/bxrepsol.s3.eu-west-1.amazonaws.com\/static\/2022\/08\/04094302\/gabriel-marcelli.jpg\" alt=\"Gabriel Marcelli\"><div class=\"team-content-txt\">\n<div>\n<div class=\"tag\"><span>Trial<\/span><\/div>\n<h2>Gabriel Marcelli<\/h2>\n<\/div>\n<\/div>\n\n<\/a>\n<\/div>\n<\/div>\n<div class=\"team-content\">\n<div class=\"team-slider\">\n        <div class=\"team-slider-header\"><h2>Mec\u00e1nicas<\/h2><\/div>\n        <div id=\"js-team-slider\" class=\"slick-initialized slick-slider slick-dotted\"><div class=\"slick-list draggable\"><div class=\"slick-track\"><div class=\"slick-slide\" data-slick-index=\"0\" aria-hidden=\"false\" role=\"tabpanel\" id=\"slick-slide00\" aria-describedby=\"slick-slide-control00\"><div><div class=\"js-team-slider-item\" style=\"width: 100%; display: inline-block;\">\n                \n            \n                <a href=\"\/es\/equipo-repsol\/honda-montesa-4rt\/\" title=\"Montesa Cota 4RT\" tabindex=\"-1\">\n                    <h3>Montesa Cota 4RT<\/h3>\n                    <span><strong>3.28 m<\/strong> salto con<br> rampa<\/span>\n                    <img decoding=\"async\" src=\"https:\/\/bxrepsol.s3.eu-west-1.amazonaws.com\/static\/2022\/09\/07052710\/montesa-cota-4rt.jpg\" alt=\"Montesa Cota 4RT\">\n                <\/a>\n\n\n            <\/div><\/div><\/div><div class=\"slick-slide\" data-slick-index=\"3\" aria-hidden=\"true\" tabindex=\"-1\"><div><div class=\"js-team-slider-item\" style=\"width: 100%; display: inline-block;\">\n                <a href=\"#\" title=\"Toyota Hilux Overdrive T1+\" tabindex=\"-1\">\n                    <h3>Toyota Hilux Overdrive T1+<\/h3>\n                    <span><strong style=\"display: inline-block;\">340<\/strong> CV<\/span>\n                    <img decoding=\"async\" src=\"https:\/\/bxrepsol.s3.eu-west-1.amazonaws.com\/static\/2024\/03\/06143358\/SiluetaCocheRallyGRANDE.jpg\" alt=\"Toyota Hilux Overdrive T1+\">\n                <\/a>\n<\/div><\/div><\/div><div class=\"slick-slide\" data-slick-index=\"1\" aria-hidden=\"true\" role=\"tabpanel\" id=\"slick-slide01\" aria-describedby=\"slick-slide-control01\" tabindex=\"-1\"><div><div class=\"js-team-slider-item\" style=\"width: 100%; display: inline-block;\">\n            \n                <\/div><\/div><\/div><\/div><\/div><ul class=\"slick-dots\" role=\"tablist\"><li class=\"slick-active\" role=\"presentation\" data-index=\"0\"><span><\/span><\/li><li role=\"presentation\" data-index=\"1\"><span><\/span><\/li><li role=\"presentation\" data-index=\"2\"><span><\/span><\/li><li role=\"presentation\" data-index=\"3\"><span><\/span><\/li><\/ul><\/div>\n    <\/div>\n<\/div>\n\n\n\n<div class=\"repsol50\">\n<div class=\"repsol50-title\">\n<h2>Repsol, 55 a\u00f1os de motor<\/h2>\n<p>Desde 1969, son ya <strong>55 a\u00f1os de presencia de Repsol en el mundo de la Competici\u00f3n<\/strong>, siempre al lado de grandes nombres como Honda. Esta uni\u00f3n con la f\u00e1brica nipona nos ha hecho ser testigos de grandes \u00e9xitos a lo largo de los \u00faltimos 30 a\u00f1os en el mundo del Motociclismo.<\/p>\n<\/div>\n<div class=\"repsol50-content\">\n        <a href=\"\/es\/las-6-motos-campeonas-del-mundo\/\">\n<h3>Las 6 motos <span>campeonas del mundo<\/span><\/h3>\n<img decoding=\"async\" src=\"https:\/\/boxrepsol.com\/wp-content\/themes\/theme-boxrepsol-child\/static\/images\/repsol50-img1.jpg\" alt=\"Las 6 motos campeonas del mundo\"><\/a>\n\n\n<a href=\"\/es\/motogp\/del-pie-al-codo-como-ha-cambiado-el-pilotaje-de-motogp\/\">\n<h3>C\u00f3mo ha cambiado el estilo de pilotaje de MotoGP<\/h3>\n<img decoding=\"async\" src=\"https:\/\/bxrepsol.s3.eu-west-1.amazonaws.com\/static\/2024\/03\/12151017\/069142321_A1J3524.png\" alt=\"Estilos de pilotaje en MotoGP\"><\/a>\n\n\n<a href=\"\/es\/motogp\/repsol-una-historia-exitos\/\">\n<h3>Repsol, <span>una historia de \u00e9xitos<\/span><\/h3>\n<img decoding=\"async\" src=\"https:\/\/boxrepsol.com\/wp-content\/themes\/theme-boxrepsol-child\/static\/images\/repsol50-img3.jpg\" alt=\"Repsol, una historia de \u00e9xitos\"><\/a>\n\n<\/div>\n<\/div>\n","protected":false},"excerpt":{"rendered":"<p>Joan Mir Luca Marini Isidre Esteve Toni Bou Gabriel Marcelli Juan Velarde C\u00e1stor Fantoba El Equipo Repsol colabora a d\u00eda de hoy en varias competiciones como los Mundiales de Trial y X-Trial, y los mundiales de Rally y Rally Raids entre otros. Apostamos fuerte por valores como el trabajo, el esfuerzo, la innovaci\u00f3n y el [&hellip;]<\/p>\n","protected":false},"author":418,"featured_media":3923,"parent":0,"menu_order":0,"comment_status":"closed","ping_status":"closed","template":"templates\/equipo-repsol.php","meta":{"footnotes":""},"class_list":["post-3905","page","type-page","status-publish","hentry"],"yoast_head":"<!-- This site is optimized with the Yoast SEO plugin v27.3 - https:\/\/yoast.com\/product\/yoast-seo-wordpress\/ -->\n<title>Equipo Repsol - Box Repsol<\/title>\n<meta name=\"description\" content=\"Conoce a fondo al Equipo Honda Repsol: Descubre la pasi\u00f3n, el compromiso y el \u00e9xito que impulsan a nuestros atletas en el mundo del motor.\" \/>\n<link rel=\"canonical\" href=\"https:\/\/www.boxrepsol.com\/es\/equipo-repsol\/\" \/>\n<meta property=\"og:locale\" content=\"es_ES\" \/>\n<meta property=\"og:type\" content=\"article\" \/>\n<meta property=\"og:title\" content=\"Equipo Repsol - Box Repsol\" \/>\n<meta property=\"og:description\" content=\"Conoce a fondo al Equipo Honda Repsol: Descubre la pasi\u00f3n, el compromiso y el \u00e9xito que impulsan a nuestros atletas en el mundo del motor.\" \/>\n<meta property=\"og:url\" content=\"https:\/\/www.boxrepsol.com\/es\/equipo-repsol\/\" \/>\n<meta property=\"og:site_name\" content=\"Box Repsol\" \/>\n<meta property=\"article:publisher\" content=\"https:\/\/www.facebook.com\/BoxRepsol\" \/>\n<meta property=\"article:modified_time\" content=\"2025-05-19T12:04:57+00:00\" \/>\n<meta property=\"og:image\" content=\"https:\/\/bxrepsol.s3.eu-west-1.amazonaws.com\/static\/2022\/08\/04094306\/Copy-of-RD13_Aragon_Espargaro_2021-01957-1280x6001-1.png\" \/>\n\t<meta property=\"og:image:width\" content=\"610\" \/>\n\t<meta property=\"og:image:height\" content=\"409\" \/>\n\t<meta property=\"og:image:type\" content=\"image\/png\" \/>\n<meta name=\"twitter:card\" content=\"summary_large_image\" \/>\n<meta name=\"twitter:site\" content=\"@box_repsol\" \/>\n<meta name=\"twitter:label1\" content=\"Est. reading time\" \/>\n\t<meta name=\"twitter:data1\" content=\"1 minuto\" \/>\n<script type=\"application\/ld+json\" class=\"yoast-schema-graph\">{\"@context\":\"https:\\\/\\\/schema.org\",\"@graph\":[{\"@type\":\"WebPage\",\"@id\":\"https:\\\/\\\/www.boxrepsol.com\\\/es\\\/equipo-repsol\\\/\",\"url\":\"https:\\\/\\\/www.boxrepsol.com\\\/es\\\/equipo-repsol\\\/\",\"name\":\"Equipo Repsol - Box Repsol\",\"isPartOf\":{\"@id\":\"https:\\\/\\\/www.boxrepsol.com\\\/es\\\/#website\"},\"primaryImageOfPage\":{\"@id\":\"https:\\\/\\\/www.boxrepsol.com\\\/es\\\/equipo-repsol\\\/#primaryimage\"},\"image\":{\"@id\":\"https:\\\/\\\/www.boxrepsol.com\\\/es\\\/equipo-repsol\\\/#primaryimage\"},\"thumbnailUrl\":\"https:\\\/\\\/bxrepsol.s3.eu-west-1.amazonaws.com\\\/static\\\/2022\\\/08\\\/04094306\\\/Copy-of-RD13_Aragon_Espargaro_2021-01957-1280x6001-1.png\",\"datePublished\":\"2018-09-11T02:00:00+00:00\",\"dateModified\":\"2025-05-19T12:04:57+00:00\",\"description\":\"Conoce a fondo al Equipo Honda Repsol: Descubre la pasi\u00f3n, el compromiso y el \u00e9xito que impulsan a nuestros atletas en el mundo del motor.\",\"breadcrumb\":{\"@id\":\"https:\\\/\\\/www.boxrepsol.com\\\/es\\\/equipo-repsol\\\/#breadcrumb\"},\"inLanguage\":\"es\",\"potentialAction\":[{\"@type\":\"ReadAction\",\"target\":[\"https:\\\/\\\/www.boxrepsol.com\\\/es\\\/equipo-repsol\\\/\"]}]},{\"@type\":\"ImageObject\",\"inLanguage\":\"es\",\"@id\":\"https:\\\/\\\/www.boxrepsol.com\\\/es\\\/equipo-repsol\\\/#primaryimage\",\"url\":\"https:\\\/\\\/bxrepsol.s3.eu-west-1.amazonaws.com\\\/static\\\/2022\\\/08\\\/04094306\\\/Copy-of-RD13_Aragon_Espargaro_2021-01957-1280x6001-1.png\",\"contentUrl\":\"https:\\\/\\\/bxrepsol.s3.eu-west-1.amazonaws.com\\\/static\\\/2022\\\/08\\\/04094306\\\/Copy-of-RD13_Aragon_Espargaro_2021-01957-1280x6001-1.png\",\"width\":610,\"height\":409,\"caption\":\"estilo pilotaje\"},{\"@type\":\"BreadcrumbList\",\"@id\":\"https:\\\/\\\/www.boxrepsol.com\\\/es\\\/equipo-repsol\\\/#breadcrumb\",\"itemListElement\":[{\"@type\":\"ListItem\",\"position\":1,\"name\":\"Home\",\"item\":\"https:\\\/\\\/www.boxrepsol.com\\\/es\\\/\"},{\"@type\":\"ListItem\",\"position\":2,\"name\":\"Equipo Repsol\"}]},{\"@type\":\"WebSite\",\"@id\":\"https:\\\/\\\/www.boxrepsol.com\\\/es\\\/#website\",\"url\":\"https:\\\/\\\/www.boxrepsol.com\\\/es\\\/\",\"name\":\"Box Repsol\",\"description\":\"Box Repsol Site\",\"publisher\":{\"@id\":\"https:\\\/\\\/www.boxrepsol.com\\\/es\\\/#organization\"},\"potentialAction\":[{\"@type\":\"SearchAction\",\"target\":{\"@type\":\"EntryPoint\",\"urlTemplate\":\"https:\\\/\\\/www.boxrepsol.com\\\/es\\\/?s={search_term_string}\"},\"query-input\":{\"@type\":\"PropertyValueSpecification\",\"valueRequired\":true,\"valueName\":\"search_term_string\"}}],\"inLanguage\":\"es\"},{\"@type\":\"Organization\",\"@id\":\"https:\\\/\\\/www.boxrepsol.com\\\/es\\\/#organization\",\"name\":\"Box Repsol\",\"url\":\"https:\\\/\\\/www.boxrepsol.com\\\/es\\\/\",\"logo\":{\"@type\":\"ImageObject\",\"inLanguage\":\"es\",\"@id\":\"https:\\\/\\\/www.boxrepsol.com\\\/es\\\/#\\\/schema\\\/logo\\\/image\\\/\",\"url\":\"https:\\\/\\\/bxrepsol.s3.eu-west-1.amazonaws.com\\\/static\\\/2025\\\/07\\\/30083337\\\/favicon-96x96-1.png\",\"contentUrl\":\"https:\\\/\\\/bxrepsol.s3.eu-west-1.amazonaws.com\\\/static\\\/2025\\\/07\\\/30083337\\\/favicon-96x96-1.png\",\"width\":96,\"height\":96,\"caption\":\"Box Repsol\"},\"image\":{\"@id\":\"https:\\\/\\\/www.boxrepsol.com\\\/es\\\/#\\\/schema\\\/logo\\\/image\\\/\"},\"sameAs\":[\"https:\\\/\\\/www.facebook.com\\\/BoxRepsol\",\"https:\\\/\\\/x.com\\\/box_repsol\",\"http:\\\/\\\/instagram.com\\\/box_repsol\",\"https:\\\/\\\/www.youtube.com\\\/user\\\/RepsolCompeticion\",\"https:\\\/\\\/www.flickr.com\\\/photos\\\/box_repsol\\\/\"]}]}<\/script>\n<!-- \/ Yoast SEO plugin. -->","yoast_head_json":{"title":"Equipo Repsol - Box Repsol","description":"Conoce a fondo al Equipo Honda Repsol: Descubre la pasi\u00f3n, el compromiso y el \u00e9xito que impulsan a nuestros atletas en el mundo del motor.","canonical":"https:\/\/www.boxrepsol.com\/es\/equipo-repsol\/","og_locale":"es_ES","og_type":"article","og_title":"Equipo Repsol - Box Repsol","og_description":"Conoce a fondo al Equipo Honda Repsol: Descubre la pasi\u00f3n, el compromiso y el \u00e9xito que impulsan a nuestros atletas en el mundo del motor.","og_url":"https:\/\/www.boxrepsol.com\/es\/equipo-repsol\/","og_site_name":"Box Repsol","article_publisher":"https:\/\/www.facebook.com\/BoxRepsol","article_modified_time":"2025-05-19T12:04:57+00:00","og_image":[{"width":610,"height":409,"url":"https:\/\/bxrepsol.s3.eu-west-1.amazonaws.com\/static\/2022\/08\/04094306\/Copy-of-RD13_Aragon_Espargaro_2021-01957-1280x6001-1.png","type":"image\/png"}],"twitter_card":"summary_large_image","twitter_site":"@box_repsol","twitter_misc":{"Est. reading time":"1 minuto"},"schema":{"@context":"https:\/\/schema.org","@graph":[{"@type":"WebPage","@id":"https:\/\/www.boxrepsol.com\/es\/equipo-repsol\/","url":"https:\/\/www.boxrepsol.com\/es\/equipo-repsol\/","name":"Equipo Repsol - Box Repsol","isPartOf":{"@id":"https:\/\/www.boxrepsol.com\/es\/#website"},"primaryImageOfPage":{"@id":"https:\/\/www.boxrepsol.com\/es\/equipo-repsol\/#primaryimage"},"image":{"@id":"https:\/\/www.boxrepsol.com\/es\/equipo-repsol\/#primaryimage"},"thumbnailUrl":"https:\/\/bxrepsol.s3.eu-west-1.amazonaws.com\/static\/2022\/08\/04094306\/Copy-of-RD13_Aragon_Espargaro_2021-01957-1280x6001-1.png","datePublished":"2018-09-11T02:00:00+00:00","dateModified":"2025-05-19T12:04:57+00:00","description":"Conoce a fondo al Equipo Honda Repsol: Descubre la pasi\u00f3n, el compromiso y el \u00e9xito que impulsan a nuestros atletas en el mundo del motor.","breadcrumb":{"@id":"https:\/\/www.boxrepsol.com\/es\/equipo-repsol\/#breadcrumb"},"inLanguage":"es","potentialAction":[{"@type":"ReadAction","target":["https:\/\/www.boxrepsol.com\/es\/equipo-repsol\/"]}]},{"@type":"ImageObject","inLanguage":"es","@id":"https:\/\/www.boxrepsol.com\/es\/equipo-repsol\/#primaryimage","url":"https:\/\/bxrepsol.s3.eu-west-1.amazonaws.com\/static\/2022\/08\/04094306\/Copy-of-RD13_Aragon_Espargaro_2021-01957-1280x6001-1.png","contentUrl":"https:\/\/bxrepsol.s3.eu-west-1.amazonaws.com\/static\/2022\/08\/04094306\/Copy-of-RD13_Aragon_Espargaro_2021-01957-1280x6001-1.png","width":610,"height":409,"caption":"estilo pilotaje"},{"@type":"BreadcrumbList","@id":"https:\/\/www.boxrepsol.com\/es\/equipo-repsol\/#breadcrumb","itemListElement":[{"@type":"ListItem","position":1,"name":"Home","item":"https:\/\/www.boxrepsol.com\/es\/"},{"@type":"ListItem","position":2,"name":"Equipo Repsol"}]},{"@type":"WebSite","@id":"https:\/\/www.boxrepsol.com\/es\/#website","url":"https:\/\/www.boxrepsol.com\/es\/","name":"Box Repsol","description":"Box Repsol Site","publisher":{"@id":"https:\/\/www.boxrepsol.com\/es\/#organization"},"potentialAction":[{"@type":"SearchAction","target":{"@type":"EntryPoint","urlTemplate":"https:\/\/www.boxrepsol.com\/es\/?s={search_term_string}"},"query-input":{"@type":"PropertyValueSpecification","valueRequired":true,"valueName":"search_term_string"}}],"inLanguage":"es"},{"@type":"Organization","@id":"https:\/\/www.boxrepsol.com\/es\/#organization","name":"Box Repsol","url":"https:\/\/www.boxrepsol.com\/es\/","logo":{"@type":"ImageObject","inLanguage":"es","@id":"https:\/\/www.boxrepsol.com\/es\/#\/schema\/logo\/image\/","url":"https:\/\/bxrepsol.s3.eu-west-1.amazonaws.com\/static\/2025\/07\/30083337\/favicon-96x96-1.png","contentUrl":"https:\/\/bxrepsol.s3.eu-west-1.amazonaws.com\/static\/2025\/07\/30083337\/favicon-96x96-1.png","width":96,"height":96,"caption":"Box Repsol"},"image":{"@id":"https:\/\/www.boxrepsol.com\/es\/#\/schema\/logo\/image\/"},"sameAs":["https:\/\/www.facebook.com\/BoxRepsol","https:\/\/x.com\/box_repsol","http:\/\/instagram.com\/box_repsol","https:\/\/www.youtube.com\/user\/RepsolCompeticion","https:\/\/www.flickr.com\/photos\/box_repsol\/"]}]}},"_links":{"self":[{"href":"https:\/\/www.boxrepsol.com\/es\/wp-json\/wp\/v2\/pages\/3905","targetHints":{"allow":["GET"]}}],"collection":[{"href":"https:\/\/www.boxrepsol.com\/es\/wp-json\/wp\/v2\/pages"}],"about":[{"href":"https:\/\/www.boxrepsol.com\/es\/wp-json\/wp\/v2\/types\/page"}],"author":[{"embeddable":true,"href":"https:\/\/www.boxrepsol.com\/es\/wp-json\/wp\/v2\/users\/418"}],"replies":[{"embeddable":true,"href":"https:\/\/www.boxrepsol.com\/es\/wp-json\/wp\/v2\/comments?post=3905"}],"version-history":[{"count":83,"href":"https:\/\/www.boxrepsol.com\/es\/wp-json\/wp\/v2\/pages\/3905\/revisions"}],"predecessor-version":[{"id":125454,"href":"https:\/\/www.boxrepsol.com\/es\/wp-json\/wp\/v2\/pages\/3905\/revisions\/125454"}],"wp:featuredmedia":[{"embeddable":true,"href":"https:\/\/www.boxrepsol.com\/es\/wp-json\/wp\/v2\/media\/3923"}],"wp:attachment":[{"href":"https:\/\/www.boxrepsol.com\/es\/wp-json\/wp\/v2\/media?parent=3905"}],"curies":[{"name":"wp","href":"https:\/\/api.w.org\/{rel}","templated":true}]}}