{"id":3782,"date":"2017-06-08T00:00:00","date_gmt":"2017-06-08T02:00:00","guid":{"rendered":"http:\/\/pre.boxrepsol.com\/politica-de-cookies\/"},"modified":"2026-04-27T12:43:06","modified_gmt":"2026-04-27T14:43:06","slug":"politica-de-cookies","status":"publish","type":"page","link":"https:\/\/www.boxrepsol.com\/es\/politica-de-cookies\/","title":{"rendered":"Pol\u00edtica de Cookies"},"content":{"rendered":"\n<div class=\"wp-block-group cookies-politics\">\n<h3 class=\"wp-block-heading\">Tus Preferencias de Cookies<\/h3>\n\n\n\n<p>Utilizamos cookies propias y de terceros con fines t\u00e9cnicos, personalizaci\u00f3n, an\u00e1lisis y publicitarios, incluyendo anuncios personalizados a partir de tus datos. Estos \u00faltimos pueden incluir la creaci\u00f3n de un perfil con tus h\u00e1bitos de navegaci\u00f3n, pudiendo vincular tus dispositivos, combinar tus datos online y offline, y compartirlos con otras empresas del grupo Repsol. Puedes gestionar o desactivar estas cookies en Configurar preferencias. M\u00e1s detalles en la\u00a0<a href=\"https:\/\/www.repsol.com\/es\/pie-de-pagina\/politica-de-cookies_ot\/index.cshtml\">Pol\u00edtica de Cookies.<\/a><\/p>\n\n\n\n<h3 class=\"wp-block-heading\">Tus Preferencias de Cookies<\/h3>\n\n\n\n<p>Puedes configurar tus preferencias, aceptando o rechazando las finalidades que te detallamos en el listado que figura a continuaci\u00f3n. Recuerda que algunas de nuestras cookies son instaladas por terceras entidades. Puedes consultar el listado completo de colaboradores <a href=\"https:\/\/www.repsol.com\/es\/pie-de-pagina\/politica-de-cookies_ot\/cookies-terceros\/index.cshtml\">aqu\u00ed<\/a><\/p>\n\n\n\n<p>Para m\u00e1s informaci\u00f3n sobre como tratamos tus datos personales puedes consultar nuestra <a href=\"https:\/\/www.repsol.com\/es\/pie-de-pagina\/politica-de-cookies_ot\/index.cshtml\">Pol\u00edtica de Cookies<\/a>.<\/p>\n\n\n<details>\n  <summary><h3>Cookies estrictamente necesarias y t\u00e9cnicas<\/h3><\/summary>\n\n  <p>Utilizamos cookies estrictamente necesarias y t\u00e9cnicas para permitir la navegaci\u00f3n a trav\u00e9s de nuestras webs, as\u00ed como la correcta utilizaci\u00f3n de las diferentes opciones o servicios que en ellas existan.<\/p>\n  <\/details>\n\n<details>\n    <summary>\n        <h3>Cookies de preferencias o personalizaci\u00f3n<\/h3>\n    <\/summary>\n    <p>Utilizamos cookies de preferencias o personalizaci\u00f3n para recordar opciones elegidas por ti. Algunas de estas cookies no requieren de consentimiento, como aquellas instaladas para recordar el idioma que has elegido. Aunque no son necesarias, si no marcas esta casilla, se podr\u00eda dificultar tu navegaci\u00f3n por nuestras webs.<\/p>\n<\/details>\n\n<details>\n    <summary>\n        <h3>Cookies de an\u00e1lisis o medici\u00f3n<\/h3>\n    <\/summary>\n    <p>Utilizamos cookies de an\u00e1lisis o medici\u00f3n, propias y de terceros, que permiten el seguimiento y an\u00e1lisis del comportamiento de navegaci\u00f3n de los usuarios en nuestros sitios webs. Su finalidad es evaluar el rendimiento, cuantificar el impacto de los anuncios y mejorar nuestros servicios en funci\u00f3n del uso que hacen los usuarios. En el caso de cookies de tercera parte, puedes consultar m\u00e1s informaci\u00f3n sobre las entidades con las que colaboramos <a href=\"https:\/\/www.repsol.com\/es\/pie-de-pagina\/politica-de-cookies_ot\/cookies-terceros\/index.cshtml\">AQU\u00cd<\/a><\/p>\n<p>Estas herramientas pueden proporcionarnos informaci\u00f3n agregada sobre el uso de nuestras webs en distintos dispositivos. Para ello utilizamos soluciones de terceros, como Google. Puedes ampliar esta informaci\u00f3n en nuestra Pol\u00edtica de Cookies.<\/p>\n<\/details>\n\n<details>\n    <summary>\n        <h3>Compartir informaci\u00f3n con otras empresas de nuestro Grupo<\/h3>\n    <\/summary>\n    <p>Deseamos compartir con determinadas empresas de nuestro grupo informaci\u00f3n sobre los intereses de los usuarios en nuestras webs y su comportamiento de navegaci\u00f3n. Esto incluye tanto la informaci\u00f3n estad\u00edstica (no identificable con un usuario concreto) como datos personales en caso de identificaci\u00f3n (por ejemplo, al acceder a un \u00e1rea restringida de la web), siendo estos \u00faltimos tus datos identificativos, h\u00e1bitos de navegaci\u00f3n, preferencias y servicios online contratados. Estas empresas podr\u00e1n combinar toda esta informaci\u00f3n con otros datos tuyos que pudieran tener on-line u off-line, con el fin de completar tu perfil y, en el caso de que se encuentren legitimados, remitirte publicidad a trav\u00e9s de distintos canales. Consulta las empresas con las que compartimos esta informaci\u00f3n\u00a0<a href=\"https:\/\/www.repsol.com\/es\/generica\/gestion-de-datos.html\">AQU\u00cd<\/a><\/p>\n<\/details>\n<details>\n    <summary>\n        <h3>Cookies de publicidad<\/h3>\n    <\/summary>\n    <p>Utilizamos cookies de publicidad comportamental para almacenar informaci\u00f3n del comportamiento de los usuarios obtenida a trav\u00e9s de la observaci\u00f3n continuada de sus h\u00e1bitos de navegaci\u00f3n en nuestras webs o recibida de terceros colaboradores (consulta el listado de colaboradores <a href=\"https:\/\/www.repsol.com\/es\/pie-de-pagina\/politica-de-cookies_ot\/cookies-terceros\/index.cshtml\">AQU\u00cd<\/a>) para generar un perfil y ofrecer publicidad personalizada a trav\u00e9s de \u201cbanners\u201d o mecanismos similares, as\u00ed como introducir mejoras y medir la efectividad de nuestras campa\u00f1as publicitarias. En base a este perfil, te remitiremos publicidad por distintos canales si estamos legitimados para ello.<\/p>\n<p>Para estas finalidades utilizamos herramientas de terceros, como Google, que pueden permitir la personalizaci\u00f3n de anuncios y la medici\u00f3n de su efectividad teniendo en cuenta informaci\u00f3n agregada sobre el uso en distintos dispositivos.<\/p>\n<p>Adem\u00e1s de gestionar estas cookies desde este panel, puedes desactivar la personalizaci\u00f3n de anuncios directamente desde tu cuenta de Google. Puedes ampliar esta informaci\u00f3n en nuestra Pol\u00edtica de Cookies.<\/p>\n<\/details>","protected":false},"excerpt":{"rendered":"<p>Tus Preferencias de Cookies Utilizamos cookies propias y de terceros con fines t\u00e9cnicos, personalizaci\u00f3n, an\u00e1lisis y publicitarios, incluyendo anuncios personalizados a partir de tus datos. Estos \u00faltimos pueden incluir la creaci\u00f3n de un perfil con tus h\u00e1bitos de navegaci\u00f3n, pudiendo vincular tus dispositivos, combinar tus datos online y offline, y compartirlos con otras empresas del [&hellip;]<\/p>\n","protected":false},"author":1,"featured_media":0,"parent":0,"menu_order":0,"comment_status":"closed","ping_status":"closed","template":"","meta":{"footnotes":""},"class_list":["post-3782","page","type-page","status-publish","hentry"],"yoast_head":"<!-- This site is optimized with the Yoast SEO plugin v27.3 - https:\/\/yoast.com\/product\/yoast-seo-wordpress\/ -->\n<title>Pol\u00edtica de Cookies - Box Repsol<\/title>\n<meta name=\"description\" content=\"Nuestra pol\u00edtica de cookies explica c\u00f3mo las utilizamos para mejorar tu experiencia online. Aprende sobre tu privacidad y control de datos.\" \/>\n<link rel=\"canonical\" href=\"https:\/\/www.boxrepsol.com\/es\/politica-de-cookies\/\" \/>\n<meta property=\"og:locale\" content=\"es_ES\" \/>\n<meta property=\"og:type\" content=\"article\" \/>\n<meta property=\"og:title\" content=\"Pol\u00edtica de Cookies - Box Repsol\" \/>\n<meta property=\"og:description\" content=\"Nuestra pol\u00edtica de cookies explica c\u00f3mo las utilizamos para mejorar tu experiencia online. Aprende sobre tu privacidad y control de datos.\" \/>\n<meta property=\"og:url\" content=\"https:\/\/www.boxrepsol.com\/es\/politica-de-cookies\/\" \/>\n<meta property=\"og:site_name\" content=\"Box Repsol\" \/>\n<meta property=\"article:publisher\" content=\"https:\/\/www.facebook.com\/BoxRepsol\" \/>\n<meta property=\"article:modified_time\" content=\"2026-04-27T14:43:06+00:00\" \/>\n<meta name=\"twitter:card\" content=\"summary_large_image\" \/>\n<meta name=\"twitter:site\" content=\"@box_repsol\" \/>\n<meta name=\"twitter:label1\" content=\"Est. reading time\" \/>\n\t<meta name=\"twitter:data1\" content=\"3 minutos\" \/>\n<script type=\"application\/ld+json\" class=\"yoast-schema-graph\">{\"@context\":\"https:\\\/\\\/schema.org\",\"@graph\":[{\"@type\":\"WebPage\",\"@id\":\"https:\\\/\\\/www.boxrepsol.com\\\/es\\\/politica-de-cookies\\\/\",\"url\":\"https:\\\/\\\/www.boxrepsol.com\\\/es\\\/politica-de-cookies\\\/\",\"name\":\"Pol\u00edtica de Cookies - Box Repsol\",\"isPartOf\":{\"@id\":\"https:\\\/\\\/www.boxrepsol.com\\\/es\\\/#website\"},\"datePublished\":\"2017-06-08T02:00:00+00:00\",\"dateModified\":\"2026-04-27T14:43:06+00:00\",\"description\":\"Nuestra pol\u00edtica de cookies explica c\u00f3mo las utilizamos para mejorar tu experiencia online. Aprende sobre tu privacidad y control de datos.\",\"breadcrumb\":{\"@id\":\"https:\\\/\\\/www.boxrepsol.com\\\/es\\\/politica-de-cookies\\\/#breadcrumb\"},\"inLanguage\":\"es\",\"potentialAction\":[{\"@type\":\"ReadAction\",\"target\":[\"https:\\\/\\\/www.boxrepsol.com\\\/es\\\/politica-de-cookies\\\/\"]}]},{\"@type\":\"BreadcrumbList\",\"@id\":\"https:\\\/\\\/www.boxrepsol.com\\\/es\\\/politica-de-cookies\\\/#breadcrumb\",\"itemListElement\":[{\"@type\":\"ListItem\",\"position\":1,\"name\":\"Home\",\"item\":\"https:\\\/\\\/www.boxrepsol.com\\\/es\\\/\"},{\"@type\":\"ListItem\",\"position\":2,\"name\":\"Pol\u00edtica de Cookies\"}]},{\"@type\":\"WebSite\",\"@id\":\"https:\\\/\\\/www.boxrepsol.com\\\/es\\\/#website\",\"url\":\"https:\\\/\\\/www.boxrepsol.com\\\/es\\\/\",\"name\":\"Box Repsol\",\"description\":\"Box Repsol Site\",\"publisher\":{\"@id\":\"https:\\\/\\\/www.boxrepsol.com\\\/es\\\/#organization\"},\"potentialAction\":[{\"@type\":\"SearchAction\",\"target\":{\"@type\":\"EntryPoint\",\"urlTemplate\":\"https:\\\/\\\/www.boxrepsol.com\\\/es\\\/?s={search_term_string}\"},\"query-input\":{\"@type\":\"PropertyValueSpecification\",\"valueRequired\":true,\"valueName\":\"search_term_string\"}}],\"inLanguage\":\"es\"},{\"@type\":\"Organization\",\"@id\":\"https:\\\/\\\/www.boxrepsol.com\\\/es\\\/#organization\",\"name\":\"Box Repsol\",\"url\":\"https:\\\/\\\/www.boxrepsol.com\\\/es\\\/\",\"logo\":{\"@type\":\"ImageObject\",\"inLanguage\":\"es\",\"@id\":\"https:\\\/\\\/www.boxrepsol.com\\\/es\\\/#\\\/schema\\\/logo\\\/image\\\/\",\"url\":\"https:\\\/\\\/bxrepsol.s3.eu-west-1.amazonaws.com\\\/static\\\/2025\\\/07\\\/30083337\\\/favicon-96x96-1.png\",\"contentUrl\":\"https:\\\/\\\/bxrepsol.s3.eu-west-1.amazonaws.com\\\/static\\\/2025\\\/07\\\/30083337\\\/favicon-96x96-1.png\",\"width\":96,\"height\":96,\"caption\":\"Box Repsol\"},\"image\":{\"@id\":\"https:\\\/\\\/www.boxrepsol.com\\\/es\\\/#\\\/schema\\\/logo\\\/image\\\/\"},\"sameAs\":[\"https:\\\/\\\/www.facebook.com\\\/BoxRepsol\",\"https:\\\/\\\/x.com\\\/box_repsol\",\"http:\\\/\\\/instagram.com\\\/box_repsol\",\"https:\\\/\\\/www.youtube.com\\\/user\\\/RepsolCompeticion\",\"https:\\\/\\\/www.flickr.com\\\/photos\\\/box_repsol\\\/\"]}]}<\/script>\n<!-- \/ Yoast SEO plugin. -->","yoast_head_json":{"title":"Pol\u00edtica de Cookies - Box Repsol","description":"Nuestra pol\u00edtica de cookies explica c\u00f3mo las utilizamos para mejorar tu experiencia online. Aprende sobre tu privacidad y control de datos.","canonical":"https:\/\/www.boxrepsol.com\/es\/politica-de-cookies\/","og_locale":"es_ES","og_type":"article","og_title":"Pol\u00edtica de Cookies - Box Repsol","og_description":"Nuestra pol\u00edtica de cookies explica c\u00f3mo las utilizamos para mejorar tu experiencia online. Aprende sobre tu privacidad y control de datos.","og_url":"https:\/\/www.boxrepsol.com\/es\/politica-de-cookies\/","og_site_name":"Box Repsol","article_publisher":"https:\/\/www.facebook.com\/BoxRepsol","article_modified_time":"2026-04-27T14:43:06+00:00","twitter_card":"summary_large_image","twitter_site":"@box_repsol","twitter_misc":{"Est. reading time":"3 minutos"},"schema":{"@context":"https:\/\/schema.org","@graph":[{"@type":"WebPage","@id":"https:\/\/www.boxrepsol.com\/es\/politica-de-cookies\/","url":"https:\/\/www.boxrepsol.com\/es\/politica-de-cookies\/","name":"Pol\u00edtica de Cookies - Box Repsol","isPartOf":{"@id":"https:\/\/www.boxrepsol.com\/es\/#website"},"datePublished":"2017-06-08T02:00:00+00:00","dateModified":"2026-04-27T14:43:06+00:00","description":"Nuestra pol\u00edtica de cookies explica c\u00f3mo las utilizamos para mejorar tu experiencia online. Aprende sobre tu privacidad y control de datos.","breadcrumb":{"@id":"https:\/\/www.boxrepsol.com\/es\/politica-de-cookies\/#breadcrumb"},"inLanguage":"es","potentialAction":[{"@type":"ReadAction","target":["https:\/\/www.boxrepsol.com\/es\/politica-de-cookies\/"]}]},{"@type":"BreadcrumbList","@id":"https:\/\/www.boxrepsol.com\/es\/politica-de-cookies\/#breadcrumb","itemListElement":[{"@type":"ListItem","position":1,"name":"Home","item":"https:\/\/www.boxrepsol.com\/es\/"},{"@type":"ListItem","position":2,"name":"Pol\u00edtica de Cookies"}]},{"@type":"WebSite","@id":"https:\/\/www.boxrepsol.com\/es\/#website","url":"https:\/\/www.boxrepsol.com\/es\/","name":"Box Repsol","description":"Box Repsol Site","publisher":{"@id":"https:\/\/www.boxrepsol.com\/es\/#organization"},"potentialAction":[{"@type":"SearchAction","target":{"@type":"EntryPoint","urlTemplate":"https:\/\/www.boxrepsol.com\/es\/?s={search_term_string}"},"query-input":{"@type":"PropertyValueSpecification","valueRequired":true,"valueName":"search_term_string"}}],"inLanguage":"es"},{"@type":"Organization","@id":"https:\/\/www.boxrepsol.com\/es\/#organization","name":"Box Repsol","url":"https:\/\/www.boxrepsol.com\/es\/","logo":{"@type":"ImageObject","inLanguage":"es","@id":"https:\/\/www.boxrepsol.com\/es\/#\/schema\/logo\/image\/","url":"https:\/\/bxrepsol.s3.eu-west-1.amazonaws.com\/static\/2025\/07\/30083337\/favicon-96x96-1.png","contentUrl":"https:\/\/bxrepsol.s3.eu-west-1.amazonaws.com\/static\/2025\/07\/30083337\/favicon-96x96-1.png","width":96,"height":96,"caption":"Box Repsol"},"image":{"@id":"https:\/\/www.boxrepsol.com\/es\/#\/schema\/logo\/image\/"},"sameAs":["https:\/\/www.facebook.com\/BoxRepsol","https:\/\/x.com\/box_repsol","http:\/\/instagram.com\/box_repsol","https:\/\/www.youtube.com\/user\/RepsolCompeticion","https:\/\/www.flickr.com\/photos\/box_repsol\/"]}]}},"_links":{"self":[{"href":"https:\/\/www.boxrepsol.com\/es\/wp-json\/wp\/v2\/pages\/3782","targetHints":{"allow":["GET"]}}],"collection":[{"href":"https:\/\/www.boxrepsol.com\/es\/wp-json\/wp\/v2\/pages"}],"about":[{"href":"https:\/\/www.boxrepsol.com\/es\/wp-json\/wp\/v2\/types\/page"}],"author":[{"embeddable":true,"href":"https:\/\/www.boxrepsol.com\/es\/wp-json\/wp\/v2\/users\/1"}],"replies":[{"embeddable":true,"href":"https:\/\/www.boxrepsol.com\/es\/wp-json\/wp\/v2\/comments?post=3782"}],"version-history":[{"count":15,"href":"https:\/\/www.boxrepsol.com\/es\/wp-json\/wp\/v2\/pages\/3782\/revisions"}],"predecessor-version":[{"id":130380,"href":"https:\/\/www.boxrepsol.com\/es\/wp-json\/wp\/v2\/pages\/3782\/revisions\/130380"}],"wp:attachment":[{"href":"https:\/\/www.boxrepsol.com\/es\/wp-json\/wp\/v2\/media?parent=3782"}],"curies":[{"name":"wp","href":"https:\/\/api.w.org\/{rel}","templated":true}]}}