{"id":3757,"date":"2017-05-04T00:00:00","date_gmt":"2017-05-04T02:00:00","guid":{"rendered":"http:\/\/pre.boxrepsol.com\/rc212v-stoner\/"},"modified":"2024-10-16T12:42:46","modified_gmt":"2024-10-16T14:42:46","slug":"rc212v-stoner","status":"publish","type":"page","link":"https:\/\/www.boxrepsol.com\/es\/las-6-motos-campeonas-del-mundo\/rc212v-stoner\/","title":{"rendered":"RC212V Stoner"},"content":{"rendered":"\n<h1 class=\"wp-block-heading\">RC212V Casey Stoner<\/h1>\n\n\n<div id=\"cont-motos-leyenda\" class=\"ficha-moto estirar\">\n<p><!-- ====== CABECERA DE LA FICHA ===== --><\/p>\n<div class=\"cab-ficha estirar\">\n<h2><a title=\"Las 6 motos campeonas del mundo\" href=\"\/las-6-motos-campeonas-del-mundo\/\"><img decoding=\"async\" src=\"https:\/\/www.boxrepsol.com\/wp-content\/themes\/theme-boxrepsol-child\/static\/images\/motos-campeonas\/titular-6-motos-campeonas.png\" alt=\"Las 6 Motos campeonas del mundo\" \/><\/a><\/h2>\n<ul class=\"nav-motos estirar\">\n<li class=\"me-3 me-md-0 ms-2 ms-md-0\"><a class=\"relmob\" title=\"Repsol Honda NSR 500\" href=\"\/las-6-motos-campeonas-del-mundo\/nsr500-doohan\/\" target=\"_top\" rel=\"noopener\">Doohan<img decoding=\"async\" title=\"Repsol Honda NSR 500\" src=\"https:\/\/www.boxrepsol.com\/wp-content\/themes\/theme-boxrepsol-child\/static\/images\/motos-campeonas\/motos\/min\/moto_02.png\" alt=\"La moto de Mick Doohan\" \/><br \/><\/a><\/li>\n<li class=\"me-3 me-md-0 ms-2 ms-md-0\"><a class=\"relmob\" title=\"Repsol Honda NSR 500\" href=\"\/las-6-motos-campeonas-del-mundo\/nsr500-criville\/\" target=\"_top\" rel=\"noopener\">Crivill\u00e9<img decoding=\"async\" title=\"Repsol Honda NSR 500\" src=\"https:\/\/www.boxrepsol.com\/wp-content\/themes\/theme-boxrepsol-child\/static\/images\/motos-campeonas\/motos\/min\/moto_01.png\" alt=\"La moto de \u00c1lex Crivill\u00e9\" \/><\/a><\/li>\n<li class=\"me-3 me-md-0 ms-2 ms-md-0\"><a class=\"relmob\" title=\"Repsol Honda RC211V\" href=\"\/las-6-motos-campeonas-del-mundo\/rc211v-rossi\/\" target=\"_top\" rel=\"noopener\">Rossi<img decoding=\"async\" title=\"Repsol Honda RC211V\" src=\"https:\/\/www.boxrepsol.com\/wp-content\/themes\/theme-boxrepsol-child\/static\/images\/motos-campeonas\/motos\/min\/moto_05.png\" alt=\"La moto de Valentino Rossi\" \/><\/a><\/li>\n<li class=\"me-3 me-md-0 ms-2 ms-md-0\"><a class=\"relmob\" title=\"Repsol Honda RC211V\" href=\"\/las-6-motos-campeonas-del-mundo\/rc211v-hayden\/\" target=\"_top\" rel=\"noopener\">Hayden<img decoding=\"async\" title=\"Repsol Honda RC211V\" src=\"https:\/\/www.boxrepsol.com\/wp-content\/themes\/theme-boxrepsol-child\/static\/images\/motos-campeonas\/motos\/min\/moto_03.png\" alt=\"La moto de Nicky Hayden\" \/><br \/><\/a><\/li>\n<li class=\"me-3 me-md-0 ms-2 ms-md-0\"><a class=\"relmob active\" title=\"Repsol Honda RC212V\" href=\"\/las-6-motos-campeonas-del-mundo\/rc212v-stoner\/\" target=\"_top\" rel=\"noopener\">Stoner<img decoding=\"async\" title=\"Repsol Honda RC212V\" src=\"https:\/\/www.boxrepsol.com\/wp-content\/themes\/theme-boxrepsol-child\/static\/images\/motos-campeonas\/motos\/min\/moto_06.png\" alt=\"La moto de Casey Stoner\" \/><br \/><\/a><\/li>\n<li class=\"me-3 me-md-0 ms-2 ms-md-0\"><a class=\"relmob\" title=\"Repsol Honda RC213V\" href=\"https:\/\/www.boxrepsol.com\/es\/las-6-motos-campeonas-del-mundo\/rc213v-marquez\/\" target=\"_top\" rel=\"noopener\">M\u00e1rquez<img decoding=\"async\" title=\"Repsol Honda RC213V \" src=\"https:\/\/www.boxrepsol.com\/wp-content\/themes\/theme-boxrepsol-child\/static\/images\/motos-campeonas\/motos\/min\/moto_04.png\" alt=\"La moto de Marc M\u00e1rquez\" \/><br \/><\/a><\/li>\n<\/ul>\n<\/div>\n<p><!-- ====== CABECERA DE LA FICHA ===== --><\/p>\n<div class=\"cont-ficha\">\n<div class=\"detalles-ficha\">\n<h3>Honda <strong>RC212V<\/strong> (2011)<\/h3>\n<p>Casey Stoner lleg\u00f3 en 2011 al Equipo Repsol Honda. En su primer a\u00f1o con los colores Repsol, el australiano supo asociar su agresivo estilo de pilotaje a una m\u00e1quina <strong>perfectamente trabajada por Honda y por Repsol<\/strong>.<\/p>\n<\/div>\n<div class=\"galeria estirar\">\n<div class=\"\">\n<div class=\"foto\"><a id=\"zoom\" class=\"push__datalayer\" title=\"Repsol Honda RC212V\" href=\"https:\/\/www.boxrepsol.com\/wp-content\/themes\/theme-boxrepsol-child\/static\/images\/motos-campeonas\/motos\/stoner\/grandes\/01.jpg\" data-gallery=\"\"><br \/><img decoding=\"async\" src=\"https:\/\/www.boxrepsol.com\/wp-content\/themes\/theme-boxrepsol-child\/static\/images\/motos-campeonas\/motos\/stoner\/01.png\" alt=\"Repsol Honda RC212V\" \/><br \/><\/a><\/div>\n<\/div>\n<div class=\"\">\n<ul>\n<li><a class=\"replace-zoom\" title=\"Repsol Honda RC212V\" href=\"#\" rel=\"nofollow\" data-image-src=\"https:\/\/www.boxrepsol.com\/wp-content\/themes\/theme-boxrepsol-child\/static\/images\/motos-campeonas\/motos\/stoner\/01.png\" data-image-zoom=\"https:\/\/www.boxrepsol.com\/wp-content\/themes\/theme-boxrepsol-child\/static\/images\/motos-campeonas\/motos\/stoner\/grandes\/01.jpg\"><img decoding=\"async\" title=\"Repsol Honda RC212V\" src=\"https:\/\/www.boxrepsol.com\/wp-content\/themes\/theme-boxrepsol-child\/static\/images\/motos-campeonas\/motos\/stoner\/mini\/01.jpg\" alt=\"Vista lateral de la moto\" \/><\/a><\/li>\n<li><a class=\"replace-zoom\" title=\"Repsol Honda RC212V\" href=\"#\" rel=\"nofollow\" data-image-src=\"https:\/\/www.boxrepsol.com\/wp-content\/themes\/theme-boxrepsol-child\/static\/images\/motos-campeonas\/motos\/stoner\/02.png\" data-image-zoom=\"https:\/\/www.boxrepsol.com\/wp-content\/themes\/theme-boxrepsol-child\/static\/images\/motos-campeonas\/motos\/stoner\/grandes\/02.jpg\"><img decoding=\"async\" title=\"Repsol Honda RC212V\" src=\"https:\/\/www.boxrepsol.com\/wp-content\/themes\/theme-boxrepsol-child\/static\/images\/motos-campeonas\/motos\/stoner\/mini\/02.jpg\" alt=\"Vista frontal de la moto\" \/><\/a><\/li>\n<li class=\"no-margin\"><a class=\"replace-zoom\" title=\"Repsol Honda RC212V\" href=\"#\" rel=\"nofollow\" data-image-src=\"https:\/\/www.boxrepsol.com\/wp-content\/themes\/theme-boxrepsol-child\/static\/images\/motos-campeonas\/motos\/stoner\/03.png\" data-image-zoom=\"https:\/\/www.boxrepsol.com\/wp-content\/themes\/theme-boxrepsol-child\/static\/images\/motos-campeonas\/motos\/stoner\/grandes\/03.jpg\"><img decoding=\"async\" title=\"Repsol Honda RC212V\" src=\"https:\/\/www.boxrepsol.com\/wp-content\/themes\/theme-boxrepsol-child\/static\/images\/motos-campeonas\/motos\/stoner\/mini\/03.jpg\" alt=\"Vista trasera de la moto\" \/><\/a><\/li>\n<li><a class=\"replace-zoom\" title=\"Repsol Honda RC212V\" href=\"#\" rel=\"nofollow\" data-image-src=\"https:\/\/www.boxrepsol.com\/wp-content\/themes\/theme-boxrepsol-child\/static\/images\/motos-campeonas\/motos\/stoner\/04.png\" data-image-zoom=\"https:\/\/www.boxrepsol.com\/wp-content\/themes\/theme-boxrepsol-child\/static\/images\/motos-campeonas\/motos\/stoner\/grandes\/04.jpg\"><img decoding=\"async\" title=\"Repsol Honda RC212V\" src=\"https:\/\/www.boxrepsol.com\/wp-content\/themes\/theme-boxrepsol-child\/static\/images\/motos-campeonas\/motos\/stoner\/mini\/04.jpg\" alt=\"Detalle del veloc\u00edmetro de la moto\" \/><\/a><\/li>\n<li><a class=\"replace-zoom\" title=\"Repsol Honda RC212V\" href=\"#\" rel=\"nofollow\" data-image-src=\"https:\/\/www.boxrepsol.com\/wp-content\/themes\/theme-boxrepsol-child\/static\/images\/motos-campeonas\/motos\/stoner\/05.png\" data-image-zoom=\"https:\/\/www.boxrepsol.com\/wp-content\/themes\/theme-boxrepsol-child\/static\/images\/motos-campeonas\/motos\/stoner\/grandes\/05.jpg\"><img decoding=\"async\" title=\"Repsol Honda RC212V\" src=\"https:\/\/www.boxrepsol.com\/wp-content\/themes\/theme-boxrepsol-child\/static\/images\/motos-campeonas\/motos\/stoner\/mini\/05.jpg\" alt=\"Detalle del logo Stoner de la moto\" \/><\/a><\/li>\n<li class=\"no-margin\"><a class=\"replace-zoom\" title=\"Repsol Honda RC212V\" href=\"#\" rel=\"nofollow\" data-image-src=\"https:\/\/www.boxrepsol.com\/wp-content\/themes\/theme-boxrepsol-child\/static\/images\/motos-campeonas\/motos\/stoner\/06.png\" data-image-zoom=\"https:\/\/www.boxrepsol.com\/wp-content\/themes\/theme-boxrepsol-child\/static\/images\/motos-campeonas\/motos\/stoner\/grandes\/06.jpg\"><img decoding=\"async\" title=\"Repsol Honda RC212V\" src=\"https:\/\/www.boxrepsol.com\/wp-content\/themes\/theme-boxrepsol-child\/static\/images\/motos-campeonas\/motos\/stoner\/mini\/06.jpg\" alt=\"Detalle de la rueda de la moto\" \/><\/a><\/li>\n<\/ul>\n<\/div>\n<\/div>\n<div class=\"mas-info estirar d-flex flex-wrap justify-content-center ms-4 ms-md-0 me-4 me-md-0\">\n<div class=\"col-izq col-12 col-md-8 row\">\n<h3 class=\"col-12 col-md-8\">As\u00ed se gest\u00f3 la moto campeona de Stoner:<\/h3>\n<div class=\"mod-izq col-12 col-md-6\">\n<p>Debido a la nueva cilindrada m\u00e1xima de 800cc, impuesta en 2007, <strong>Honda desarroll\u00f3 un nuevo motor V4. Durante los a\u00f1os siguientes mejor\u00f3 la electr\u00f3nica,<\/strong> introdujo el sistema de v\u00e1lvulas neum\u00e1ticas y optimiz\u00f3 el reparto de masas para crear una moto a\u00fan m\u00e1s manejable. Adem\u00e1s, para mantener una alta potencia, se recurr\u00eda al encendido screamer. Es esta moto, con sus correspondientes evoluciones, la que <strong>llega a manos de Stoner en 2011,<\/strong> con el nuevo cambio \u2018seamless\u2019, que permit\u00eda exprimir a\u00fan m\u00e1s el rendimiento del propulsor.<\/p>\n<\/div>\n<div class=\"mod-der col-12 col-md-5\">\n<div class=\"mod-twitter\"><a title=\"Compartir en Twitter\" href=\"http:\/\/twitter.com\/share?text=En%202011,%20el%20cambio%20'seamless'%20permiti%C3%B3%20a%20Honda%20exprimir%20a%C3%BAn%20m%C3%A1s%20el%20rendimiento%20del%20propulsor&amp;url=http:\/\/bit.ly\/1r77J96\" target=\"_blank\" rel=\"noopener\">En 2011, el cambio &#8216;seamless&#8217; permiti\u00f3 a Honda exprimir a\u00fan m\u00e1s el rendimiento del propulsor.<\/a><br \/><a class=\"twitter-share-button\" title=\"Compartir en Twitter\" href=\"http:\/\/twitter.com\/share?text=En%202011,%20el%20cambio%20'seamless'%20permiti%C3%B3%20a%20Honda%20exprimir%20a%C3%BAn%20m%C3%A1s%20el%20rendimiento%20del%20propulsor&amp;url=http:\/\/bit.ly\/1r77J96\">Compartir<\/a><\/div>\n<p>La potencia m\u00e1xima superaba los 200 caballos, lo que implic\u00f3 cierta p\u00e9rdida de velocidad punta respecto a las 990cc. Pero la posibilidad de frenar m\u00e1s tarde y acelerar antes en la salida de las curvas supuso que los tiempos por vuelta apenas sufrieran variaciones.<\/p>\n<\/div>\n<\/div>\n<div class=\"col-der col-10 col-md-4\">\n<h3><img decoding=\"async\" src=\"https:\/\/www.boxrepsol.com\/wp-content\/themes\/theme-boxrepsol-child\/static\/images\/motos-campeonas\/txt-palmares.png\" alt=\"Palmar\u00e9s\" \/><\/h3>\n<ul>\n<li>Campeonatos Mundiales: <strong>1<\/strong><\/li>\n<li>Victorias con Stoner (2011): <strong>10<\/strong><\/li>\n<li>Podios con Stoner (2011): <strong>16<\/strong><\/li>\n<\/ul>\n<\/div>\n<\/div>\n<\/div>\n<\/div>","protected":false},"excerpt":{"rendered":"<p>RC212V Casey Stoner Doohan Crivill\u00e9 Rossi Hayden Stoner M\u00e1rquez Honda RC212V (2011) Casey Stoner lleg\u00f3 en 2011 al Equipo Repsol Honda. En su primer a\u00f1o con los colores Repsol, el australiano supo asociar su agresivo estilo de pilotaje a una m\u00e1quina perfectamente trabajada por Honda y por Repsol. As\u00ed se gest\u00f3 la moto campeona de [&hellip;]<\/p>\n","protected":false},"author":1,"featured_media":0,"parent":3747,"menu_order":0,"comment_status":"closed","ping_status":"closed","template":"","meta":{"footnotes":""},"class_list":["post-3757","page","type-page","status-publish","hentry"],"yoast_head":"<!-- This site is optimized with the Yoast SEO plugin v27.3 - https:\/\/yoast.com\/product\/yoast-seo-wordpress\/ -->\n<title>RC212V Stoner - Box Repsol<\/title>\n<meta name=\"description\" content=\"La RC212V de Casey Stoner: Una m\u00e1quina legendaria que conquist\u00f3 las pistas de MotoGP. Explora su historia y legado.\" \/>\n<link rel=\"canonical\" href=\"https:\/\/www.boxrepsol.com\/es\/las-6-motos-campeonas-del-mundo\/rc212v-stoner\/\" \/>\n<meta property=\"og:locale\" content=\"es_ES\" \/>\n<meta property=\"og:type\" content=\"article\" \/>\n<meta property=\"og:title\" content=\"RC212V Stoner - Box Repsol\" \/>\n<meta property=\"og:description\" content=\"La RC212V de Casey Stoner: Una m\u00e1quina legendaria que conquist\u00f3 las pistas de MotoGP. Explora su historia y legado.\" \/>\n<meta property=\"og:url\" content=\"https:\/\/www.boxrepsol.com\/es\/las-6-motos-campeonas-del-mundo\/rc212v-stoner\/\" \/>\n<meta property=\"og:site_name\" content=\"Box Repsol\" \/>\n<meta property=\"article:publisher\" content=\"https:\/\/www.facebook.com\/BoxRepsol\" \/>\n<meta property=\"article:modified_time\" content=\"2024-10-16T14:42:46+00:00\" \/>\n<meta name=\"twitter:card\" content=\"summary_large_image\" \/>\n<meta name=\"twitter:site\" content=\"@box_repsol\" \/>\n<meta name=\"twitter:label1\" content=\"Est. reading time\" \/>\n\t<meta name=\"twitter:data1\" content=\"1 minuto\" \/>\n<script type=\"application\/ld+json\" class=\"yoast-schema-graph\">{\"@context\":\"https:\\\/\\\/schema.org\",\"@graph\":[{\"@type\":\"WebPage\",\"@id\":\"https:\\\/\\\/www.boxrepsol.com\\\/es\\\/las-6-motos-campeonas-del-mundo\\\/rc212v-stoner\\\/\",\"url\":\"https:\\\/\\\/www.boxrepsol.com\\\/es\\\/las-6-motos-campeonas-del-mundo\\\/rc212v-stoner\\\/\",\"name\":\"RC212V Stoner - Box Repsol\",\"isPartOf\":{\"@id\":\"https:\\\/\\\/www.boxrepsol.com\\\/es\\\/#website\"},\"datePublished\":\"2017-05-04T02:00:00+00:00\",\"dateModified\":\"2024-10-16T14:42:46+00:00\",\"description\":\"La RC212V de Casey Stoner: Una m\u00e1quina legendaria que conquist\u00f3 las pistas de MotoGP. Explora su historia y legado.\",\"breadcrumb\":{\"@id\":\"https:\\\/\\\/www.boxrepsol.com\\\/es\\\/las-6-motos-campeonas-del-mundo\\\/rc212v-stoner\\\/#breadcrumb\"},\"inLanguage\":\"es\",\"potentialAction\":[{\"@type\":\"ReadAction\",\"target\":[\"https:\\\/\\\/www.boxrepsol.com\\\/es\\\/las-6-motos-campeonas-del-mundo\\\/rc212v-stoner\\\/\"]}]},{\"@type\":\"BreadcrumbList\",\"@id\":\"https:\\\/\\\/www.boxrepsol.com\\\/es\\\/las-6-motos-campeonas-del-mundo\\\/rc212v-stoner\\\/#breadcrumb\",\"itemListElement\":[{\"@type\":\"ListItem\",\"position\":1,\"name\":\"Home\",\"item\":\"https:\\\/\\\/www.boxrepsol.com\\\/es\\\/\"},{\"@type\":\"ListItem\",\"position\":2,\"name\":\"Las 6 motos Campeonas del Mundo\",\"item\":\"https:\\\/\\\/www.boxrepsol.com\\\/es\\\/las-6-motos-campeonas-del-mundo\\\/\"},{\"@type\":\"ListItem\",\"position\":3,\"name\":\"RC212V Stoner\"}]},{\"@type\":\"WebSite\",\"@id\":\"https:\\\/\\\/www.boxrepsol.com\\\/es\\\/#website\",\"url\":\"https:\\\/\\\/www.boxrepsol.com\\\/es\\\/\",\"name\":\"Box Repsol\",\"description\":\"Box Repsol Site\",\"publisher\":{\"@id\":\"https:\\\/\\\/www.boxrepsol.com\\\/es\\\/#organization\"},\"potentialAction\":[{\"@type\":\"SearchAction\",\"target\":{\"@type\":\"EntryPoint\",\"urlTemplate\":\"https:\\\/\\\/www.boxrepsol.com\\\/es\\\/?s={search_term_string}\"},\"query-input\":{\"@type\":\"PropertyValueSpecification\",\"valueRequired\":true,\"valueName\":\"search_term_string\"}}],\"inLanguage\":\"es\"},{\"@type\":\"Organization\",\"@id\":\"https:\\\/\\\/www.boxrepsol.com\\\/es\\\/#organization\",\"name\":\"Box Repsol\",\"url\":\"https:\\\/\\\/www.boxrepsol.com\\\/es\\\/\",\"logo\":{\"@type\":\"ImageObject\",\"inLanguage\":\"es\",\"@id\":\"https:\\\/\\\/www.boxrepsol.com\\\/es\\\/#\\\/schema\\\/logo\\\/image\\\/\",\"url\":\"https:\\\/\\\/bxrepsol.s3.eu-west-1.amazonaws.com\\\/static\\\/2025\\\/07\\\/30083337\\\/favicon-96x96-1.png\",\"contentUrl\":\"https:\\\/\\\/bxrepsol.s3.eu-west-1.amazonaws.com\\\/static\\\/2025\\\/07\\\/30083337\\\/favicon-96x96-1.png\",\"width\":96,\"height\":96,\"caption\":\"Box Repsol\"},\"image\":{\"@id\":\"https:\\\/\\\/www.boxrepsol.com\\\/es\\\/#\\\/schema\\\/logo\\\/image\\\/\"},\"sameAs\":[\"https:\\\/\\\/www.facebook.com\\\/BoxRepsol\",\"https:\\\/\\\/x.com\\\/box_repsol\",\"http:\\\/\\\/instagram.com\\\/box_repsol\",\"https:\\\/\\\/www.youtube.com\\\/user\\\/RepsolCompeticion\",\"https:\\\/\\\/www.flickr.com\\\/photos\\\/box_repsol\\\/\"]}]}<\/script>\n<!-- \/ Yoast SEO plugin. -->","yoast_head_json":{"title":"RC212V Stoner - Box Repsol","description":"La RC212V de Casey Stoner: Una m\u00e1quina legendaria que conquist\u00f3 las pistas de MotoGP. Explora su historia y legado.","canonical":"https:\/\/www.boxrepsol.com\/es\/las-6-motos-campeonas-del-mundo\/rc212v-stoner\/","og_locale":"es_ES","og_type":"article","og_title":"RC212V Stoner - Box Repsol","og_description":"La RC212V de Casey Stoner: Una m\u00e1quina legendaria que conquist\u00f3 las pistas de MotoGP. Explora su historia y legado.","og_url":"https:\/\/www.boxrepsol.com\/es\/las-6-motos-campeonas-del-mundo\/rc212v-stoner\/","og_site_name":"Box Repsol","article_publisher":"https:\/\/www.facebook.com\/BoxRepsol","article_modified_time":"2024-10-16T14:42:46+00:00","twitter_card":"summary_large_image","twitter_site":"@box_repsol","twitter_misc":{"Est. reading time":"1 minuto"},"schema":{"@context":"https:\/\/schema.org","@graph":[{"@type":"WebPage","@id":"https:\/\/www.boxrepsol.com\/es\/las-6-motos-campeonas-del-mundo\/rc212v-stoner\/","url":"https:\/\/www.boxrepsol.com\/es\/las-6-motos-campeonas-del-mundo\/rc212v-stoner\/","name":"RC212V Stoner - Box Repsol","isPartOf":{"@id":"https:\/\/www.boxrepsol.com\/es\/#website"},"datePublished":"2017-05-04T02:00:00+00:00","dateModified":"2024-10-16T14:42:46+00:00","description":"La RC212V de Casey Stoner: Una m\u00e1quina legendaria que conquist\u00f3 las pistas de MotoGP. Explora su historia y legado.","breadcrumb":{"@id":"https:\/\/www.boxrepsol.com\/es\/las-6-motos-campeonas-del-mundo\/rc212v-stoner\/#breadcrumb"},"inLanguage":"es","potentialAction":[{"@type":"ReadAction","target":["https:\/\/www.boxrepsol.com\/es\/las-6-motos-campeonas-del-mundo\/rc212v-stoner\/"]}]},{"@type":"BreadcrumbList","@id":"https:\/\/www.boxrepsol.com\/es\/las-6-motos-campeonas-del-mundo\/rc212v-stoner\/#breadcrumb","itemListElement":[{"@type":"ListItem","position":1,"name":"Home","item":"https:\/\/www.boxrepsol.com\/es\/"},{"@type":"ListItem","position":2,"name":"Las 6 motos Campeonas del Mundo","item":"https:\/\/www.boxrepsol.com\/es\/las-6-motos-campeonas-del-mundo\/"},{"@type":"ListItem","position":3,"name":"RC212V Stoner"}]},{"@type":"WebSite","@id":"https:\/\/www.boxrepsol.com\/es\/#website","url":"https:\/\/www.boxrepsol.com\/es\/","name":"Box Repsol","description":"Box Repsol Site","publisher":{"@id":"https:\/\/www.boxrepsol.com\/es\/#organization"},"potentialAction":[{"@type":"SearchAction","target":{"@type":"EntryPoint","urlTemplate":"https:\/\/www.boxrepsol.com\/es\/?s={search_term_string}"},"query-input":{"@type":"PropertyValueSpecification","valueRequired":true,"valueName":"search_term_string"}}],"inLanguage":"es"},{"@type":"Organization","@id":"https:\/\/www.boxrepsol.com\/es\/#organization","name":"Box Repsol","url":"https:\/\/www.boxrepsol.com\/es\/","logo":{"@type":"ImageObject","inLanguage":"es","@id":"https:\/\/www.boxrepsol.com\/es\/#\/schema\/logo\/image\/","url":"https:\/\/bxrepsol.s3.eu-west-1.amazonaws.com\/static\/2025\/07\/30083337\/favicon-96x96-1.png","contentUrl":"https:\/\/bxrepsol.s3.eu-west-1.amazonaws.com\/static\/2025\/07\/30083337\/favicon-96x96-1.png","width":96,"height":96,"caption":"Box Repsol"},"image":{"@id":"https:\/\/www.boxrepsol.com\/es\/#\/schema\/logo\/image\/"},"sameAs":["https:\/\/www.facebook.com\/BoxRepsol","https:\/\/x.com\/box_repsol","http:\/\/instagram.com\/box_repsol","https:\/\/www.youtube.com\/user\/RepsolCompeticion","https:\/\/www.flickr.com\/photos\/box_repsol\/"]}]}},"_links":{"self":[{"href":"https:\/\/www.boxrepsol.com\/es\/wp-json\/wp\/v2\/pages\/3757","targetHints":{"allow":["GET"]}}],"collection":[{"href":"https:\/\/www.boxrepsol.com\/es\/wp-json\/wp\/v2\/pages"}],"about":[{"href":"https:\/\/www.boxrepsol.com\/es\/wp-json\/wp\/v2\/types\/page"}],"author":[{"embeddable":true,"href":"https:\/\/www.boxrepsol.com\/es\/wp-json\/wp\/v2\/users\/1"}],"replies":[{"embeddable":true,"href":"https:\/\/www.boxrepsol.com\/es\/wp-json\/wp\/v2\/comments?post=3757"}],"version-history":[{"count":4,"href":"https:\/\/www.boxrepsol.com\/es\/wp-json\/wp\/v2\/pages\/3757\/revisions"}],"predecessor-version":[{"id":121283,"href":"https:\/\/www.boxrepsol.com\/es\/wp-json\/wp\/v2\/pages\/3757\/revisions\/121283"}],"up":[{"embeddable":true,"href":"https:\/\/www.boxrepsol.com\/es\/wp-json\/wp\/v2\/pages\/3747"}],"wp:attachment":[{"href":"https:\/\/www.boxrepsol.com\/es\/wp-json\/wp\/v2\/media?parent=3757"}],"curies":[{"name":"wp","href":"https:\/\/api.w.org\/{rel}","templated":true}]}}