{"id":3753,"date":"2017-05-04T00:00:00","date_gmt":"2017-05-04T02:00:00","guid":{"rendered":"http:\/\/pre.boxrepsol.com\/rc211v-rossi\/"},"modified":"2024-10-16T12:41:54","modified_gmt":"2024-10-16T14:41:54","slug":"rc211v-rossi","status":"publish","type":"page","link":"https:\/\/www.boxrepsol.com\/es\/las-6-motos-campeonas-del-mundo\/rc211v-rossi\/","title":{"rendered":"RC211V Rossi"},"content":{"rendered":"\n<h1 class=\"wp-block-heading\">RC211V Valentino Rossi<\/h1>\n\n\n<div id=\"cont-motos-leyenda\" class=\"ficha-moto estirar\">\n<p><!-- ====== CABECERA DE LA FICHA ===== --><\/p>\n<div class=\"cab-ficha estirar\">\n<h2><a title=\"Las 6 motos campeonas del mundo\" href=\"\/las-6-motos-campeonas-del-mundo\/\"><img decoding=\"async\" src=\"https:\/\/www.boxrepsol.com\/wp-content\/themes\/theme-boxrepsol-child\/static\/images\/motos-campeonas\/titular-6-motos-campeonas.png\" alt=\"Las 6 Motos campeonas del mundo\" \/><\/a><\/h2>\n<ul class=\"nav-motos estirar\">\n<li class=\"me-3 me-md-0 ms-2 ms-md-0\"><a class=\"relmob\" title=\"Repsol Honda NSR 500\" href=\"\/las-6-motos-campeonas-del-mundo\/nsr500-doohan\/\" target=\"_top\" rel=\"noopener\">Doohan<img decoding=\"async\" title=\"Repsol Honda NSR 500\" src=\"https:\/\/www.boxrepsol.com\/wp-content\/themes\/theme-boxrepsol-child\/static\/images\/motos-campeonas\/motos\/min\/moto_02.png\" alt=\"La moto de Mick Doohan\" \/><br \/><\/a><\/li>\n<li class=\"me-3 me-md-0 ms-2 ms-md-0\"><a class=\"relmob\" title=\"Repsol Honda NSR 500\" href=\"\/las-6-motos-campeonas-del-mundo\/nsr500-criville\/\" target=\"_top\" rel=\"noopener\">Crivill\u00e9<img decoding=\"async\" title=\"Repsol Honda NSR 500\" src=\"https:\/\/www.boxrepsol.com\/wp-content\/themes\/theme-boxrepsol-child\/static\/images\/motos-campeonas\/motos\/min\/moto_01.png\" alt=\"La moto de \u00c1lex Crivill\u00e9\" \/><\/a><\/li>\n<li class=\"me-3 me-md-0 ms-2 ms-md-0\"><a class=\"relmob active\" title=\"Repsol Honda RC211V\" href=\"\/las-6-motos-campeonas-del-mundo\/rc211v-rossi\/\" target=\"_top\" rel=\"noopener\">Rossi<img decoding=\"async\" title=\"Repsol Honda RC211V\" src=\"https:\/\/www.boxrepsol.com\/wp-content\/themes\/theme-boxrepsol-child\/static\/images\/motos-campeonas\/motos\/min\/moto_05.png\" alt=\"La moto de Valentino Rossi\" \/><\/a><\/li>\n<li class=\"me-3 me-md-0 ms-2 ms-md-0\"><a class=\"relmob\" title=\"Repsol Honda RC211V\" href=\"\/las-6-motos-campeonas-del-mundo\/rc211v-hayden\/\" target=\"_top\" rel=\"noopener\">Hayden<img decoding=\"async\" title=\"Repsol Honda RC211V\" src=\"https:\/\/www.boxrepsol.com\/wp-content\/themes\/theme-boxrepsol-child\/static\/images\/motos-campeonas\/motos\/min\/moto_03.png\" alt=\"La moto de Nicky Hayden\" \/><br \/><\/a><\/li>\n<li class=\"me-3 me-md-0 ms-2 ms-md-0\"><a class=\"relmob\" title=\"Repsol Honda RC212V\" href=\"\/las-6-motos-campeonas-del-mundo\/rc212v-stoner\/\" target=\"_top\" rel=\"noopener\">Stoner<img decoding=\"async\" title=\"Repsol Honda RC212V\" src=\"https:\/\/www.boxrepsol.com\/wp-content\/themes\/theme-boxrepsol-child\/static\/images\/motos-campeonas\/motos\/min\/moto_06.png\" alt=\"La moto de Casey Stoner\" \/><br \/><\/a><\/li>\n<li class=\"me-3 me-md-0 ms-2 ms-md-0\"><a class=\"relmob\" title=\"Repsol Honda RC213V\" href=\"https:\/\/www.boxrepsol.com\/es\/las-6-motos-campeonas-del-mundo\/rc213v-marquez\/\" target=\"_top\" rel=\"noopener\">M\u00e1rquez<img decoding=\"async\" title=\"Repsol Honda RC213V \" src=\"https:\/\/www.boxrepsol.com\/wp-content\/themes\/theme-boxrepsol-child\/static\/images\/motos-campeonas\/motos\/min\/moto_04.png\" alt=\"La moto de Marc M\u00e1rquez\" \/><br \/><\/a><\/li>\n<\/ul>\n<\/div>\n<p><!-- ====== CABECERA DE LA FICHA ===== --><\/p>\n<div class=\"cont-ficha\">\n<div class=\"detalles-ficha\">\n<h3>Honda <strong>RC211V<\/strong> (2002 y 2003)<\/h3>\n<p>Valentino Rossi es sin duda una de las <strong>grandes leyendas de la Historia del Motociclismo<\/strong>. Durante las temporadas 2002 y 2003, el piloto italiano logr\u00f3 sendos t\u00edtulos mundiales con los colores Repsol sobre la Honda RC211V.<\/p>\n<\/div>\n<div class=\"galeria estirar\">\n<div class=\"\">\n<div class=\"foto\"><a id=\"zoom\" class=\"push__datalayer\" title=\"Repsol Honda RC211V\" href=\"https:\/\/www.boxrepsol.com\/wp-content\/themes\/theme-boxrepsol-child\/static\/images\/motos-campeonas\/motos\/rossi\/grandes\/01.jpg\" data-gallery=\"\"><br \/><img decoding=\"async\" src=\"https:\/\/www.boxrepsol.com\/wp-content\/themes\/theme-boxrepsol-child\/static\/images\/motos-campeonas\/motos\/rossi\/01.png\" alt=\"Repsol Honda RC213V\" \/><br \/><\/a><\/div>\n<\/div>\n<div class=\"\">\n<ul>\n<li><a class=\"replace-zoom\" title=\"Repsol Honda RC213V\" href=\"#\" rel=\"nofollow\" data-image-src=\"https:\/\/www.boxrepsol.com\/wp-content\/themes\/theme-boxrepsol-child\/static\/images\/motos-campeonas\/motos\/rossi\/01.png\" data-image-zoom=\"https:\/\/www.boxrepsol.com\/wp-content\/themes\/theme-boxrepsol-child\/static\/images\/motos-campeonas\/motos\/rossi\/grandes\/01.jpg\"><img decoding=\"async\" title=\"Repsol Honda RC213V\" src=\"https:\/\/www.boxrepsol.com\/wp-content\/themes\/theme-boxrepsol-child\/static\/images\/motos-campeonas\/motos\/rossi\/mini\/01.jpg\" alt=\"Vista lateral de la moto\" \/><\/a><\/li>\n<li><a class=\"replace-zoom\" title=\"Repsol Honda RC213V\" href=\"#\" rel=\"nofollow\" data-image-src=\"https:\/\/www.boxrepsol.com\/wp-content\/themes\/theme-boxrepsol-child\/static\/images\/motos-campeonas\/motos\/rossi\/02.png\" data-image-zoom=\"https:\/\/www.boxrepsol.com\/wp-content\/themes\/theme-boxrepsol-child\/static\/images\/motos-campeonas\/motos\/rossi\/grandes\/02.jpg\"><img decoding=\"async\" title=\"Repsol Honda RC213V\" src=\"https:\/\/www.boxrepsol.com\/wp-content\/themes\/theme-boxrepsol-child\/static\/images\/motos-campeonas\/motos\/rossi\/mini\/02.jpg\" alt=\"Vista frontal de la moto\" \/><\/a><\/li>\n<li class=\"no-margin\"><a class=\"replace-zoom\" title=\"Repsol Honda RC213V\" href=\"#\" rel=\"nofollow\" data-image-src=\"https:\/\/www.boxrepsol.com\/wp-content\/themes\/theme-boxrepsol-child\/static\/images\/motos-campeonas\/motos\/rossi\/03.png\" data-image-zoom=\"https:\/\/www.boxrepsol.com\/wp-content\/themes\/theme-boxrepsol-child\/static\/images\/motos-campeonas\/motos\/rossi\/grandes\/03.jpg\"><img decoding=\"async\" title=\"Repsol Honda RC213V\" src=\"https:\/\/www.boxrepsol.com\/wp-content\/themes\/theme-boxrepsol-child\/static\/images\/motos-campeonas\/motos\/rossi\/mini\/03.jpg\" alt=\"Vista trasera de la moto\" \/><\/a><\/li>\n<li><a class=\"replace-zoom\" title=\"Repsol Honda RC213V\" href=\"#\" rel=\"nofollow\" data-image-src=\"https:\/\/www.boxrepsol.com\/wp-content\/themes\/theme-boxrepsol-child\/static\/images\/motos-campeonas\/motos\/rossi\/04.png\" data-image-zoom=\"https:\/\/www.boxrepsol.com\/wp-content\/themes\/theme-boxrepsol-child\/static\/images\/motos-campeonas\/motos\/rossi\/grandes\/04.jpg\"><img decoding=\"async\" title=\"Repsol Honda RC213V\" src=\"https:\/\/www.boxrepsol.com\/wp-content\/themes\/theme-boxrepsol-child\/static\/images\/motos-campeonas\/motos\/rossi\/mini\/04.jpg\" alt=\"Detalle del veloc\u00edmetro de la moto\" \/><\/a><\/li>\n<li><a class=\"replace-zoom\" title=\"Repsol Honda RC213V\" href=\"#\" rel=\"nofollow\" data-image-src=\"https:\/\/www.boxrepsol.com\/wp-content\/themes\/theme-boxrepsol-child\/static\/images\/motos-campeonas\/motos\/rossi\/05.png\" data-image-zoom=\"https:\/\/www.boxrepsol.com\/wp-content\/themes\/theme-boxrepsol-child\/static\/images\/motos-campeonas\/motos\/rossi\/grandes\/05.jpg\"><img decoding=\"async\" title=\"Repsol Honda RC213V\" src=\"https:\/\/www.boxrepsol.com\/wp-content\/themes\/theme-boxrepsol-child\/static\/images\/motos-campeonas\/motos\/rossi\/mini\/05.jpg\" alt=\"Detalle del logo The Doctor de la moto\" \/><\/a><\/li>\n<li class=\"no-margin\"><a class=\"replace-zoom\" title=\"Repsol Honda RC213V\" href=\"#\" rel=\"nofollow\" data-image-src=\"https:\/\/www.boxrepsol.com\/wp-content\/themes\/theme-boxrepsol-child\/static\/images\/motos-campeonas\/motos\/rossi\/06.png\" data-image-zoom=\"https:\/\/www.boxrepsol.com\/wp-content\/themes\/theme-boxrepsol-child\/static\/images\/motos-campeonas\/motos\/rossi\/grandes\/06.jpg\"><img decoding=\"async\" title=\"Repsol Honda RC213V\" src=\"https:\/\/www.boxrepsol.com\/wp-content\/themes\/theme-boxrepsol-child\/static\/images\/motos-campeonas\/motos\/rossi\/mini\/06.jpg\" alt=\"Detalle de la rueda de la moto\" \/><\/a><\/li>\n<\/ul>\n<\/div>\n<\/div>\n<div class=\"mas-info estirar d-flex flex-wrap justify-content-center ms-4 ms-md-0 me-4 me-md-0\">\n<div class=\"col-izq col-12 col-md-8 row\">\n<h3 class=\"col-12 col-md-8\">As\u00ed se gest\u00f3 la moto campeona de Rossi:<\/h3>\n<div class=\"mod-izq col-12 col-md-6\">\n<p>En la temporada 2002, con el cambio de normativa para permitir el uso de motores de cuatro tiempos, Honda cre\u00f3 la RC211V. Haciendo uso del sistema \u201cBig Bang\u201d que ya ven\u00eda trabajando desde a\u00f1os antes (para la legendaria NSR500), la f\u00e1brica japonesa dise\u00f1\u00f3 un motor V5 de 990cc que r\u00e1pidamente demostr\u00f3 <strong>ser superior al resto de mec\u00e1nicas<\/strong>, y a la que Rossi supo sacar todo su potencial.<\/p>\n<\/div>\n<div class=\"mod-der col-12 col-md-5\">\n<div class=\"mod-twitter\"><a title=\"Compartir en Twitter\" href=\"http:\/\/twitter.com\/share?text=Con%20la%20Honda%20RC211V%20y%20Repsol,%20Rossi%20fue%20campe%C3%B3n%20en%202002%20y%202003&amp;url=http:\/\/bit.ly\/1uiKwHh\" target=\"_blank\" rel=\"noopener\">Con la Honda RC211V y Repsol, Rossi fue campe\u00f3n en 2002 y 2003<\/a><br \/><a class=\"twitter-share-button\" title=\"Compartir en Twitter\" href=\"http:\/\/twitter.com\/share?text=Con%20la%20Honda%20RC211V%20y%20Repsol,%20Rossi%20fue%20campe%C3%B3n%20en%202002%20y%202003&amp;url=http:\/\/bit.ly\/1uiKwHh\">Compartir<\/a><\/div>\n<p>Los n\u00fameros avalan a esta moto: con ella, los pilotos llegaron a superar incluso los 330 km\/h de velocidad, gracias a sus m\u00e1s de 200 caballos de potencia.<\/p>\n<\/div>\n<\/div>\n<div class=\"col-der col-10 col-md-4\">\n<h3><img decoding=\"async\" src=\"https:\/\/www.boxrepsol.com\/wp-content\/themes\/theme-boxrepsol-child\/static\/images\/motos-campeonas\/txt-palmares.png\" alt=\"Palmar\u00e9s\" \/><\/h3>\n<ul>\n<li>Campeonatos Mundiales: <strong>2<\/strong><\/li>\n<li>Victorias con Rossi (2002 y 2003): <strong>20<\/strong><\/li>\n<li>Podios con Rossi (2002 y 2003): <strong>31<\/strong><\/li>\n<\/ul>\n<\/div>\n<\/div>\n<\/div>\n<\/div>","protected":false},"excerpt":{"rendered":"<p>RC211V Valentino Rossi Doohan Crivill\u00e9 Rossi Hayden Stoner M\u00e1rquez Honda RC211V (2002 y 2003) Valentino Rossi es sin duda una de las grandes leyendas de la Historia del Motociclismo. Durante las temporadas 2002 y 2003, el piloto italiano logr\u00f3 sendos t\u00edtulos mundiales con los colores Repsol sobre la Honda RC211V. As\u00ed se gest\u00f3 la moto [&hellip;]<\/p>\n","protected":false},"author":1,"featured_media":0,"parent":3747,"menu_order":0,"comment_status":"closed","ping_status":"closed","template":"","meta":{"footnotes":""},"class_list":["post-3753","page","type-page","status-publish","hentry"],"yoast_head":"<!-- This site is optimized with the Yoast SEO plugin v27.3 - https:\/\/yoast.com\/product\/yoast-seo-wordpress\/ -->\n<title>RC211V Rossi - Box Repsol<\/title>\n<meta name=\"description\" content=\"Descubre la RC211V de Valentino Rossi: La moto que hizo historia en MotoGP. Descubre su impacto en la historia de este deporte.\" \/>\n<link rel=\"canonical\" href=\"https:\/\/www.boxrepsol.com\/es\/las-6-motos-campeonas-del-mundo\/rc211v-rossi\/\" \/>\n<meta property=\"og:locale\" content=\"es_ES\" \/>\n<meta property=\"og:type\" content=\"article\" \/>\n<meta property=\"og:title\" content=\"RC211V Rossi - Box Repsol\" \/>\n<meta property=\"og:description\" content=\"Descubre la RC211V de Valentino Rossi: La moto que hizo historia en MotoGP. Descubre su impacto en la historia de este deporte.\" \/>\n<meta property=\"og:url\" content=\"https:\/\/www.boxrepsol.com\/es\/las-6-motos-campeonas-del-mundo\/rc211v-rossi\/\" \/>\n<meta property=\"og:site_name\" content=\"Box Repsol\" \/>\n<meta property=\"article:publisher\" content=\"https:\/\/www.facebook.com\/BoxRepsol\" \/>\n<meta property=\"article:modified_time\" content=\"2024-10-16T14:41:54+00:00\" \/>\n<meta name=\"twitter:card\" content=\"summary_large_image\" \/>\n<meta name=\"twitter:site\" content=\"@box_repsol\" \/>\n<meta name=\"twitter:label1\" content=\"Est. reading time\" \/>\n\t<meta name=\"twitter:data1\" content=\"1 minuto\" \/>\n<script type=\"application\/ld+json\" class=\"yoast-schema-graph\">{\"@context\":\"https:\\\/\\\/schema.org\",\"@graph\":[{\"@type\":\"WebPage\",\"@id\":\"https:\\\/\\\/www.boxrepsol.com\\\/es\\\/las-6-motos-campeonas-del-mundo\\\/rc211v-rossi\\\/\",\"url\":\"https:\\\/\\\/www.boxrepsol.com\\\/es\\\/las-6-motos-campeonas-del-mundo\\\/rc211v-rossi\\\/\",\"name\":\"RC211V Rossi - Box Repsol\",\"isPartOf\":{\"@id\":\"https:\\\/\\\/www.boxrepsol.com\\\/es\\\/#website\"},\"datePublished\":\"2017-05-04T02:00:00+00:00\",\"dateModified\":\"2024-10-16T14:41:54+00:00\",\"description\":\"Descubre la RC211V de Valentino Rossi: La moto que hizo historia en MotoGP. Descubre su impacto en la historia de este deporte.\",\"breadcrumb\":{\"@id\":\"https:\\\/\\\/www.boxrepsol.com\\\/es\\\/las-6-motos-campeonas-del-mundo\\\/rc211v-rossi\\\/#breadcrumb\"},\"inLanguage\":\"es\",\"potentialAction\":[{\"@type\":\"ReadAction\",\"target\":[\"https:\\\/\\\/www.boxrepsol.com\\\/es\\\/las-6-motos-campeonas-del-mundo\\\/rc211v-rossi\\\/\"]}]},{\"@type\":\"BreadcrumbList\",\"@id\":\"https:\\\/\\\/www.boxrepsol.com\\\/es\\\/las-6-motos-campeonas-del-mundo\\\/rc211v-rossi\\\/#breadcrumb\",\"itemListElement\":[{\"@type\":\"ListItem\",\"position\":1,\"name\":\"Home\",\"item\":\"https:\\\/\\\/www.boxrepsol.com\\\/es\\\/\"},{\"@type\":\"ListItem\",\"position\":2,\"name\":\"Las 6 motos Campeonas del Mundo\",\"item\":\"https:\\\/\\\/www.boxrepsol.com\\\/es\\\/las-6-motos-campeonas-del-mundo\\\/\"},{\"@type\":\"ListItem\",\"position\":3,\"name\":\"RC211V Rossi\"}]},{\"@type\":\"WebSite\",\"@id\":\"https:\\\/\\\/www.boxrepsol.com\\\/es\\\/#website\",\"url\":\"https:\\\/\\\/www.boxrepsol.com\\\/es\\\/\",\"name\":\"Box Repsol\",\"description\":\"Box Repsol Site\",\"publisher\":{\"@id\":\"https:\\\/\\\/www.boxrepsol.com\\\/es\\\/#organization\"},\"potentialAction\":[{\"@type\":\"SearchAction\",\"target\":{\"@type\":\"EntryPoint\",\"urlTemplate\":\"https:\\\/\\\/www.boxrepsol.com\\\/es\\\/?s={search_term_string}\"},\"query-input\":{\"@type\":\"PropertyValueSpecification\",\"valueRequired\":true,\"valueName\":\"search_term_string\"}}],\"inLanguage\":\"es\"},{\"@type\":\"Organization\",\"@id\":\"https:\\\/\\\/www.boxrepsol.com\\\/es\\\/#organization\",\"name\":\"Box Repsol\",\"url\":\"https:\\\/\\\/www.boxrepsol.com\\\/es\\\/\",\"logo\":{\"@type\":\"ImageObject\",\"inLanguage\":\"es\",\"@id\":\"https:\\\/\\\/www.boxrepsol.com\\\/es\\\/#\\\/schema\\\/logo\\\/image\\\/\",\"url\":\"https:\\\/\\\/bxrepsol.s3.eu-west-1.amazonaws.com\\\/static\\\/2025\\\/07\\\/30083337\\\/favicon-96x96-1.png\",\"contentUrl\":\"https:\\\/\\\/bxrepsol.s3.eu-west-1.amazonaws.com\\\/static\\\/2025\\\/07\\\/30083337\\\/favicon-96x96-1.png\",\"width\":96,\"height\":96,\"caption\":\"Box Repsol\"},\"image\":{\"@id\":\"https:\\\/\\\/www.boxrepsol.com\\\/es\\\/#\\\/schema\\\/logo\\\/image\\\/\"},\"sameAs\":[\"https:\\\/\\\/www.facebook.com\\\/BoxRepsol\",\"https:\\\/\\\/x.com\\\/box_repsol\",\"http:\\\/\\\/instagram.com\\\/box_repsol\",\"https:\\\/\\\/www.youtube.com\\\/user\\\/RepsolCompeticion\",\"https:\\\/\\\/www.flickr.com\\\/photos\\\/box_repsol\\\/\"]}]}<\/script>\n<!-- \/ Yoast SEO plugin. -->","yoast_head_json":{"title":"RC211V Rossi - Box Repsol","description":"Descubre la RC211V de Valentino Rossi: La moto que hizo historia en MotoGP. Descubre su impacto en la historia de este deporte.","canonical":"https:\/\/www.boxrepsol.com\/es\/las-6-motos-campeonas-del-mundo\/rc211v-rossi\/","og_locale":"es_ES","og_type":"article","og_title":"RC211V Rossi - Box Repsol","og_description":"Descubre la RC211V de Valentino Rossi: La moto que hizo historia en MotoGP. Descubre su impacto en la historia de este deporte.","og_url":"https:\/\/www.boxrepsol.com\/es\/las-6-motos-campeonas-del-mundo\/rc211v-rossi\/","og_site_name":"Box Repsol","article_publisher":"https:\/\/www.facebook.com\/BoxRepsol","article_modified_time":"2024-10-16T14:41:54+00:00","twitter_card":"summary_large_image","twitter_site":"@box_repsol","twitter_misc":{"Est. reading time":"1 minuto"},"schema":{"@context":"https:\/\/schema.org","@graph":[{"@type":"WebPage","@id":"https:\/\/www.boxrepsol.com\/es\/las-6-motos-campeonas-del-mundo\/rc211v-rossi\/","url":"https:\/\/www.boxrepsol.com\/es\/las-6-motos-campeonas-del-mundo\/rc211v-rossi\/","name":"RC211V Rossi - Box Repsol","isPartOf":{"@id":"https:\/\/www.boxrepsol.com\/es\/#website"},"datePublished":"2017-05-04T02:00:00+00:00","dateModified":"2024-10-16T14:41:54+00:00","description":"Descubre la RC211V de Valentino Rossi: La moto que hizo historia en MotoGP. Descubre su impacto en la historia de este deporte.","breadcrumb":{"@id":"https:\/\/www.boxrepsol.com\/es\/las-6-motos-campeonas-del-mundo\/rc211v-rossi\/#breadcrumb"},"inLanguage":"es","potentialAction":[{"@type":"ReadAction","target":["https:\/\/www.boxrepsol.com\/es\/las-6-motos-campeonas-del-mundo\/rc211v-rossi\/"]}]},{"@type":"BreadcrumbList","@id":"https:\/\/www.boxrepsol.com\/es\/las-6-motos-campeonas-del-mundo\/rc211v-rossi\/#breadcrumb","itemListElement":[{"@type":"ListItem","position":1,"name":"Home","item":"https:\/\/www.boxrepsol.com\/es\/"},{"@type":"ListItem","position":2,"name":"Las 6 motos Campeonas del Mundo","item":"https:\/\/www.boxrepsol.com\/es\/las-6-motos-campeonas-del-mundo\/"},{"@type":"ListItem","position":3,"name":"RC211V Rossi"}]},{"@type":"WebSite","@id":"https:\/\/www.boxrepsol.com\/es\/#website","url":"https:\/\/www.boxrepsol.com\/es\/","name":"Box Repsol","description":"Box Repsol Site","publisher":{"@id":"https:\/\/www.boxrepsol.com\/es\/#organization"},"potentialAction":[{"@type":"SearchAction","target":{"@type":"EntryPoint","urlTemplate":"https:\/\/www.boxrepsol.com\/es\/?s={search_term_string}"},"query-input":{"@type":"PropertyValueSpecification","valueRequired":true,"valueName":"search_term_string"}}],"inLanguage":"es"},{"@type":"Organization","@id":"https:\/\/www.boxrepsol.com\/es\/#organization","name":"Box Repsol","url":"https:\/\/www.boxrepsol.com\/es\/","logo":{"@type":"ImageObject","inLanguage":"es","@id":"https:\/\/www.boxrepsol.com\/es\/#\/schema\/logo\/image\/","url":"https:\/\/bxrepsol.s3.eu-west-1.amazonaws.com\/static\/2025\/07\/30083337\/favicon-96x96-1.png","contentUrl":"https:\/\/bxrepsol.s3.eu-west-1.amazonaws.com\/static\/2025\/07\/30083337\/favicon-96x96-1.png","width":96,"height":96,"caption":"Box Repsol"},"image":{"@id":"https:\/\/www.boxrepsol.com\/es\/#\/schema\/logo\/image\/"},"sameAs":["https:\/\/www.facebook.com\/BoxRepsol","https:\/\/x.com\/box_repsol","http:\/\/instagram.com\/box_repsol","https:\/\/www.youtube.com\/user\/RepsolCompeticion","https:\/\/www.flickr.com\/photos\/box_repsol\/"]}]}},"_links":{"self":[{"href":"https:\/\/www.boxrepsol.com\/es\/wp-json\/wp\/v2\/pages\/3753","targetHints":{"allow":["GET"]}}],"collection":[{"href":"https:\/\/www.boxrepsol.com\/es\/wp-json\/wp\/v2\/pages"}],"about":[{"href":"https:\/\/www.boxrepsol.com\/es\/wp-json\/wp\/v2\/types\/page"}],"author":[{"embeddable":true,"href":"https:\/\/www.boxrepsol.com\/es\/wp-json\/wp\/v2\/users\/1"}],"replies":[{"embeddable":true,"href":"https:\/\/www.boxrepsol.com\/es\/wp-json\/wp\/v2\/comments?post=3753"}],"version-history":[{"count":4,"href":"https:\/\/www.boxrepsol.com\/es\/wp-json\/wp\/v2\/pages\/3753\/revisions"}],"predecessor-version":[{"id":121281,"href":"https:\/\/www.boxrepsol.com\/es\/wp-json\/wp\/v2\/pages\/3753\/revisions\/121281"}],"up":[{"embeddable":true,"href":"https:\/\/www.boxrepsol.com\/es\/wp-json\/wp\/v2\/pages\/3747"}],"wp:attachment":[{"href":"https:\/\/www.boxrepsol.com\/es\/wp-json\/wp\/v2\/media?parent=3753"}],"curies":[{"name":"wp","href":"https:\/\/api.w.org\/{rel}","templated":true}]}}