{"id":3747,"date":"2017-05-04T00:00:00","date_gmt":"2017-05-04T02:00:00","guid":{"rendered":"http:\/\/pre.boxrepsol.com\/las-6-motos-campeonas-del-mundo\/"},"modified":"2024-10-16T12:39:29","modified_gmt":"2024-10-16T14:39:29","slug":"las-6-motos-campeonas-del-mundo","status":"publish","type":"page","link":"https:\/\/www.boxrepsol.com\/es\/las-6-motos-campeonas-del-mundo\/","title":{"rendered":"Las 6 motos Campeonas del Mundo"},"content":{"rendered":"\n<h1 class=\"wp-block-heading\">Las 6 motos Honda campeonas del mundo <\/h1>\n\n\n<div id=\"cont-motos-leyenda\" class=\"ficha-moto estirar\">\n<p><!-- ====== CABECERA DE LA FICHA ===== --><\/p>\n<div class=\"cab-ficha estirar\">\n<h2><a title=\"Las 6 motos campeonas del mundo\" href=\"\/las-6-motos-campeonas-del-mundo\/\"><img decoding=\"async\" src=\"\/assets\/theme-boxrepsol-child\/images\/motos-campeonas\/titular-6-motos-campeonas.png\" alt=\"Las 6 Motos campeonas del mundo\" \/><\/a><\/h2>\n<ul class=\"nav-motos estirar\">\n<li><a class=\"relmob\" title=\"Repsol Honda NSR 500\" href=\"\/las-6-motos-campeonas-del-mundo\/nsr500-doohan\/\" target=\"_top\" rel=\"noopener\">Doohan<img decoding=\"async\" title=\"Repsol Honda NSR 500\" src=\"\/assets\/theme-boxrepsol-child\/images\/motos-campeonas\/motos\/min\/moto_02.png\" alt=\"La moto de Mick Doohan\" \/><br \/><\/a><\/li>\n<li><a class=\"relmob\" title=\"Repsol Honda NSR 500\" href=\"\/las-6-motos-campeonas-del-mundo\/nsr500-criville\/\" target=\"_top\" rel=\"noopener\">Crivill\u00e9<img decoding=\"async\" title=\"Repsol Honda NSR 500\" src=\"\/assets\/theme-boxrepsol-child\/images\/motos-campeonas\/motos\/min\/moto_01.png\" alt=\"La moto de \u00c1lex Crivill\u00e9\" \/><\/a><\/li>\n<li><a class=\"relmob\" title=\"Repsol Honda RC211V\" href=\"\/las-6-motos-campeonas-del-mundo\/rc211v-rossi\/\" target=\"_top\" rel=\"noopener\">Rossi<img decoding=\"async\" title=\"Repsol Honda RC211V\" src=\"\/assets\/theme-boxrepsol-child\/images\/motos-campeonas\/motos\/min\/moto_05.png\" alt=\"La moto de Valentino Rossi\" \/><\/a><\/li>\n<li><a class=\"relmob\" title=\"Repsol Honda RC211V\" href=\"\/las-6-motos-campeonas-del-mundo\/rc211v-hayden\/\" target=\"_top\" rel=\"noopener\">Hayden<img decoding=\"async\" title=\"Repsol Honda RC211V\" src=\"\/assets\/theme-boxrepsol-child\/images\/motos-campeonas\/motos\/min\/moto_03.png\" alt=\"La moto de Nicky Hayden\" \/><br \/><\/a><\/li>\n<li><a class=\"relmob\" title=\"Repsol Honda RC212V\" href=\"\/las-6-motos-campeonas-del-mundo\/rc212v-stoner\/\" target=\"_top\" rel=\"noopener\">Stoner<img decoding=\"async\" title=\"Repsol Honda RC212V\" src=\"\/assets\/theme-boxrepsol-child\/images\/motos-campeonas\/motos\/min\/moto_06.png\" alt=\"La moto de Casey Stoner\" \/><\/a><\/li>\n<li><a class=\"relmob\" title=\"Repsol Honda RC213V\" href=\"https:\/\/www.boxrepsol.com\/es\/las-6-motos-campeonas-del-mundo\/rc213v-marquez\/\" target=\"_top\" rel=\"noopener\">M\u00e1rquez<img decoding=\"async\" title=\"Repsol Honda RC213V \" src=\"\/assets\/theme-boxrepsol-child\/images\/motos-campeonas\/motos\/min\/moto_04.png\" alt=\"La moto de Marc M\u00e1rquez\" \/><br \/><\/a><\/li>\n<\/ul>\n<\/div>\n<p><!-- ====== CABECERA DE LA FICHA ===== --><\/p>\n<div class=\"cont-ficha\">\n<div class=\"detalles-ficha\">\n<p>Descubre c\u00f3mo Honda y Repsol dieron forma a las 6 motos que han llevado a nuestros pilotos a ser<br \/><strong>Campeones de la m\u00e1xima categor\u00eda del Mundial de Motociclismo<\/strong>.<\/p>\n<\/div>\n<div class=\"galeria estirar\">\n<div class=\"\">\n<div class=\"foto\">\u00a0<\/div>\n<\/div>\n<\/div>\n<\/div>\n<\/div>","protected":false},"excerpt":{"rendered":"<p>Las 6 motos Honda campeonas del mundo Doohan Crivill\u00e9 Rossi Hayden Stoner M\u00e1rquez Descubre c\u00f3mo Honda y Repsol dieron forma a las 6 motos que han llevado a nuestros pilotos a serCampeones de la m\u00e1xima categor\u00eda del Mundial de Motociclismo. \u00a0<\/p>\n","protected":false},"author":1,"featured_media":0,"parent":0,"menu_order":0,"comment_status":"closed","ping_status":"closed","template":"","meta":{"footnotes":""},"class_list":["post-3747","page","type-page","status-publish","hentry"],"yoast_head":"<!-- This site is optimized with the Yoast SEO plugin v27.3 - https:\/\/yoast.com\/product\/yoast-seo-wordpress\/ -->\n<title>Las 6 motos Campeonas del Mundo - Box Repsol<\/title>\n<meta name=\"description\" content=\"Descubre las legendarias motos de Honda que conquistaron los t\u00edtulos mundiales y dejaron su huella en la historia del motociclismo.\" \/>\n<link rel=\"canonical\" href=\"https:\/\/www.boxrepsol.com\/es\/las-6-motos-campeonas-del-mundo\/\" \/>\n<meta property=\"og:locale\" content=\"es_ES\" \/>\n<meta property=\"og:type\" content=\"article\" \/>\n<meta property=\"og:title\" content=\"Las 6 motos Campeonas del Mundo - Box Repsol\" \/>\n<meta property=\"og:description\" content=\"Descubre las legendarias motos de Honda que conquistaron los t\u00edtulos mundiales y dejaron su huella en la historia del motociclismo.\" \/>\n<meta property=\"og:url\" content=\"https:\/\/www.boxrepsol.com\/es\/las-6-motos-campeonas-del-mundo\/\" \/>\n<meta property=\"og:site_name\" content=\"Box Repsol\" \/>\n<meta property=\"article:publisher\" content=\"https:\/\/www.facebook.com\/BoxRepsol\" \/>\n<meta property=\"article:modified_time\" content=\"2024-10-16T14:39:29+00:00\" \/>\n<meta name=\"twitter:card\" content=\"summary_large_image\" \/>\n<meta name=\"twitter:site\" content=\"@box_repsol\" \/>\n<script type=\"application\/ld+json\" class=\"yoast-schema-graph\">{\"@context\":\"https:\\\/\\\/schema.org\",\"@graph\":[{\"@type\":\"WebPage\",\"@id\":\"https:\\\/\\\/www.boxrepsol.com\\\/es\\\/las-6-motos-campeonas-del-mundo\\\/\",\"url\":\"https:\\\/\\\/www.boxrepsol.com\\\/es\\\/las-6-motos-campeonas-del-mundo\\\/\",\"name\":\"Las 6 motos Campeonas del Mundo - Box Repsol\",\"isPartOf\":{\"@id\":\"https:\\\/\\\/www.boxrepsol.com\\\/es\\\/#website\"},\"datePublished\":\"2017-05-04T02:00:00+00:00\",\"dateModified\":\"2024-10-16T14:39:29+00:00\",\"description\":\"Descubre las legendarias motos de Honda que conquistaron los t\u00edtulos mundiales y dejaron su huella en la historia del motociclismo.\",\"breadcrumb\":{\"@id\":\"https:\\\/\\\/www.boxrepsol.com\\\/es\\\/las-6-motos-campeonas-del-mundo\\\/#breadcrumb\"},\"inLanguage\":\"es\",\"potentialAction\":[{\"@type\":\"ReadAction\",\"target\":[\"https:\\\/\\\/www.boxrepsol.com\\\/es\\\/las-6-motos-campeonas-del-mundo\\\/\"]}]},{\"@type\":\"BreadcrumbList\",\"@id\":\"https:\\\/\\\/www.boxrepsol.com\\\/es\\\/las-6-motos-campeonas-del-mundo\\\/#breadcrumb\",\"itemListElement\":[{\"@type\":\"ListItem\",\"position\":1,\"name\":\"Home\",\"item\":\"https:\\\/\\\/www.boxrepsol.com\\\/es\\\/\"},{\"@type\":\"ListItem\",\"position\":2,\"name\":\"Las 6 motos Campeonas del Mundo\"}]},{\"@type\":\"WebSite\",\"@id\":\"https:\\\/\\\/www.boxrepsol.com\\\/es\\\/#website\",\"url\":\"https:\\\/\\\/www.boxrepsol.com\\\/es\\\/\",\"name\":\"Box Repsol\",\"description\":\"Box Repsol Site\",\"publisher\":{\"@id\":\"https:\\\/\\\/www.boxrepsol.com\\\/es\\\/#organization\"},\"potentialAction\":[{\"@type\":\"SearchAction\",\"target\":{\"@type\":\"EntryPoint\",\"urlTemplate\":\"https:\\\/\\\/www.boxrepsol.com\\\/es\\\/?s={search_term_string}\"},\"query-input\":{\"@type\":\"PropertyValueSpecification\",\"valueRequired\":true,\"valueName\":\"search_term_string\"}}],\"inLanguage\":\"es\"},{\"@type\":\"Organization\",\"@id\":\"https:\\\/\\\/www.boxrepsol.com\\\/es\\\/#organization\",\"name\":\"Box Repsol\",\"url\":\"https:\\\/\\\/www.boxrepsol.com\\\/es\\\/\",\"logo\":{\"@type\":\"ImageObject\",\"inLanguage\":\"es\",\"@id\":\"https:\\\/\\\/www.boxrepsol.com\\\/es\\\/#\\\/schema\\\/logo\\\/image\\\/\",\"url\":\"https:\\\/\\\/bxrepsol.s3.eu-west-1.amazonaws.com\\\/static\\\/2025\\\/07\\\/30083337\\\/favicon-96x96-1.png\",\"contentUrl\":\"https:\\\/\\\/bxrepsol.s3.eu-west-1.amazonaws.com\\\/static\\\/2025\\\/07\\\/30083337\\\/favicon-96x96-1.png\",\"width\":96,\"height\":96,\"caption\":\"Box Repsol\"},\"image\":{\"@id\":\"https:\\\/\\\/www.boxrepsol.com\\\/es\\\/#\\\/schema\\\/logo\\\/image\\\/\"},\"sameAs\":[\"https:\\\/\\\/www.facebook.com\\\/BoxRepsol\",\"https:\\\/\\\/x.com\\\/box_repsol\",\"http:\\\/\\\/instagram.com\\\/box_repsol\",\"https:\\\/\\\/www.youtube.com\\\/user\\\/RepsolCompeticion\",\"https:\\\/\\\/www.flickr.com\\\/photos\\\/box_repsol\\\/\"]}]}<\/script>\n<!-- \/ Yoast SEO plugin. -->","yoast_head_json":{"title":"Las 6 motos Campeonas del Mundo - Box Repsol","description":"Descubre las legendarias motos de Honda que conquistaron los t\u00edtulos mundiales y dejaron su huella en la historia del motociclismo.","canonical":"https:\/\/www.boxrepsol.com\/es\/las-6-motos-campeonas-del-mundo\/","og_locale":"es_ES","og_type":"article","og_title":"Las 6 motos Campeonas del Mundo - Box Repsol","og_description":"Descubre las legendarias motos de Honda que conquistaron los t\u00edtulos mundiales y dejaron su huella en la historia del motociclismo.","og_url":"https:\/\/www.boxrepsol.com\/es\/las-6-motos-campeonas-del-mundo\/","og_site_name":"Box Repsol","article_publisher":"https:\/\/www.facebook.com\/BoxRepsol","article_modified_time":"2024-10-16T14:39:29+00:00","twitter_card":"summary_large_image","twitter_site":"@box_repsol","schema":{"@context":"https:\/\/schema.org","@graph":[{"@type":"WebPage","@id":"https:\/\/www.boxrepsol.com\/es\/las-6-motos-campeonas-del-mundo\/","url":"https:\/\/www.boxrepsol.com\/es\/las-6-motos-campeonas-del-mundo\/","name":"Las 6 motos Campeonas del Mundo - Box Repsol","isPartOf":{"@id":"https:\/\/www.boxrepsol.com\/es\/#website"},"datePublished":"2017-05-04T02:00:00+00:00","dateModified":"2024-10-16T14:39:29+00:00","description":"Descubre las legendarias motos de Honda que conquistaron los t\u00edtulos mundiales y dejaron su huella en la historia del motociclismo.","breadcrumb":{"@id":"https:\/\/www.boxrepsol.com\/es\/las-6-motos-campeonas-del-mundo\/#breadcrumb"},"inLanguage":"es","potentialAction":[{"@type":"ReadAction","target":["https:\/\/www.boxrepsol.com\/es\/las-6-motos-campeonas-del-mundo\/"]}]},{"@type":"BreadcrumbList","@id":"https:\/\/www.boxrepsol.com\/es\/las-6-motos-campeonas-del-mundo\/#breadcrumb","itemListElement":[{"@type":"ListItem","position":1,"name":"Home","item":"https:\/\/www.boxrepsol.com\/es\/"},{"@type":"ListItem","position":2,"name":"Las 6 motos Campeonas del Mundo"}]},{"@type":"WebSite","@id":"https:\/\/www.boxrepsol.com\/es\/#website","url":"https:\/\/www.boxrepsol.com\/es\/","name":"Box Repsol","description":"Box Repsol Site","publisher":{"@id":"https:\/\/www.boxrepsol.com\/es\/#organization"},"potentialAction":[{"@type":"SearchAction","target":{"@type":"EntryPoint","urlTemplate":"https:\/\/www.boxrepsol.com\/es\/?s={search_term_string}"},"query-input":{"@type":"PropertyValueSpecification","valueRequired":true,"valueName":"search_term_string"}}],"inLanguage":"es"},{"@type":"Organization","@id":"https:\/\/www.boxrepsol.com\/es\/#organization","name":"Box Repsol","url":"https:\/\/www.boxrepsol.com\/es\/","logo":{"@type":"ImageObject","inLanguage":"es","@id":"https:\/\/www.boxrepsol.com\/es\/#\/schema\/logo\/image\/","url":"https:\/\/bxrepsol.s3.eu-west-1.amazonaws.com\/static\/2025\/07\/30083337\/favicon-96x96-1.png","contentUrl":"https:\/\/bxrepsol.s3.eu-west-1.amazonaws.com\/static\/2025\/07\/30083337\/favicon-96x96-1.png","width":96,"height":96,"caption":"Box Repsol"},"image":{"@id":"https:\/\/www.boxrepsol.com\/es\/#\/schema\/logo\/image\/"},"sameAs":["https:\/\/www.facebook.com\/BoxRepsol","https:\/\/x.com\/box_repsol","http:\/\/instagram.com\/box_repsol","https:\/\/www.youtube.com\/user\/RepsolCompeticion","https:\/\/www.flickr.com\/photos\/box_repsol\/"]}]}},"_links":{"self":[{"href":"https:\/\/www.boxrepsol.com\/es\/wp-json\/wp\/v2\/pages\/3747","targetHints":{"allow":["GET"]}}],"collection":[{"href":"https:\/\/www.boxrepsol.com\/es\/wp-json\/wp\/v2\/pages"}],"about":[{"href":"https:\/\/www.boxrepsol.com\/es\/wp-json\/wp\/v2\/types\/page"}],"author":[{"embeddable":true,"href":"https:\/\/www.boxrepsol.com\/es\/wp-json\/wp\/v2\/users\/1"}],"replies":[{"embeddable":true,"href":"https:\/\/www.boxrepsol.com\/es\/wp-json\/wp\/v2\/comments?post=3747"}],"version-history":[{"count":9,"href":"https:\/\/www.boxrepsol.com\/es\/wp-json\/wp\/v2\/pages\/3747\/revisions"}],"predecessor-version":[{"id":121277,"href":"https:\/\/www.boxrepsol.com\/es\/wp-json\/wp\/v2\/pages\/3747\/revisions\/121277"}],"wp:attachment":[{"href":"https:\/\/www.boxrepsol.com\/es\/wp-json\/wp\/v2\/media?parent=3747"}],"curies":[{"name":"wp","href":"https:\/\/api.w.org\/{rel}","templated":true}]}}