{"id":3597,"date":"2017-01-31T00:00:00","date_gmt":"2017-01-31T02:00:00","guid":{"rendered":"http:\/\/pre.boxrepsol.com\/?page_id=3597"},"modified":"2023-11-30T12:34:18","modified_gmt":"2023-11-30T14:34:18","slug":"escuela-monlau","status":"publish","type":"page","link":"https:\/\/www.boxrepsol.com\/es\/escuela-monlau\/","title":{"rendered":"Escuela Monlau"},"content":{"rendered":"<h1>Escuela Monlau<\/h1>\n<p>La Escuela Monlau Repsol, situada en Barcelona, es referente en la formaci\u00f3n de mec\u00e1nicos e ingenieros en el \u00e1mbito de la competici\u00f3n.<\/p>\n<p><img decoding=\"async\" src=\"https:\/\/bxrepsol.s3.eu-west-1.amazonaws.com\/static\/2022\/08\/04094043\/00_monalu.jpg\" alt=\"Estudiantes de Monlua repsol trabajando en un Renault\" itemprop=\"image\"><\/p>\n<p>La <strong>Escuela Monlau Repsol<\/strong> fue fundada por Pio Ventura en 1997 para cubrir una demanda de t\u00e9cnicos especialistas en el \u00e1mbito de las competiciones del motor. <strong>Monlau Repsol Technical School<\/strong> es la escuela de referencia para formar a pilotos, mec\u00e1nicos e ingenieros especializados en motociclismo y automovilismo.<\/p>\n<p>La Escuela cuenta actualmente con <strong>m\u00e1s de 300 alumnos matriculados<\/strong> en los cursos de mec\u00e1nica de competici\u00f3n y &nbsp;en el M\u00e1ster de Ingenier\u00eda, as\u00ed como una <strong>escuder\u00eda propia en las competiciones m\u00e1s renombradas<\/strong> del motor.<\/p>\n<p>El principal objetivo de la Escuela Monlau Repsol es <strong>dar la oportunidad a los j\u00f3venes<\/strong> alumnos apasionados por mundo de la competici\u00f3n, para que puedan <a href=\"https:\/\/www.boxrepsol.com\/es\/motogp\/conoces-la-escuela-monlau-repsol-sabes-lo-hacen\/\"><strong>formarse como mec\u00e1nicos e ingenieros expertos<\/strong><\/a> compartiendo valores como el esfuerzo y el sacrificio. Este proyecto contribuye a cuidar y fomentar el talento entre los j\u00f3venes.<\/p>\n<p>La experiencia de los docentes de la Escuela, es el motor de desarrollo de estos j\u00f3venes estudiantes. Trabajan en <strong>un entorno adecuado para tener<\/strong> la <strong>mejor formaci\u00f3n de cara a su futuro profesional.<\/strong><\/p>\n<blockquote><p>\n\t<a href=\"http:\/\/twitter.com\/share?text=Monlau+apuesta+por+la+formaci%C3%B3n+y+la+creaci%C3%B3n+de+empleo+entre+los+j%C3%B3venes+&amp;url=https%3A%2F%2Fwww.boxrepsol.com%2Fes%2Fescuela-monlau%2F\" target=\"_blank\" rel=\"noopener\"><\/a><\/p>\n<p><a href=\"http:\/\/twitter.com\/share?text=Monlau+apuesta+por+la+formaci%C3%B3n+y+la+creaci%C3%B3n+de+empleo+entre+los+j%C3%B3venes+&amp;url=https%3A%2F%2Fwww.boxrepsol.com%2Fes%2Fescuela-monlau%2F\" target=\"_blank\" rel=\"noopener\">Monlau apuesta por la formaci\u00f3n y la creaci\u00f3n de empleo entre los j\u00f3venes<\/p>\n<p><\/a><a href=\"http:\/\/twitter.com\/share?text=Monlau+apuesta+por+la+formaci%C3%B3n+y+la+creaci%C3%B3n+de+empleo+entre+los+j%C3%B3venes+&amp;url=https%3A%2F%2Fwww.boxrepsol.com%2Fes%2Fescuela-monlau%2F\" target=\"_blank\" rel=\"noopener\">\t<\/a><\/p><\/blockquote>\n<p><strong>Repsol y Monlau<\/strong> trabajan juntos por la formaci\u00f3n de j\u00f3venes estudiantes. Las <strong>Becas Repsol<\/strong> premian a los mejores alumnos de mec\u00e1nica e ingenier\u00eda de competici\u00f3n. <strong>Un total de 20 alumnos becados<\/strong>, repartidos entre los 10 mejores de automovilismo y los 10 mejores de motociclismo.<\/p>\n<p>Repsol tambi\u00e9n financia <strong>3 becas para los alumnos del<\/strong> <strong>M\u00e1ster de Ingenier\u00eda<\/strong> que acrediten el mejor expediente al finalizar la formaci\u00f3n. Se otorgan <strong>2 becas a los proyectos m\u00e1s innovadores<\/strong> que se realizan durante el M\u00e1ster.<\/p>\n<p>Las becas Repsol son un premio a la excelencia por el trabajo bien hecho.<\/p>\n<p><img decoding=\"async\" src=\"https:\/\/bxrepsol.s3.eu-west-1.amazonaws.com\/static\/2022\/08\/04094044\/01_monlau.jpg\" alt=\"Estudiantes con motos alineadas en la escuela Monlau\" itemprop=\"image\"><\/p>\n<h2>M\u00e1s informaci\u00f3n<\/h2>\n<ul>\n<li>Hacia el FIM CEV Repsol desde todo el mundo<\/li>\n<li><a href=\"https:\/\/www.boxrepsol.com\/es\/motogp\/la-nueva-promocion-ingenieros-motorsport-se-gradua-monlau-repsol\/\">Promoci\u00f3n 2017 de Monlau Repsol Technical<\/a><\/li>\n<li><a href=\"http:\/\/www.monlau-competicion.com\/?lang=es\" target=\"_blank\" rel=\"noopener\">Web oficial de la Escuela Monlau<\/a><\/li>\n<li><a href=\"http:\/\/www.motorsportonlinemaster.com\/\" target=\"_blank\" rel=\"noopener\">Formaci\u00f3n online<\/a><\/li>\n<\/ul>\n","protected":false},"excerpt":{"rendered":"<p>Escuela Monlau La Escuela Monlau Repsol, situada en Barcelona, es referente en la formaci\u00f3n de mec\u00e1nicos e ingenieros en el \u00e1mbito de la competici\u00f3n. La Escuela Monlau Repsol fue fundada por Pio Ventura en 1997 para cubrir una demanda de t\u00e9cnicos especialistas en el \u00e1mbito de las competiciones del motor. Monlau Repsol Technical School es [&hellip;]<\/p>\n","protected":false},"author":1,"featured_media":3603,"parent":0,"menu_order":0,"comment_status":"closed","ping_status":"closed","template":"","meta":{"footnotes":""},"class_list":["post-3597","page","type-page","status-publish","hentry"],"yoast_head":"<!-- This site is optimized with the Yoast SEO plugin v27.3 - https:\/\/yoast.com\/product\/yoast-seo-wordpress\/ -->\n<title>Escuela Monlau - Box Repsol<\/title>\n<link rel=\"canonical\" href=\"https:\/\/www.boxrepsol.com\/es\/escuela-monlau\/\" \/>\n<meta property=\"og:locale\" content=\"es_ES\" \/>\n<meta property=\"og:type\" content=\"article\" \/>\n<meta property=\"og:title\" content=\"Escuela Monlau - Box Repsol\" \/>\n<meta property=\"og:description\" content=\"Escuela Monlau La Escuela Monlau Repsol, situada en Barcelona, es referente en la formaci\u00f3n de mec\u00e1nicos e ingenieros en el \u00e1mbito de la competici\u00f3n. La Escuela Monlau Repsol fue fundada por Pio Ventura en 1997 para cubrir una demanda de t\u00e9cnicos especialistas en el \u00e1mbito de las competiciones del motor. Monlau Repsol Technical School es [&hellip;]\" \/>\n<meta property=\"og:url\" content=\"https:\/\/www.boxrepsol.com\/es\/escuela-monlau\/\" \/>\n<meta property=\"og:site_name\" content=\"Box Repsol\" \/>\n<meta property=\"article:publisher\" content=\"https:\/\/www.facebook.com\/BoxRepsol\" \/>\n<meta property=\"article:modified_time\" content=\"2023-11-30T14:34:18+00:00\" \/>\n<meta property=\"og:image\" content=\"https:\/\/bxrepsol.s3.eu-west-1.amazonaws.com\/static\/2022\/08\/04094045\/02-escuela-monlau-repsol-master-ingenieros.jpg\" \/>\n\t<meta property=\"og:image:width\" content=\"984\" \/>\n\t<meta property=\"og:image:height\" content=\"412\" \/>\n\t<meta property=\"og:image:type\" content=\"image\/jpeg\" \/>\n<meta name=\"twitter:card\" content=\"summary_large_image\" \/>\n<meta name=\"twitter:site\" content=\"@box_repsol\" \/>\n<meta name=\"twitter:label1\" content=\"Est. reading time\" \/>\n\t<meta name=\"twitter:data1\" content=\"2 minutos\" \/>\n<script type=\"application\/ld+json\" class=\"yoast-schema-graph\">{\"@context\":\"https:\\\/\\\/schema.org\",\"@graph\":[{\"@type\":\"WebPage\",\"@id\":\"https:\\\/\\\/www.boxrepsol.com\\\/es\\\/escuela-monlau\\\/\",\"url\":\"https:\\\/\\\/www.boxrepsol.com\\\/es\\\/escuela-monlau\\\/\",\"name\":\"Escuela Monlau - Box Repsol\",\"isPartOf\":{\"@id\":\"https:\\\/\\\/www.boxrepsol.com\\\/es\\\/#website\"},\"primaryImageOfPage\":{\"@id\":\"https:\\\/\\\/www.boxrepsol.com\\\/es\\\/escuela-monlau\\\/#primaryimage\"},\"image\":{\"@id\":\"https:\\\/\\\/www.boxrepsol.com\\\/es\\\/escuela-monlau\\\/#primaryimage\"},\"thumbnailUrl\":\"https:\\\/\\\/bxrepsol.s3.eu-west-1.amazonaws.com\\\/static\\\/2022\\\/08\\\/04094045\\\/02-escuela-monlau-repsol-master-ingenieros.jpg\",\"datePublished\":\"2017-01-31T02:00:00+00:00\",\"dateModified\":\"2023-11-30T14:34:18+00:00\",\"breadcrumb\":{\"@id\":\"https:\\\/\\\/www.boxrepsol.com\\\/es\\\/escuela-monlau\\\/#breadcrumb\"},\"inLanguage\":\"es\",\"potentialAction\":[{\"@type\":\"ReadAction\",\"target\":[\"https:\\\/\\\/www.boxrepsol.com\\\/es\\\/escuela-monlau\\\/\"]}]},{\"@type\":\"ImageObject\",\"inLanguage\":\"es\",\"@id\":\"https:\\\/\\\/www.boxrepsol.com\\\/es\\\/escuela-monlau\\\/#primaryimage\",\"url\":\"https:\\\/\\\/bxrepsol.s3.eu-west-1.amazonaws.com\\\/static\\\/2022\\\/08\\\/04094045\\\/02-escuela-monlau-repsol-master-ingenieros.jpg\",\"contentUrl\":\"https:\\\/\\\/bxrepsol.s3.eu-west-1.amazonaws.com\\\/static\\\/2022\\\/08\\\/04094045\\\/02-escuela-monlau-repsol-master-ingenieros.jpg\",\"width\":984,\"height\":412,\"caption\":\"Estudiantes de ingenier\u00eda de competici\u00f3n practicando con motos\"},{\"@type\":\"BreadcrumbList\",\"@id\":\"https:\\\/\\\/www.boxrepsol.com\\\/es\\\/escuela-monlau\\\/#breadcrumb\",\"itemListElement\":[{\"@type\":\"ListItem\",\"position\":1,\"name\":\"Home\",\"item\":\"https:\\\/\\\/www.boxrepsol.com\\\/es\\\/\"},{\"@type\":\"ListItem\",\"position\":2,\"name\":\"Escuela Monlau\"}]},{\"@type\":\"WebSite\",\"@id\":\"https:\\\/\\\/www.boxrepsol.com\\\/es\\\/#website\",\"url\":\"https:\\\/\\\/www.boxrepsol.com\\\/es\\\/\",\"name\":\"Box Repsol\",\"description\":\"Box Repsol Site\",\"publisher\":{\"@id\":\"https:\\\/\\\/www.boxrepsol.com\\\/es\\\/#organization\"},\"potentialAction\":[{\"@type\":\"SearchAction\",\"target\":{\"@type\":\"EntryPoint\",\"urlTemplate\":\"https:\\\/\\\/www.boxrepsol.com\\\/es\\\/?s={search_term_string}\"},\"query-input\":{\"@type\":\"PropertyValueSpecification\",\"valueRequired\":true,\"valueName\":\"search_term_string\"}}],\"inLanguage\":\"es\"},{\"@type\":\"Organization\",\"@id\":\"https:\\\/\\\/www.boxrepsol.com\\\/es\\\/#organization\",\"name\":\"Box Repsol\",\"url\":\"https:\\\/\\\/www.boxrepsol.com\\\/es\\\/\",\"logo\":{\"@type\":\"ImageObject\",\"inLanguage\":\"es\",\"@id\":\"https:\\\/\\\/www.boxrepsol.com\\\/es\\\/#\\\/schema\\\/logo\\\/image\\\/\",\"url\":\"https:\\\/\\\/bxrepsol.s3.eu-west-1.amazonaws.com\\\/static\\\/2025\\\/07\\\/30083337\\\/favicon-96x96-1.png\",\"contentUrl\":\"https:\\\/\\\/bxrepsol.s3.eu-west-1.amazonaws.com\\\/static\\\/2025\\\/07\\\/30083337\\\/favicon-96x96-1.png\",\"width\":96,\"height\":96,\"caption\":\"Box Repsol\"},\"image\":{\"@id\":\"https:\\\/\\\/www.boxrepsol.com\\\/es\\\/#\\\/schema\\\/logo\\\/image\\\/\"},\"sameAs\":[\"https:\\\/\\\/www.facebook.com\\\/BoxRepsol\",\"https:\\\/\\\/x.com\\\/box_repsol\",\"http:\\\/\\\/instagram.com\\\/box_repsol\",\"https:\\\/\\\/www.youtube.com\\\/user\\\/RepsolCompeticion\",\"https:\\\/\\\/www.flickr.com\\\/photos\\\/box_repsol\\\/\"]}]}<\/script>\n<!-- \/ Yoast SEO plugin. -->","yoast_head_json":{"title":"Escuela Monlau - Box Repsol","canonical":"https:\/\/www.boxrepsol.com\/es\/escuela-monlau\/","og_locale":"es_ES","og_type":"article","og_title":"Escuela Monlau - Box Repsol","og_description":"Escuela Monlau La Escuela Monlau Repsol, situada en Barcelona, es referente en la formaci\u00f3n de mec\u00e1nicos e ingenieros en el \u00e1mbito de la competici\u00f3n. La Escuela Monlau Repsol fue fundada por Pio Ventura en 1997 para cubrir una demanda de t\u00e9cnicos especialistas en el \u00e1mbito de las competiciones del motor. Monlau Repsol Technical School es [&hellip;]","og_url":"https:\/\/www.boxrepsol.com\/es\/escuela-monlau\/","og_site_name":"Box Repsol","article_publisher":"https:\/\/www.facebook.com\/BoxRepsol","article_modified_time":"2023-11-30T14:34:18+00:00","og_image":[{"width":984,"height":412,"url":"https:\/\/bxrepsol.s3.eu-west-1.amazonaws.com\/static\/2022\/08\/04094045\/02-escuela-monlau-repsol-master-ingenieros.jpg","type":"image\/jpeg"}],"twitter_card":"summary_large_image","twitter_site":"@box_repsol","twitter_misc":{"Est. reading time":"2 minutos"},"schema":{"@context":"https:\/\/schema.org","@graph":[{"@type":"WebPage","@id":"https:\/\/www.boxrepsol.com\/es\/escuela-monlau\/","url":"https:\/\/www.boxrepsol.com\/es\/escuela-monlau\/","name":"Escuela Monlau - Box Repsol","isPartOf":{"@id":"https:\/\/www.boxrepsol.com\/es\/#website"},"primaryImageOfPage":{"@id":"https:\/\/www.boxrepsol.com\/es\/escuela-monlau\/#primaryimage"},"image":{"@id":"https:\/\/www.boxrepsol.com\/es\/escuela-monlau\/#primaryimage"},"thumbnailUrl":"https:\/\/bxrepsol.s3.eu-west-1.amazonaws.com\/static\/2022\/08\/04094045\/02-escuela-monlau-repsol-master-ingenieros.jpg","datePublished":"2017-01-31T02:00:00+00:00","dateModified":"2023-11-30T14:34:18+00:00","breadcrumb":{"@id":"https:\/\/www.boxrepsol.com\/es\/escuela-monlau\/#breadcrumb"},"inLanguage":"es","potentialAction":[{"@type":"ReadAction","target":["https:\/\/www.boxrepsol.com\/es\/escuela-monlau\/"]}]},{"@type":"ImageObject","inLanguage":"es","@id":"https:\/\/www.boxrepsol.com\/es\/escuela-monlau\/#primaryimage","url":"https:\/\/bxrepsol.s3.eu-west-1.amazonaws.com\/static\/2022\/08\/04094045\/02-escuela-monlau-repsol-master-ingenieros.jpg","contentUrl":"https:\/\/bxrepsol.s3.eu-west-1.amazonaws.com\/static\/2022\/08\/04094045\/02-escuela-monlau-repsol-master-ingenieros.jpg","width":984,"height":412,"caption":"Estudiantes de ingenier\u00eda de competici\u00f3n practicando con motos"},{"@type":"BreadcrumbList","@id":"https:\/\/www.boxrepsol.com\/es\/escuela-monlau\/#breadcrumb","itemListElement":[{"@type":"ListItem","position":1,"name":"Home","item":"https:\/\/www.boxrepsol.com\/es\/"},{"@type":"ListItem","position":2,"name":"Escuela Monlau"}]},{"@type":"WebSite","@id":"https:\/\/www.boxrepsol.com\/es\/#website","url":"https:\/\/www.boxrepsol.com\/es\/","name":"Box Repsol","description":"Box Repsol Site","publisher":{"@id":"https:\/\/www.boxrepsol.com\/es\/#organization"},"potentialAction":[{"@type":"SearchAction","target":{"@type":"EntryPoint","urlTemplate":"https:\/\/www.boxrepsol.com\/es\/?s={search_term_string}"},"query-input":{"@type":"PropertyValueSpecification","valueRequired":true,"valueName":"search_term_string"}}],"inLanguage":"es"},{"@type":"Organization","@id":"https:\/\/www.boxrepsol.com\/es\/#organization","name":"Box Repsol","url":"https:\/\/www.boxrepsol.com\/es\/","logo":{"@type":"ImageObject","inLanguage":"es","@id":"https:\/\/www.boxrepsol.com\/es\/#\/schema\/logo\/image\/","url":"https:\/\/bxrepsol.s3.eu-west-1.amazonaws.com\/static\/2025\/07\/30083337\/favicon-96x96-1.png","contentUrl":"https:\/\/bxrepsol.s3.eu-west-1.amazonaws.com\/static\/2025\/07\/30083337\/favicon-96x96-1.png","width":96,"height":96,"caption":"Box Repsol"},"image":{"@id":"https:\/\/www.boxrepsol.com\/es\/#\/schema\/logo\/image\/"},"sameAs":["https:\/\/www.facebook.com\/BoxRepsol","https:\/\/x.com\/box_repsol","http:\/\/instagram.com\/box_repsol","https:\/\/www.youtube.com\/user\/RepsolCompeticion","https:\/\/www.flickr.com\/photos\/box_repsol\/"]}]}},"_links":{"self":[{"href":"https:\/\/www.boxrepsol.com\/es\/wp-json\/wp\/v2\/pages\/3597","targetHints":{"allow":["GET"]}}],"collection":[{"href":"https:\/\/www.boxrepsol.com\/es\/wp-json\/wp\/v2\/pages"}],"about":[{"href":"https:\/\/www.boxrepsol.com\/es\/wp-json\/wp\/v2\/types\/page"}],"author":[{"embeddable":true,"href":"https:\/\/www.boxrepsol.com\/es\/wp-json\/wp\/v2\/users\/1"}],"replies":[{"embeddable":true,"href":"https:\/\/www.boxrepsol.com\/es\/wp-json\/wp\/v2\/comments?post=3597"}],"version-history":[{"count":3,"href":"https:\/\/www.boxrepsol.com\/es\/wp-json\/wp\/v2\/pages\/3597\/revisions"}],"predecessor-version":[{"id":108940,"href":"https:\/\/www.boxrepsol.com\/es\/wp-json\/wp\/v2\/pages\/3597\/revisions\/108940"}],"wp:featuredmedia":[{"embeddable":true,"href":"https:\/\/www.boxrepsol.com\/es\/wp-json\/wp\/v2\/media\/3603"}],"wp:attachment":[{"href":"https:\/\/www.boxrepsol.com\/es\/wp-json\/wp\/v2\/media?parent=3597"}],"curies":[{"name":"wp","href":"https:\/\/api.w.org\/{rel}","templated":true}]}}