{"id":128936,"date":"2026-01-13T08:22:03","date_gmt":"2026-01-13T10:22:03","guid":{"rendered":"http:\/\/promo-sorteopremiereidolos"},"modified":"2026-01-13T08:23:52","modified_gmt":"2026-01-13T10:23:52","slug":"sorteopremiereidolos","status":"publish","type":"page","link":"https:\/\/www.boxrepsol.com\/es\/sorteopremiereidolos\/","title":{"rendered":"Sorteo invitaciones Premiere \u00cddolos"},"content":{"rendered":"<script type='text\/javascript'>gtm_landing('', '0');<\/script>\n<div class=\"promo-promo-sorteopremiereidolos\">\n            <h1>En breves tendremos los ganadores<\/h1>\n            <div class=\"image\">\n            <img decoding=\"async\" class=\"d-none d-sm-block\" src=\"https:\/\/www.boxrepsol.com\/wp-content\/plugins\/promo-sorteopremiereidolos\/assets\/images\/frontend\/promo-sorteopremiereidolos.jpg\" alt=\"Foto Promo\">\n            <img decoding=\"async\" class=\"d-block d-sm-none\" src=\"https:\/\/www.boxrepsol.com\/wp-content\/plugins\/promo-sorteopremiereidolos\/assets\/images\/frontend\/promo-sorteopremiereidolos-responsive.jpg\" alt=\"Foto Promo\">\n        <\/div>\n        <div class=\"text\">\n            <h2>\ud83c\udf9f <strong>Invitaci\u00f3n exclusiva a la premi\u00e8re de la pel\u00edcula sobre MotoGP: \u00cdDOLOS<\/strong><\/h2>\n            <p><p>Repsol ha formado parte del rodaje de \u00cddolos, pel\u00edcula producida por Warner, aportando toda su energ\u00eda a una producci\u00f3n que vive la velocidad y la pasi\u00f3n de MotoGP desde dentro.<\/p>\r\n\r\n<p>Ahora tienes la oportunidad de vivir una experiencia \u00fanica: sorteamos tres entradas dobles para asistir a la premi\u00e8re oficial de \u00cddolos, el 21 de enero en el cine Kin\u00e9polis en Pozuelo de Alarc\u00f3n, en Madrid.<\/p>\r\n\r\n<p> Disfruta de la pel\u00edcula en un entorno exclusivo, junto a los actores y a las marcas que han participado en su realizaci\u00f3n. <\/p>\r\n\r\n<p>\ud83d\udcc5Reg\u00edstrate o inicia sesi\u00f3n para participar, tienes hasta el 18 de enero, incluido<\/p>\r\n\r\n<p>No pierdas la oportunidad de vivirlo en primera persona<\/p>\r\n\r\n<p>\u00a1Participa y vive la energ\u00eda de la competici\u00f3n en cada instante!<\/p><\/p>\n                    <\/div>\n    <p class=\"bases\">Consulta <a href=\"promo-sorteopremiereidolos-bbll\/\" title=\"Bases legales\" target=\"_blank\">las bases legales<\/a><\/p>\n<\/div>\n","protected":false},"excerpt":{"rendered":"","protected":false},"author":1,"featured_media":0,"parent":0,"menu_order":0,"comment_status":"closed","ping_status":"closed","template":"","meta":{"footnotes":""},"class_list":["post-128936","page","type-page","status-publish","hentry"],"yoast_head":"<!-- This site is optimized with the Yoast SEO plugin v27.3 - https:\/\/yoast.com\/product\/yoast-seo-wordpress\/ -->\n<title>Sorteo invitaciones Premiere \u00cddolos - Box Repsol<\/title>\n<link rel=\"canonical\" href=\"https:\/\/www.boxrepsol.com\/es\/sorteopremiereidolos\/\" \/>\n<meta property=\"og:locale\" content=\"es_ES\" \/>\n<meta property=\"og:type\" content=\"article\" \/>\n<meta property=\"og:title\" content=\"Sorteo invitaciones Premiere \u00cddolos - Box Repsol\" \/>\n<meta property=\"og:url\" content=\"https:\/\/www.boxrepsol.com\/es\/sorteopremiereidolos\/\" \/>\n<meta property=\"og:site_name\" content=\"Box Repsol\" \/>\n<meta property=\"article:publisher\" content=\"https:\/\/www.facebook.com\/BoxRepsol\" \/>\n<meta property=\"article:modified_time\" content=\"2026-01-13T10:23:52+00:00\" \/>\n<meta name=\"twitter:card\" content=\"summary_large_image\" \/>\n<meta name=\"twitter:site\" content=\"@box_repsol\" \/>\n<script type=\"application\/ld+json\" class=\"yoast-schema-graph\">{\"@context\":\"https:\\\/\\\/schema.org\",\"@graph\":[{\"@type\":\"WebPage\",\"@id\":\"https:\\\/\\\/www.boxrepsol.com\\\/es\\\/sorteopremiereidolos\\\/\",\"url\":\"https:\\\/\\\/www.boxrepsol.com\\\/es\\\/sorteopremiereidolos\\\/\",\"name\":\"Sorteo invitaciones Premiere \u00cddolos - Box Repsol\",\"isPartOf\":{\"@id\":\"https:\\\/\\\/www.boxrepsol.com\\\/es\\\/#website\"},\"datePublished\":\"2026-01-13T10:22:03+00:00\",\"dateModified\":\"2026-01-13T10:23:52+00:00\",\"breadcrumb\":{\"@id\":\"https:\\\/\\\/www.boxrepsol.com\\\/es\\\/sorteopremiereidolos\\\/#breadcrumb\"},\"inLanguage\":\"es\",\"potentialAction\":[{\"@type\":\"ReadAction\",\"target\":[\"https:\\\/\\\/www.boxrepsol.com\\\/es\\\/sorteopremiereidolos\\\/\"]}]},{\"@type\":\"BreadcrumbList\",\"@id\":\"https:\\\/\\\/www.boxrepsol.com\\\/es\\\/sorteopremiereidolos\\\/#breadcrumb\",\"itemListElement\":[{\"@type\":\"ListItem\",\"position\":1,\"name\":\"Home\",\"item\":\"https:\\\/\\\/www.boxrepsol.com\\\/es\\\/\"},{\"@type\":\"ListItem\",\"position\":2,\"name\":\"Sorteo invitaciones Premiere \u00cddolos\"}]},{\"@type\":\"WebSite\",\"@id\":\"https:\\\/\\\/www.boxrepsol.com\\\/es\\\/#website\",\"url\":\"https:\\\/\\\/www.boxrepsol.com\\\/es\\\/\",\"name\":\"Box Repsol\",\"description\":\"Box Repsol Site\",\"publisher\":{\"@id\":\"https:\\\/\\\/www.boxrepsol.com\\\/es\\\/#organization\"},\"potentialAction\":[{\"@type\":\"SearchAction\",\"target\":{\"@type\":\"EntryPoint\",\"urlTemplate\":\"https:\\\/\\\/www.boxrepsol.com\\\/es\\\/?s={search_term_string}\"},\"query-input\":{\"@type\":\"PropertyValueSpecification\",\"valueRequired\":true,\"valueName\":\"search_term_string\"}}],\"inLanguage\":\"es\"},{\"@type\":\"Organization\",\"@id\":\"https:\\\/\\\/www.boxrepsol.com\\\/es\\\/#organization\",\"name\":\"Box Repsol\",\"url\":\"https:\\\/\\\/www.boxrepsol.com\\\/es\\\/\",\"logo\":{\"@type\":\"ImageObject\",\"inLanguage\":\"es\",\"@id\":\"https:\\\/\\\/www.boxrepsol.com\\\/es\\\/#\\\/schema\\\/logo\\\/image\\\/\",\"url\":\"https:\\\/\\\/bxrepsol.s3.eu-west-1.amazonaws.com\\\/static\\\/2025\\\/07\\\/30083337\\\/favicon-96x96-1.png\",\"contentUrl\":\"https:\\\/\\\/bxrepsol.s3.eu-west-1.amazonaws.com\\\/static\\\/2025\\\/07\\\/30083337\\\/favicon-96x96-1.png\",\"width\":96,\"height\":96,\"caption\":\"Box Repsol\"},\"image\":{\"@id\":\"https:\\\/\\\/www.boxrepsol.com\\\/es\\\/#\\\/schema\\\/logo\\\/image\\\/\"},\"sameAs\":[\"https:\\\/\\\/www.facebook.com\\\/BoxRepsol\",\"https:\\\/\\\/x.com\\\/box_repsol\",\"http:\\\/\\\/instagram.com\\\/box_repsol\",\"https:\\\/\\\/www.youtube.com\\\/user\\\/RepsolCompeticion\",\"https:\\\/\\\/www.flickr.com\\\/photos\\\/box_repsol\\\/\"]}]}<\/script>\n<!-- \/ Yoast SEO plugin. -->","yoast_head_json":{"title":"Sorteo invitaciones Premiere \u00cddolos - Box Repsol","canonical":"https:\/\/www.boxrepsol.com\/es\/sorteopremiereidolos\/","og_locale":"es_ES","og_type":"article","og_title":"Sorteo invitaciones Premiere \u00cddolos - Box Repsol","og_url":"https:\/\/www.boxrepsol.com\/es\/sorteopremiereidolos\/","og_site_name":"Box Repsol","article_publisher":"https:\/\/www.facebook.com\/BoxRepsol","article_modified_time":"2026-01-13T10:23:52+00:00","twitter_card":"summary_large_image","twitter_site":"@box_repsol","schema":{"@context":"https:\/\/schema.org","@graph":[{"@type":"WebPage","@id":"https:\/\/www.boxrepsol.com\/es\/sorteopremiereidolos\/","url":"https:\/\/www.boxrepsol.com\/es\/sorteopremiereidolos\/","name":"Sorteo invitaciones Premiere \u00cddolos - Box Repsol","isPartOf":{"@id":"https:\/\/www.boxrepsol.com\/es\/#website"},"datePublished":"2026-01-13T10:22:03+00:00","dateModified":"2026-01-13T10:23:52+00:00","breadcrumb":{"@id":"https:\/\/www.boxrepsol.com\/es\/sorteopremiereidolos\/#breadcrumb"},"inLanguage":"es","potentialAction":[{"@type":"ReadAction","target":["https:\/\/www.boxrepsol.com\/es\/sorteopremiereidolos\/"]}]},{"@type":"BreadcrumbList","@id":"https:\/\/www.boxrepsol.com\/es\/sorteopremiereidolos\/#breadcrumb","itemListElement":[{"@type":"ListItem","position":1,"name":"Home","item":"https:\/\/www.boxrepsol.com\/es\/"},{"@type":"ListItem","position":2,"name":"Sorteo invitaciones Premiere \u00cddolos"}]},{"@type":"WebSite","@id":"https:\/\/www.boxrepsol.com\/es\/#website","url":"https:\/\/www.boxrepsol.com\/es\/","name":"Box Repsol","description":"Box Repsol Site","publisher":{"@id":"https:\/\/www.boxrepsol.com\/es\/#organization"},"potentialAction":[{"@type":"SearchAction","target":{"@type":"EntryPoint","urlTemplate":"https:\/\/www.boxrepsol.com\/es\/?s={search_term_string}"},"query-input":{"@type":"PropertyValueSpecification","valueRequired":true,"valueName":"search_term_string"}}],"inLanguage":"es"},{"@type":"Organization","@id":"https:\/\/www.boxrepsol.com\/es\/#organization","name":"Box Repsol","url":"https:\/\/www.boxrepsol.com\/es\/","logo":{"@type":"ImageObject","inLanguage":"es","@id":"https:\/\/www.boxrepsol.com\/es\/#\/schema\/logo\/image\/","url":"https:\/\/bxrepsol.s3.eu-west-1.amazonaws.com\/static\/2025\/07\/30083337\/favicon-96x96-1.png","contentUrl":"https:\/\/bxrepsol.s3.eu-west-1.amazonaws.com\/static\/2025\/07\/30083337\/favicon-96x96-1.png","width":96,"height":96,"caption":"Box Repsol"},"image":{"@id":"https:\/\/www.boxrepsol.com\/es\/#\/schema\/logo\/image\/"},"sameAs":["https:\/\/www.facebook.com\/BoxRepsol","https:\/\/x.com\/box_repsol","http:\/\/instagram.com\/box_repsol","https:\/\/www.youtube.com\/user\/RepsolCompeticion","https:\/\/www.flickr.com\/photos\/box_repsol\/"]}]}},"_links":{"self":[{"href":"https:\/\/www.boxrepsol.com\/es\/wp-json\/wp\/v2\/pages\/128936","targetHints":{"allow":["GET"]}}],"collection":[{"href":"https:\/\/www.boxrepsol.com\/es\/wp-json\/wp\/v2\/pages"}],"about":[{"href":"https:\/\/www.boxrepsol.com\/es\/wp-json\/wp\/v2\/types\/page"}],"author":[{"embeddable":true,"href":"https:\/\/www.boxrepsol.com\/es\/wp-json\/wp\/v2\/users\/1"}],"replies":[{"embeddable":true,"href":"https:\/\/www.boxrepsol.com\/es\/wp-json\/wp\/v2\/comments?post=128936"}],"version-history":[{"count":2,"href":"https:\/\/www.boxrepsol.com\/es\/wp-json\/wp\/v2\/pages\/128936\/revisions"}],"predecessor-version":[{"id":128942,"href":"https:\/\/www.boxrepsol.com\/es\/wp-json\/wp\/v2\/pages\/128936\/revisions\/128942"}],"wp:attachment":[{"href":"https:\/\/www.boxrepsol.com\/es\/wp-json\/wp\/v2\/media?parent=128936"}],"curies":[{"name":"wp","href":"https:\/\/api.w.org\/{rel}","templated":true}]}}