{"id":124582,"date":"2025-04-04T07:20:17","date_gmt":"2025-04-04T09:20:17","guid":{"rendered":"https:\/\/www.boxrepsol.com\/?page_id=124582"},"modified":"2025-04-04T07:20:20","modified_gmt":"2025-04-04T09:20:20","slug":"presentacionwrc2","status":"publish","type":"page","link":"https:\/\/www.boxrepsol.com\/es\/presentacionwrc2\/","title":{"rendered":"BASES DE PARTICIPACI\u00d3N EN LA ACCI\u00d3N PROMOCIONAL"},"content":{"rendered":"\n<h2 class=\"wp-block-heading\"><strong>\u201c10 invitaciones dobles para la presentaci\u00f3n del equipo Toyota GR Yaris Rally2\u201d<\/strong><\/h2>\n\n\n\n<h2 class=\"wp-block-heading\"><strong>1. <strong>Compa\u00f1\u00eda organizadora.<\/strong><\/strong><\/h2>\n\n\n\n<p>REPSOL, S.A. con CIF n\u00ba A-78374725 y domicilio en M\u00e9ndez \u00c1lvaro, 44 28045 Madrid (\u201c<strong>Repsol<\/strong>\u201d) se propone realizar una promoci\u00f3n exclusiva dirigida a los seguidores de Box Repsol en Instagram que se desarrollar\u00e1 de conformidad con las presentes bases de participaci\u00f3n (\u201c<strong>Bases<\/strong>\u201d). La citada promoci\u00f3n se denominar\u00e1 <strong>\u201c10 invitaciones dobles para la presentaci\u00f3n del equipo Toyota GR Yaris Rally2 al WRC2\u201d (\u201cPromoci\u00f3n\u201d).<\/strong><\/p>\n\n\n\n<h2 class=\"wp-block-heading\"><strong>2. <strong>Objeto.<\/strong><\/strong><\/h2>\n\n\n\n<p>El objetivo de la Promoci\u00f3n es dar a conocer los beneficios de seguir a Box Repsol en Instagram accediendo a experiencias \u00fanicas.<\/p>\n\n\n\n<h2 class=\"wp-block-heading\"><strong>3. <strong>Periodo Promocional.<\/strong><\/strong><\/h2>\n\n\n\n<p>. La Promoci\u00f3n se desarrollar\u00e1 a nivel nacional, desde el 2 de abril de 2025 a las 10:00 horas, fecha en la que la misma ser\u00e1 comunicada en el perfil de Instagram de Box Repsol, hasta el 04 de abril de 2025 a las 10:00 horas, ambos inclusive y en hora peninsular espa\u00f1ola (\u201c<strong>Periodo Promocional<\/strong>\u201d).\n\n\n\n<h2 class=\"wp-block-heading\"><strong>4. <strong>Gratuidad.<\/strong><\/strong><\/h2>\n\n\n\n<p>La Promoci\u00f3n es gratuita, de tal manera que para participar no ser\u00e1 necesario el pago de cuota o cantidad alguna para la obtenci\u00f3n de premio objeto de la Promoci\u00f3n.<\/p>\n\n\n\n<h2 class=\"wp-block-heading\"><strong>5. <strong>Requisitos y Mec\u00e1nica.<\/strong><\/strong><\/h2>\n\n\n\n<p>Podr\u00e1n participar en la Promoci\u00f3n todas las personas f\u00edsicas mayores de edad, con capacidad de obrar y residentes legales en Espa\u00f1a que cumplan con la mec\u00e1nica promocional descrita en las Bases y, en caso de aplicaci\u00f3n, con la normativa de moderaci\u00f3n de Repsol en aquellas redes sociales donde se incluya (\u201c<strong>Participante<\/strong>\u201d).<\/p>\n\n\n\n<p>Esta Promoci\u00f3n es exclusiva para seguidores del perfil de Instagram de Box Repsol.<\/p>\n\n\n\n<p>Para participar en esta promoci\u00f3n, los usuarios deber\u00e1n comentar en el post del anuncio de la promoci\u00f3n etiquetando con qu\u00e9 persona desean asistir a la presentaci\u00f3n del , con un m\u00e1ximo de un (1) acompa\u00f1ante. Las invitaciones se repartir\u00e1n de forma directa en orden cronol\u00f3gico entre los primeros comentarios recibidos en el post, hasta alcanzar la cifra m\u00e1xima de veinte invitados (20) invitados. A continuaci\u00f3n, recibir\u00e1n un mensaje directo desde el perfil de Box Repsol desde la propia Red Social, solicitando el nombre completo de las personas que asistir\u00e1n al evento.<\/p>\n\n\n\n<p>Cada Participante solo podr\u00e1 participar en la Promoci\u00f3n una \u00fanica vez durante el Periodo Promocional.<\/p>\n\n\n\n<p>No podr\u00e1n participar en la Promoci\u00f3n aquellas personas que hayan intervenido, directa o indirectamente, en la preparaci\u00f3n, dise\u00f1o u organizaci\u00f3n de la Promoci\u00f3n.<\/p>\n\n\n\n<h2 class=\"wp-block-heading\"><strong>6. Premios.<\/strong><\/h2>\n\n\n\n<p>Repsol repartir\u00e1 un total de diez (10) invitaciones dobles para asistir a la presentaci\u00f3n del equipo <strong>Toyota GR Yaris Rally2<\/strong> (que tendr\u00e1 lugar en Campus Repsol, ubicado en C. de M\u00e9ndez \u00c1lvaro, 44, Arganzuela, 28045 Madrid, el d\u00eda 7 de abril de 2025 a las 10:30) (\u00ab<strong>Premio<\/strong>\u00ab) que: (i) en ning\u00fan caso, incluir\u00e1 otros gastos por conceptos distintos a los expuestos, que correr\u00e1n por cuenta del ganador; (ii) es personal e intransferible y es como se expone. (iii) no es acumulables a otro\/s, ni canjeable por ninguno otro ni por su contravalor en met\u00e1lico; (iv) queda prohibida su comercializaci\u00f3n y\/o venta; (v) si por cualquier raz\u00f3n ajena a Repsol no hubiera disponibilidad del Premio previsto, Repsol se reserva el derecho de sustituirlo por otro, de igual o superior valor.<\/p>\n\n\n\n<h2 class=\"wp-block-heading\"><strong>7. <strong>Adjudicaci\u00f3n y Comunicaci\u00f3n del Premio.<\/strong><\/strong><\/h2>\n\n\n\n<p>Cada participante solo podr\u00e1 optar a un \u00fanico Premio. La adjudicaci\u00f3n del Premio se realizar\u00e1 por orden cronol\u00f3gico de la llegada del comentario en la publicaci\u00f3n de instagram.<\/p>\n\n\n\n<p>Los ganadores recibir\u00e1n una comunicaci\u00f3n a trav\u00e9s un mensaje directo desde el perfil de Instagram de Box Repsol, que contestar en el plazo de 48 horas y deber\u00e1n facilitar los datos que Repsol les solicite a efectos de poder asistir al evento, dentro de ese plazo. En caso de que los ganadores no acepten el Premio, no conteste o no facilite los datos solicitados en el plazo se\u00f1alado, Repsol repetir\u00e1 el proceso con el siguiente comentario y as\u00ed sucesivamente hasta agotar las 10 invitaciones dobles, si fuera necesario.<\/p>\n\n\n\n<h2 class=\"wp-block-heading\"><strong>8. <strong>Aportaciones de los Participantes a la Promoci\u00f3n.<\/strong><\/strong><\/h2>\n\n\n\n<p>En caso de que la participaci\u00f3n implique que el Participante deba compartir alg\u00fan tipo de contenido, garantiza mediante la mera participaci\u00f3n que: (i) el contenido constituye, en su integridad, una obra original del Participante, que ha sido creada \u00fanicamente por el autor Participante y que no infringe ning\u00fan derecho de propiedad intelectual y\/o industrial, imagen o privacidad de terceros; (ii) el contenido respeta la prohibici\u00f3n expresa de incluir cualquier imagen, texto o contenido de cualquier tipo, que pueda suscitar o inducir a la violencia, de car\u00e1cter ilegal, discriminatorio, xen\u00f3fobo, sexual, obsceno o sugerente, difamatorio, amenazante y, en general, que pueda resultar ofensivo y\/o da\u00f1ar la imagen o suponer una violaci\u00f3n de los derechos de Repsol o de cualquiera de las empresas del Grupo Repsol, as\u00ed como de terceras personas f\u00edsicas y\/o jur\u00eddicas, y\/o pueda resultar contrario a la ley, la moral, el orden p\u00fablico; (iii) ha obtenido las autorizaciones necesarias para el uso de los contenidos, incluida la imagen y\/o voz, y los datos personales de todas aquellas personas que, de cualquier modo, est\u00e9n presentes en el contenido, y su expresa renuncia al Premio a favor del Participante.<\/p>\n\n\n\n<p>Asimismo el Participante (i) ser\u00e1 responsable de aquellos datos personales, imagen o derechos de terceros que incluya en sus aportaciones y de la posible vulneraci\u00f3n o infracci\u00f3n de derechos de terceros; (ii) en caso de menores o personas sin capacidad de obrar, el Participante declara que tiene la patria potestad o la tutela legal de \u00e9stos, prohibi\u00e9ndose expresamente la inclusi\u00f3n y\/o participaci\u00f3n de cualquier tercero que no cumpla los mencionados requisitos as\u00ed como de cualquiera de sus datos personales; (iii) otorga a Repsol una licencia de uso sobre los contenidos que no se encontraren entre las seleccionadas ganadoras en los t\u00e9rminos indicados en el apartado siguiente; (i) acepta la cesi\u00f3n de los derechos de propiedad intelectual sobre los contenidos aportados por el Participante ganador con el fin de publicitar y difundir la Promoci\u00f3n en cualquier medio externo o interno de Repsol o las empresas de su grupo empresarial.<\/p>\n\n\n\n<h2 class=\"wp-block-heading\"><strong>9. <strong>Fiscalidad del Premio<\/strong><\/strong><\/h2>\n\n\n\n<p>El Premio de la Promoci\u00f3n quedar\u00e1 sujeto a la legislaci\u00f3n espa\u00f1ola vigente y dem\u00e1s disposiciones concordantes, relativas a impuestos y tasas que correspondan aplicar al Premio y ganadores en el momento de su entrega.<\/p>\n\n\n\n\n<h2 class=\"wp-block-heading\"><strong>10. <strong>Participaci\u00f3n Fraudulenta.<\/strong><\/strong><\/h2>\n\n\n\n<p>Repsol se reserva el derecho a dar de baja y expulsar autom\u00e1ticamente a cualquier participante del que estime que realiza un mal uso o abuso de la Promoci\u00f3n, con la correspondiente cancelaci\u00f3n de su participaci\u00f3n, entendi\u00e9ndose como mal uso, con car\u00e1cter enunciativo y no excluyente, el incumplimiento de cualquier condici\u00f3n de participaci\u00f3n incluida en estas Bases, as\u00ed como cualquier otra que impida el normal desarrollo de la Promoci\u00f3n o cualquier posible actuaci\u00f3n fraudulenta, an\u00f3mala o dolosa por parte de los participantes, con el objetivo de lograr un Premio de forma il\u00edcita.<\/p>\n\n\n\n<h2 class=\"wp-block-heading\"><strong>11. <strong>Reclamaciones.<\/strong><\/strong><\/h2>\n\n\n\n<p>Cualquier pregunta, comentario o queja en relaci\u00f3n con la Promoci\u00f3n deber\u00e1 remitirse a trav\u00e9s de <a href=\"mailto:comunicaciondigital@repsol.com\">comunicaciondigital@repsol.com<\/a>. No se admitir\u00e1n reclamaciones, una vez transcurridos quince (15) d\u00edas desde la fecha final del Periodo Promocional. Las reclamaciones de los Participantes ser\u00e1n dirimidas por un jurado seleccionado por Repsol.<\/p>\n\n\n\n<h2 class=\"wp-block-heading\"><strong>12. <strong>Exenci\u00f3n de responsabilidad.<\/strong><\/strong><\/h2>\n\n\n\n<p>Repsol no se responsabiliza de (i) las posibles p\u00e9rdidas, deterioros, retrasos, o cualquier otra circunstancia imputable a terceros que puedan afectar al desarrollo de la Promoci\u00f3n o el disfrute del Premio; (ii) las posibles deficiencias, ca\u00eddas o mal funcionamiento de las l\u00edneas o redes de telecomunicaciones, p\u00e1ginas web e internet involucradas en la Promoci\u00f3n, por causas ajenas a Repsol; (iii) los servicios que cualquier otra entidad con la que Repsol colabore preste a los participantes; (iv) las incidencias, incidentes, accidentes o cualquier otra circunstancia que puedan sucederle al ganador o a sus acompa\u00f1antes durante el disfrute del Premio, que es exclusiva decisi\u00f3n personal de cada ganador y acompa\u00f1ante, quienes asumen los riesgos de dicho disfrute, exonerando y dejando totalmente indemnes a Repsol; (v) las responsabilidades en que incurran los Participantes ganadores o sus acompa\u00f1antes en el disfrute del Premio.<\/p>\n\n\n\n<p>Cada Participante ser\u00e1 el \u00fanico responsable de los contenidos que aporte en su participaci\u00f3n y de cualquier incumplimiento de las Bases, incluidos los requisitos para la aportaci\u00f3n de contenidos, quedando, en cualquier caso, Repsol y las empresas de su Grupo empresarial exoneradas de toda responsabilidad frente a terceros, incluidas las Redes Sociales.<\/p>\n\n\n\n<p>En caso de ser de aplicaci\u00f3n, la relaci\u00f3n entre el Participante y las Redes Sociales es completamente ajena a Repsol y, por su condici\u00f3n de usuario de la misma, se regir\u00e1 por los t\u00e9rminos y condiciones de la propia Red Social de las que Repsol es ajeno; el Participante declara conocer que la Promoci\u00f3n no est\u00e1 patrocinada, avalada ni administrada por las Redes Sociales, ni asociada en modo alguno con \u00e9stas, exonerando a las Redes Sociales de cualquier responsabilidad derivada del desarrollo de la Promoci\u00f3n, salvo que sea una cuesti\u00f3n que se corresponda con su condici\u00f3n de usuario de la Red Social.<\/p>\n\n\n\n<h2 class=\"wp-block-heading\"><strong>13. <strong>Informaci\u00f3n sobre el tratamiento de datos personales.<\/strong><\/strong><\/h2>\n\n\n\n<p>La participaci\u00f3n en la Promoci\u00f3n es voluntaria y requiere del tratamiento de datos personales conforme a la siguiente informaci\u00f3n que, en caso de resultar de aplicaci\u00f3n, el ganador ser\u00e1 responsable de proporcionar a los terceros cuyos datos facilite (i) para participar en la Promoci\u00f3n y\/o (ii) disfrutar del Premio.<\/p>\n\n\n\n<ul class=\"wp-block-list\">\n<li><strong>Responsable del Tratamiento: <\/strong>Repsol, S.A., con domicilio en M\u00e9ndez \u00c1lvaro, 44, 28045 Madrid<\/li>\n\n\n\n<li><strong>Delegado de protecci\u00f3n de datos:<\/strong> puedes contactar con el Delegado de Protecci\u00f3n de Datos de la organizaci\u00f3n a trav\u00e9s de la siguiente direcci\u00f3n de correo electr\u00f3nico: <a href=\"mailto:protecciondedatos@repsol.com\">protecciondedatos@repsol.com<\/a>.<\/li>\n\n\n\n<li><strong>Datos objeto del tratamiento:<\/strong> Todos los datos que nos proporciones al participar en la Promoci\u00f3n, as\u00ed como aquellos que puedan derivarse de tu participaci\u00f3n y resulten necesarios para el disfrute del Premio: nombre y apellidos, nombre de usuario en Instagram y, en su caso, datos de imagen y condici\u00f3n de ganador.<\/li>\n\n\n\n<li><strong>Finalidades y Base leg\u00edtima: <\/strong>\n<ul>\n<li><strong><i>Gestionar tu participaci\u00f3n en la Promoci\u00f3n<\/i>:<\/strong> la realizaci\u00f3n de las gestiones necesarias para el desarrollo de la Promoci\u00f3n. Legitimaci\u00f3n: la ejecuci\u00f3n de los t\u00e9rminos recogidos en las presentes Bases Legales.<\/li>\n<li><strong><i>Prevenci\u00f3n del fraude<\/i>:<\/strong> verificar la inexistencia de actuaciones o participaciones fraudulentas o contrarias a las Bases Legales. Legitimaci\u00f3n: el inter\u00e9s leg\u00edtimo del Responsable del Tratamiento en garantizar el correcto desarrollo de la Promoci\u00f3n.<\/li>\n<li><strong><i>Gestionar la entrega del Premio<\/i>:<\/strong> gestionar la entrega y\/o facilitar el acceso y\/o disfrute del premio otorgado a los ganadores y, en su caso, a sus acompa\u00f1antes. Legitimaci\u00f3n: (a) la ejecuci\u00f3n de los t\u00e9rminos recogidos en las presentes Bases Legales; y (b) tu consentimiento expreso otorgado con car\u00e1cter previo a la entrega de premios, a trav\u00e9s del documento correspondiente, en lo que se refiere a la publicaci\u00f3n de tu imagen en las Redes Sociales del Responsable del Tratamiento.<\/li>\n<li><strong><i>Cumplimiento legal<\/i><\/strong>: el cumplimiento de las obligaciones legales que correspondan. Legitimaci\u00f3n: cumplimiento de una obligaci\u00f3n legal.<\/li>\n<\/ul>\n<\/li>\n\n\n\n<li><strong>Destinatarios: <\/strong>No cederemos tus datos personales a terceros salvo a (a) aquellos que resulten necesarios conforme a Ley; (b) los proveedores  en su condici\u00f3n de encargado del tratamiento; y (c) terceros vinculados con la Promoci\u00f3n o Repsol, si resultara necesario para la gesti\u00f3n de la Promoci\u00f3n y\/o para el disfrute del Premio.<\/li>\n\n\n\n<li><strong>Derechos: <\/strong>Los participantes y, en su caso, sus acompa\u00f1antes, podr\u00e1n ejercitar sus derechos acceso, rectificaci\u00f3n, oposici\u00f3n, supresi\u00f3n, limitaci\u00f3n al tratamiento, y a retirar el consentimiento prestado, que se podr\u00e1n ejercitar mediante una comunicaci\u00f3n a trav\u00e9s de <a href=\"mailto:redessociales@repsol.com\">redessociales@repsol.com<\/a>. Adem\u00e1s, se podr\u00e1, en cualquier momento, formular una reclamaci\u00f3n ante la autoridad de control (AEPD).<\/li>\n\n\n\n<li><strong>Conservaci\u00f3n de los datos: <\/strong>Los datos personales ser\u00e1n conservados mientras dure la Promoci\u00f3n y, una vez finalizada, por el periodo de prescripci\u00f3n de las responsabilidades de todo orden.<\/li>\n\n\n\n<li><strong>Transferencias internacionales: <\/strong>las que resulten de la relaci\u00f3n con proveedores de servicios, con las garant\u00edas dispuestas en la Pol\u00edtica de Privacidad sin perjuicio de aquellas que como responsables del tratamiento puedan llevarse a cabo por las Redes Sociales.<\/li>\n\n\n\n<li><strong>M\u00e1s informaci\u00f3n: <\/strong>Pol\u00edtica de privacidad disponible en <a href=\"https:\/\/www.repsol.com\" target=\"_blank\" rel=\"noopener\">www.repsol.com<\/a><\/li>\n<\/ul>\n\n\n\n<h2 class=\"wp-block-heading\"><strong>14. <strong>Aceptaci\u00f3n de las Bases y Modificaci\u00f3n.<\/strong><\/strong><\/h2>\n\n\n\n<p>La mera participaci\u00f3n en la Promoci\u00f3n implica la aceptaci\u00f3n expresa e \u00edntegra de las Bases en su totalidad que estar\u00e1n a disposici\u00f3n de cualquier persona que desee consultarlas en boxrepsol.com\/bbllsorteopresentacionrepsolhonda24; Repsol se reserva el derecho de modificar en cualquier momento las Bases, incluso anular la Promoci\u00f3n, antes de la fecha final del Periodo Promocional, siempre que hubiera causa justificada, comprometi\u00e9ndose a notificarlo por el mismo o equivalente medio de difusi\u00f3n que estas Bases y con suficiente antelaci\u00f3n. Se recomienda a los Participantes consultar las Bases peri\u00f3dicamente para estar informados de las posibles modificaciones realizadas.<\/p>\n\n\n\n<h2 class=\"wp-block-heading\"><strong>15. <strong>Ley aplicable y soluci\u00f3n de controversias y reclamaciones.<\/strong><\/strong><\/h2>\n\n\n\n<p>Esta Promoci\u00f3n se rige por la legislaci\u00f3n espa\u00f1ola vigente que resulte de aplicaci\u00f3n. Sin perjuicio de lo previsto en la condici\u00f3n 11 \u201cReclamaciones\u201d, cualquier en relaci\u00f3n con la Promoci\u00f3n, se someter\u00e1 a los Juzgados y Tribunales competentes de Madrid capital renunciando las partes a cualquier otro fuero que pudiera corresponderles.<\/p>\n","protected":false},"excerpt":{"rendered":"<p>\u201c10 invitaciones dobles para la presentaci\u00f3n del equipo Toyota GR Yaris Rally2\u201d 1. Compa\u00f1\u00eda organizadora. REPSOL, S.A. con CIF n\u00ba A-78374725 y domicilio en M\u00e9ndez \u00c1lvaro, 44 28045 Madrid (\u201cRepsol\u201d) se propone realizar una promoci\u00f3n exclusiva dirigida a los seguidores de Box Repsol en Instagram que se desarrollar\u00e1 de conformidad con las presentes bases de [&hellip;]<\/p>\n","protected":false},"author":1,"featured_media":0,"parent":0,"menu_order":0,"comment_status":"closed","ping_status":"closed","template":"templates\/bbll.php","meta":{"footnotes":""},"class_list":["post-124582","page","type-page","status-publish","hentry"],"yoast_head":"<!-- This site is optimized with the Yoast SEO plugin v27.3 - https:\/\/yoast.com\/product\/yoast-seo-wordpress\/ -->\n<title>BASES DE PARTICIPACI\u00d3N EN LA ACCI\u00d3N PROMOCIONAL - Box Repsol<\/title>\n<link rel=\"canonical\" href=\"https:\/\/www.boxrepsol.com\/es\/presentacionwrc2\/\" \/>\n<meta property=\"og:locale\" content=\"es_ES\" \/>\n<meta property=\"og:type\" content=\"article\" \/>\n<meta property=\"og:title\" content=\"BASES DE PARTICIPACI\u00d3N EN LA ACCI\u00d3N PROMOCIONAL - Box Repsol\" \/>\n<meta property=\"og:description\" content=\"\u201c10 invitaciones dobles para la presentaci\u00f3n del equipo Toyota GR Yaris Rally2\u201d 1. Compa\u00f1\u00eda organizadora. REPSOL, S.A. con CIF n\u00ba A-78374725 y domicilio en M\u00e9ndez \u00c1lvaro, 44 28045 Madrid (\u201cRepsol\u201d) se propone realizar una promoci\u00f3n exclusiva dirigida a los seguidores de Box Repsol en Instagram que se desarrollar\u00e1 de conformidad con las presentes bases de [&hellip;]\" \/>\n<meta property=\"og:url\" content=\"https:\/\/www.boxrepsol.com\/es\/presentacionwrc2\/\" \/>\n<meta property=\"og:site_name\" content=\"Box Repsol\" \/>\n<meta property=\"article:publisher\" content=\"https:\/\/www.facebook.com\/BoxRepsol\" \/>\n<meta property=\"article:modified_time\" content=\"2025-04-04T09:20:20+00:00\" \/>\n<meta name=\"twitter:card\" content=\"summary_large_image\" \/>\n<meta name=\"twitter:site\" content=\"@box_repsol\" \/>\n<meta name=\"twitter:label1\" content=\"Est. reading time\" \/>\n\t<meta name=\"twitter:data1\" content=\"12 minutos\" \/>\n<script type=\"application\/ld+json\" class=\"yoast-schema-graph\">{\"@context\":\"https:\\\/\\\/schema.org\",\"@graph\":[{\"@type\":\"WebPage\",\"@id\":\"https:\\\/\\\/www.boxrepsol.com\\\/es\\\/presentacionwrc2\\\/\",\"url\":\"https:\\\/\\\/www.boxrepsol.com\\\/es\\\/presentacionwrc2\\\/\",\"name\":\"BASES DE PARTICIPACI\u00d3N EN LA ACCI\u00d3N PROMOCIONAL - Box Repsol\",\"isPartOf\":{\"@id\":\"https:\\\/\\\/www.boxrepsol.com\\\/es\\\/#website\"},\"datePublished\":\"2025-04-04T09:20:17+00:00\",\"dateModified\":\"2025-04-04T09:20:20+00:00\",\"breadcrumb\":{\"@id\":\"https:\\\/\\\/www.boxrepsol.com\\\/es\\\/presentacionwrc2\\\/#breadcrumb\"},\"inLanguage\":\"es\",\"potentialAction\":[{\"@type\":\"ReadAction\",\"target\":[\"https:\\\/\\\/www.boxrepsol.com\\\/es\\\/presentacionwrc2\\\/\"]}]},{\"@type\":\"BreadcrumbList\",\"@id\":\"https:\\\/\\\/www.boxrepsol.com\\\/es\\\/presentacionwrc2\\\/#breadcrumb\",\"itemListElement\":[{\"@type\":\"ListItem\",\"position\":1,\"name\":\"Home\",\"item\":\"https:\\\/\\\/www.boxrepsol.com\\\/es\\\/\"},{\"@type\":\"ListItem\",\"position\":2,\"name\":\"BASES DE PARTICIPACI\u00d3N EN LA ACCI\u00d3N PROMOCIONAL\"}]},{\"@type\":\"WebSite\",\"@id\":\"https:\\\/\\\/www.boxrepsol.com\\\/es\\\/#website\",\"url\":\"https:\\\/\\\/www.boxrepsol.com\\\/es\\\/\",\"name\":\"Box Repsol\",\"description\":\"Box Repsol Site\",\"publisher\":{\"@id\":\"https:\\\/\\\/www.boxrepsol.com\\\/es\\\/#organization\"},\"potentialAction\":[{\"@type\":\"SearchAction\",\"target\":{\"@type\":\"EntryPoint\",\"urlTemplate\":\"https:\\\/\\\/www.boxrepsol.com\\\/es\\\/?s={search_term_string}\"},\"query-input\":{\"@type\":\"PropertyValueSpecification\",\"valueRequired\":true,\"valueName\":\"search_term_string\"}}],\"inLanguage\":\"es\"},{\"@type\":\"Organization\",\"@id\":\"https:\\\/\\\/www.boxrepsol.com\\\/es\\\/#organization\",\"name\":\"Box Repsol\",\"url\":\"https:\\\/\\\/www.boxrepsol.com\\\/es\\\/\",\"logo\":{\"@type\":\"ImageObject\",\"inLanguage\":\"es\",\"@id\":\"https:\\\/\\\/www.boxrepsol.com\\\/es\\\/#\\\/schema\\\/logo\\\/image\\\/\",\"url\":\"https:\\\/\\\/bxrepsol.s3.eu-west-1.amazonaws.com\\\/static\\\/2025\\\/07\\\/30083337\\\/favicon-96x96-1.png\",\"contentUrl\":\"https:\\\/\\\/bxrepsol.s3.eu-west-1.amazonaws.com\\\/static\\\/2025\\\/07\\\/30083337\\\/favicon-96x96-1.png\",\"width\":96,\"height\":96,\"caption\":\"Box Repsol\"},\"image\":{\"@id\":\"https:\\\/\\\/www.boxrepsol.com\\\/es\\\/#\\\/schema\\\/logo\\\/image\\\/\"},\"sameAs\":[\"https:\\\/\\\/www.facebook.com\\\/BoxRepsol\",\"https:\\\/\\\/x.com\\\/box_repsol\",\"http:\\\/\\\/instagram.com\\\/box_repsol\",\"https:\\\/\\\/www.youtube.com\\\/user\\\/RepsolCompeticion\",\"https:\\\/\\\/www.flickr.com\\\/photos\\\/box_repsol\\\/\"]}]}<\/script>\n<!-- \/ Yoast SEO plugin. -->","yoast_head_json":{"title":"BASES DE PARTICIPACI\u00d3N EN LA ACCI\u00d3N PROMOCIONAL - Box Repsol","canonical":"https:\/\/www.boxrepsol.com\/es\/presentacionwrc2\/","og_locale":"es_ES","og_type":"article","og_title":"BASES DE PARTICIPACI\u00d3N EN LA ACCI\u00d3N PROMOCIONAL - Box Repsol","og_description":"\u201c10 invitaciones dobles para la presentaci\u00f3n del equipo Toyota GR Yaris Rally2\u201d 1. Compa\u00f1\u00eda organizadora. REPSOL, S.A. con CIF n\u00ba A-78374725 y domicilio en M\u00e9ndez \u00c1lvaro, 44 28045 Madrid (\u201cRepsol\u201d) se propone realizar una promoci\u00f3n exclusiva dirigida a los seguidores de Box Repsol en Instagram que se desarrollar\u00e1 de conformidad con las presentes bases de [&hellip;]","og_url":"https:\/\/www.boxrepsol.com\/es\/presentacionwrc2\/","og_site_name":"Box Repsol","article_publisher":"https:\/\/www.facebook.com\/BoxRepsol","article_modified_time":"2025-04-04T09:20:20+00:00","twitter_card":"summary_large_image","twitter_site":"@box_repsol","twitter_misc":{"Est. reading time":"12 minutos"},"schema":{"@context":"https:\/\/schema.org","@graph":[{"@type":"WebPage","@id":"https:\/\/www.boxrepsol.com\/es\/presentacionwrc2\/","url":"https:\/\/www.boxrepsol.com\/es\/presentacionwrc2\/","name":"BASES DE PARTICIPACI\u00d3N EN LA ACCI\u00d3N PROMOCIONAL - Box Repsol","isPartOf":{"@id":"https:\/\/www.boxrepsol.com\/es\/#website"},"datePublished":"2025-04-04T09:20:17+00:00","dateModified":"2025-04-04T09:20:20+00:00","breadcrumb":{"@id":"https:\/\/www.boxrepsol.com\/es\/presentacionwrc2\/#breadcrumb"},"inLanguage":"es","potentialAction":[{"@type":"ReadAction","target":["https:\/\/www.boxrepsol.com\/es\/presentacionwrc2\/"]}]},{"@type":"BreadcrumbList","@id":"https:\/\/www.boxrepsol.com\/es\/presentacionwrc2\/#breadcrumb","itemListElement":[{"@type":"ListItem","position":1,"name":"Home","item":"https:\/\/www.boxrepsol.com\/es\/"},{"@type":"ListItem","position":2,"name":"BASES DE PARTICIPACI\u00d3N EN LA ACCI\u00d3N PROMOCIONAL"}]},{"@type":"WebSite","@id":"https:\/\/www.boxrepsol.com\/es\/#website","url":"https:\/\/www.boxrepsol.com\/es\/","name":"Box Repsol","description":"Box Repsol Site","publisher":{"@id":"https:\/\/www.boxrepsol.com\/es\/#organization"},"potentialAction":[{"@type":"SearchAction","target":{"@type":"EntryPoint","urlTemplate":"https:\/\/www.boxrepsol.com\/es\/?s={search_term_string}"},"query-input":{"@type":"PropertyValueSpecification","valueRequired":true,"valueName":"search_term_string"}}],"inLanguage":"es"},{"@type":"Organization","@id":"https:\/\/www.boxrepsol.com\/es\/#organization","name":"Box Repsol","url":"https:\/\/www.boxrepsol.com\/es\/","logo":{"@type":"ImageObject","inLanguage":"es","@id":"https:\/\/www.boxrepsol.com\/es\/#\/schema\/logo\/image\/","url":"https:\/\/bxrepsol.s3.eu-west-1.amazonaws.com\/static\/2025\/07\/30083337\/favicon-96x96-1.png","contentUrl":"https:\/\/bxrepsol.s3.eu-west-1.amazonaws.com\/static\/2025\/07\/30083337\/favicon-96x96-1.png","width":96,"height":96,"caption":"Box Repsol"},"image":{"@id":"https:\/\/www.boxrepsol.com\/es\/#\/schema\/logo\/image\/"},"sameAs":["https:\/\/www.facebook.com\/BoxRepsol","https:\/\/x.com\/box_repsol","http:\/\/instagram.com\/box_repsol","https:\/\/www.youtube.com\/user\/RepsolCompeticion","https:\/\/www.flickr.com\/photos\/box_repsol\/"]}]}},"_links":{"self":[{"href":"https:\/\/www.boxrepsol.com\/es\/wp-json\/wp\/v2\/pages\/124582","targetHints":{"allow":["GET"]}}],"collection":[{"href":"https:\/\/www.boxrepsol.com\/es\/wp-json\/wp\/v2\/pages"}],"about":[{"href":"https:\/\/www.boxrepsol.com\/es\/wp-json\/wp\/v2\/types\/page"}],"author":[{"embeddable":true,"href":"https:\/\/www.boxrepsol.com\/es\/wp-json\/wp\/v2\/users\/1"}],"replies":[{"embeddable":true,"href":"https:\/\/www.boxrepsol.com\/es\/wp-json\/wp\/v2\/comments?post=124582"}],"version-history":[{"count":1,"href":"https:\/\/www.boxrepsol.com\/es\/wp-json\/wp\/v2\/pages\/124582\/revisions"}],"predecessor-version":[{"id":124583,"href":"https:\/\/www.boxrepsol.com\/es\/wp-json\/wp\/v2\/pages\/124582\/revisions\/124583"}],"wp:attachment":[{"href":"https:\/\/www.boxrepsol.com\/es\/wp-json\/wp\/v2\/media?parent=124582"}],"curies":[{"name":"wp","href":"https:\/\/api.w.org\/{rel}","templated":true}]}}