{"id":4985,"date":"2020-01-02T00:00:00","date_gmt":"2020-01-02T02:00:00","guid":{"rendered":"http:\/\/pre.boxrepsol.com\/alex-marquez\/"},"modified":"2023-11-30T10:35:47","modified_gmt":"2023-11-30T12:35:47","slug":"alex-marquez","status":"publish","type":"page","link":"https:\/\/www.boxrepsol.com\/en\/alex-marquez\/","title":{"rendered":"\u00c1lex M\u00e1rquez"},"content":{"rendered":"<div class=\"piloto-info\">\n<div class=\"col-left\">\n<div class=\"casco\"><img decoding=\"async\" src=\"https:\/\/www.boxrepsol.com\/wp-content\/themes\/theme-boxrepsol-child\/static\/images\/alex-marquez-casco.png\" alt=\"Casco de \u00c1lex M\u00e1rquez\" \/><\/div>\n<div class=\"datos\">\n<h2>Personal information<\/h2>\n<ul>\n<li><strong>Cervera<\/strong> (Spain)<\/li>\n<li>23rd April 1996<\/li>\n<li>1.79 m.<\/li>\n<li>64 kg.<\/li>\n<\/ul><\/div>\n<\/p><\/div>\n<div class=\"col-right\">\n<div class=\"moto\">\n<h2>Moto GP<\/h2>\n<p>\t\t\t<strong>Honda RC 213V<\/strong><br \/>\n\t\t\t<a href=\"\/equipo-repsol\/honda-rc-213v\/\"><br \/>\n\t\t\t\t<img decoding=\"async\" src=\"https:\/\/www.boxrepsol.com\/wp-content\/themes\/theme-boxrepsol-child\/static\/images\/alex-marquez-moto.png\" alt=\"Honda RC 213V\" \/><br \/>\n\t\t\t<\/a>\n\t\t<\/div>\n<div class=\"redes\">\n<h2>Follow me<\/h2>\n<ul>\n<li><a href=\"http:\/\/alexmarquez73.com\/\" title=\"Web\" target=\"_blank\" rel=\"noopener\"><i class=\"fas fa-globe\"><\/i><\/a><\/li>\n<li><a href=\"https:\/\/twitter.com\/alexmarquez73\" title=\"Twitter\" target=\"_blank\" rel=\"noopener\"><i class=\"fab fa-twitter\"><\/i><\/a><\/li>\n<li><a href=\"https:\/\/www.facebook.com\/marquezalex23\" title=\"Facebook\" target=\"_blank\" rel=\"noopener\"><i class=\"fab fa-facebook-f\"><\/i><\/a><\/li>\n<li><a href=\"https:\/\/www.instagram.com\/alexmarquez73\/\" title=\"Instagram\" target=\"_blank\" rel=\"noopener\"><i class=\"fab fa-instagram\"><\/i><\/a><\/li>\n<li><a href=\"https:\/\/www.youtube.com\/channel\/UCSbt-l3WwVBcrVpmu44qbKg\" title=\"Youtube\" target=\"_blank\" rel=\"noopener\"><i class=\"fab fa-youtube\"><\/i><\/a><\/li>\n<\/ul><\/div>\n<\/p><\/div>\n<p>\t<img decoding=\"async\" class=\"piloto-bg\" src=\"https:\/\/www.boxrepsol.com\/wp-content\/themes\/theme-boxrepsol-child\/static\/images\/alex-marquez.png\" alt=\"\u00c1lex M\u00e1rquez\" \/><br \/>\n\t<img decoding=\"async\" class=\"piloto-bg-xs\" src=\"https:\/\/www.boxrepsol.com\/wp-content\/themes\/theme-boxrepsol-child\/static\/images\/alex-marquez-xs.png\" alt=\"\u00c1lex M\u00e1rquez\" \/>\n<\/div>\n<div class=\"piloto-info-slider js-info-slider\">\n<div class=\"datos\">\n<h2>Personal information<\/h2>\n<ul>\n<li><strong>Cervera<\/strong> (Spain)<\/li>\n<li>23rd April 1996<\/li>\n<li>1.79 m.<\/li>\n<li>64 kg.<\/li>\n<\/ul>\n<\/div>\n<div class=\"moto\">\n<h2>Moto GP<\/h2>\n<p><strong>Honda RC 213V<\/strong><br \/>\n<a href=\"\/equipo-repsol\/honda-rc-213v\/\"><br \/>\n<img decoding=\"async\" src=\"https:\/\/www.boxrepsol.com\/wp-content\/themes\/theme-boxrepsol-child\/static\/images\/alex-marquez-moto.png\" alt=\"Honda RC 213V\" \/><br \/>\n<\/a><\/p>\n<\/div>\n<div class=\"redes\">\n<h2>Follow me<\/h2>\n<ul>\n<li><a href=\"http:\/\/alexmarquez73.com\/\" title=\"Web\" target=\"_blank\" rel=\"noopener\"><i class=\"fas fa-globe\"><\/i><\/a><\/li>\n<li><a href=\"https:\/\/twitter.com\/alexmarquez73\" title=\"Twitter\" target=\"_blank\" rel=\"noopener\"><i class=\"fab fa-twitter\"><\/i><\/a><\/li>\n<li><a href=\"https:\/\/www.facebook.com\/marquezalex23\" title=\"Facebook\" target=\"_blank\" rel=\"noopener\"><i class=\"fab fa-facebook-f\"><\/i><\/a><\/li>\n<li><a href=\"https:\/\/www.instagram.com\/alexmarquez73\/\" title=\"Instagram\" target=\"_blank\" rel=\"noopener\"><i class=\"fab fa-instagram\"><\/i><\/a><\/li>\n<li><a href=\"https:\/\/www.youtube.com\/channel\/UCSbt-l3WwVBcrVpmu44qbKg\" title=\"Youtube\" target=\"_blank\" rel=\"noopener\"><i class=\"fab fa-youtube\"><\/i><\/a><\/li>\n<\/ul>\n<\/div>\n<\/div>\n<p><!-- Los n\u00fameros de Marc --><\/p>\n<div class=\"piloto-numeros\">\n<div class=\"h2\">\n<h2>\u00c1lex, in numbers<\/h2>\n<\/div>\n<div><!-- T\u00edtulos --><br \/>\n<span class=\"num\">2<\/span><br \/>\n<span class=\"title\">Titles<\/span><\/div>\n<div><!-- Podios --><br \/>\n<span class=\"num\">40<\/span><br \/>\n<span class=\"title\">Podiums<\/span><\/div>\n<div><!-- Victorias --><br \/>\n<span class=\"num\">12<\/span><br \/>\n<span class=\"title\">Victories<\/span><\/div>\n<div><!-- Poles --><br \/>\n<span class=\"num\">15<\/span><br \/>\n<span class=\"title\">Pole positions<\/span><\/div>\n<div><!-- Vueltas r\u00e1pidas --><br \/>\n<span class=\"num\">17<\/span><br \/>\n<span class=\"title\">Fastest laps<\/span><\/div>\n<div><!-- Carreras --><br \/>\n<span class=\"num\">149<\/span><br \/>\n<span class=\"title\">Races<\/span><\/div>\n<\/div>\n<div class=\"piloto-txt read-more\">\n<h2>\u00c1lex M\u00e1rquez, a big talent with a bright future<\/h2>\n<p>Two-time World Champion in the lower categories, Alex has had a career parallel to that of his brother Marc. He may have come onto the scene later, but we have to take into consideration everything he has been able to learn from the eight-time World Champion, who he has shared his whole life with.<\/p>\n<p>Alex was already a rider and World Champion with Repsol in Moto3, and it is a great honour for us to team up with him again. Now in the top category, &#8220;the gunman&#8221; has arrived wanting to give his all and be part of the success story of the Repsol Honda Team.<\/p>\n<\/div>\n<div class=\"piloto-trayectoria-records\">\n<ul class=\"tabs\">\n<li>Trajectory<\/li>\n<p>    <!--\n\n<li>R\u00e9cords<\/li>\n\n-->\n<\/ul>\n<div id=\"js-trayectoria-nav\">\n<div class=\"js-trayectoria-nav-item\">\n<p>2019<\/p>\n<\/p><\/div>\n<div class=\"js-trayectoria-nav-item\">\n<p>2018<\/p>\n<\/p><\/div>\n<div class=\"js-trayectoria-nav-item\">\n<p>2017<\/p>\n<\/p><\/div>\n<div class=\"js-trayectoria-nav-item\">\n<p>2016<\/p>\n<\/p><\/div>\n<div class=\"js-trayectoria-nav-item\">\n<p>2015<\/p>\n<\/p><\/div>\n<div class=\"js-trayectoria-nav-item\">\n<p>2014<\/p>\n<\/p><\/div>\n<div class=\"js-trayectoria-nav-item\">\n<p>2013<\/p>\n<\/p><\/div>\n<div class=\"js-trayectoria-nav-item\">\n<p>2012<\/p>\n<\/p><\/div>\n<\/div>\n<div class=\"piloto-trayectoria\">\n<div class=\"trayectoria-imagen\">\n             <img decoding=\"async\" src=\"https:\/\/www.boxrepsol.com\/wp-content\/themes\/theme-boxrepsol-child\/static\/images\/sliders-pilotos\/alex-marquez\/base.png\" \/>\n         <\/div>\n<div id=\"js-trayectoria-slider\">\n                <!--2019--><\/p>\n<div class=\"js-trayectoria-slider-item\">\n<div class=\"slider-item--text\">\n<ul>\n<li>\n                                <span>1<\/span><\/p>\n<div>\n<p>World <strong>Champion<\/strong><\/p>\n<p>                                    <span>Moto2<\/span><\/p>\n<p>\u00c1lex wins the second World Championship of his career and prepares to move up to the top class.<\/p>\n<\/p><\/div>\n<\/li>\n<\/ul><\/div>\n<div class=\"slider-item--sidebar\">\n<div class=\"victorias\"><span>5<\/span><span>wins<\/span><\/div>\n<div class=\"poles\"><span>6<\/span><span>poles<\/span><\/div>\n<\/p><\/div>\n<\/p><\/div>\n<p>                <!--2018--><\/p>\n<div class=\"js-trayectoria-slider-item\">\n<div class=\"slider-item--text\">\n<ul>\n<li>\n                                <span>4<\/span><\/p>\n<div>\n<p>World Championship<\/p>\n<p>                                    <span>Moto2<\/span><\/p>\n<p>Despite a complicated season, the Cervera-born driver manages to take 4th place and learn some valuable lessons.<\/p>\n<\/p><\/div>\n<\/li>\n<\/ul><\/div>\n<div class=\"slider-item--sidebar\">\n<div class=\"victorias\"><span>0<\/span><span>wins<\/span><\/div>\n<div class=\"poles\"><span>3<\/span><span>poles<\/span><\/div>\n<\/p><\/div>\n<\/p><\/div>\n<p>                <!-- 2017 --><\/p>\n<div class=\"js-trayectoria-slider-item\">\n<div class=\"slider-item--text\">\n<ul>\n<li>\n                            \t<span>4<\/span><\/p>\n<div>\n<p>World Championship<\/p>\n<p>                                    <span>Moto2<\/span><\/p>\n<p>Number 73 begins to reap the efforts of his hard work, battling for the World Championship and finishing 4th.<\/p>\n<\/p><\/div>\n<\/li>\n<\/ul><\/div>\n<div class=\"slider-item--sidebar\">\n<div class=\"victorias\"><span>3<\/span><span>wins<\/span><\/div>\n<div class=\"poles\"><span>3<\/span><span>poles<\/span><\/div>\n<\/p><\/div>\n<\/p><\/div>\n<p>                <!-- 2016 --><\/p>\n<div class=\"js-trayectoria-slider-item\">\n<div class=\"slider-item--text\">\n<ul>\n<li>\n<div>\n<p>Intermediate category<\/p>\n<p>                                    <span>Moto2<\/span><\/p>\n<p>Alex continues to improve his riding in the intermediate category.<\/p>\n<\/p><\/div>\n<\/li>\n<\/ul><\/div>\n<div class=\"slider-item--sidebar\">\n<div class=\"victorias\"><span>0<\/span><span>wins<\/span><\/div>\n<div class=\"poles\"><span>0<\/span><span>poles<\/span><\/div>\n<\/p><\/div>\n<\/p><\/div>\n<p>                <!-- 2015 --><\/p>\n<div class=\"js-trayectoria-slider-item\">\n<div class=\"slider-item--text\">\n<ul>\n<li>\n<div>\n<p>Debuts in Moto2<\/p>\n<p>                                    <span>Moto2<\/span><\/p>\n<p>A year of learning after finishing mid-table.<\/p>\n<\/p><\/div>\n<\/li>\n<\/ul><\/div>\n<div class=\"slider-item--sidebar\">\n<div class=\"victorias\"><span>0<\/span><span>wins<\/span><\/div>\n<div class=\"poles\"><span>0<\/span><span>poles<\/span><\/div>\n<\/p><\/div>\n<\/p><\/div>\n<p>                <!-- 2014 --><\/p>\n<div class=\"js-trayectoria-slider-item\">\n<div class=\"slider-item--text\">\n<ul>\n<li>\n                            \t<span>1<\/span><\/p>\n<div>\n<p>World <strong>Champion<\/strong><\/p>\n<p>                                    <span>Moto3<\/span><\/p>\n<p>The youngest of the M\u00e1rquez brothers achieves his first Moto3 World title.<\/p>\n<\/p><\/div>\n<\/li>\n<\/ul><\/div>\n<div class=\"slider-item--sidebar\">\n<div class=\"victorias\"><span>3<\/span><span>wins<\/span><\/div>\n<div class=\"poles\"><span>3<\/span><span>poles<\/span><\/div>\n<\/p><\/div>\n<\/p><\/div>\n<p>                <!-- 2013 --><\/p>\n<div class=\"js-trayectoria-slider-item\">\n<div class=\"slider-item--text\">\n<ul>\n<li>\n                            \t<span>4<\/span><\/p>\n<div>\n<p>World Championship<\/p>\n<p>                                    <span>Moto3<\/span><\/p>\n<p>Finishes the Moto3 season in a promising fourth position.<\/p>\n<\/p><\/div>\n<\/li>\n<\/ul><\/div>\n<div class=\"slider-item--sidebar\">\n<div class=\"victorias\"><span>1<\/span><span>wins<\/span><\/div>\n<div class=\"poles\"><span>0<\/span><span>poles<\/span><\/div>\n<\/p><\/div>\n<\/p><\/div>\n<p>                <!-- 2012 --><\/p>\n<div class=\"js-trayectoria-slider-item\">\n<div class=\"slider-item--text\">\n<ul>\n<li>\n<div>\n<p>World Championship<\/p>\n<p>                                    <span>Moto3<\/span><\/p>\n<p>\u00c1lex debuts in the World Championship four years after his brother Marc.<\/p>\n<\/p><\/div>\n<\/li>\n<\/ul><\/div>\n<div class=\"slider-item--sidebar\">\n<div class=\"victorias\"><span>0<\/span><span>wins<\/span><\/div>\n<div class=\"poles\"><span>0<\/span><span>poles<\/span><\/div>\n<\/p><\/div>\n<\/p><\/div>\n<\/p><\/div>\n<\/p><\/div>\n<\/div>\n<div class=\"piloto-noticias-multimedia\">\n<ul class=\"tabs js-pilot-tab-togglers\">\n<li><a class=\"active\" href=\"javascript:;\">Multimedia<\/a><\/li>\n<li><a href=\"javascript:;\">News<\/a><\/li>\n<\/ul>\n<div class=\"js-pilot-tab-containers\">\n<div class=\"piloto-multimedia\">\n\t\t\t<a href=\"https:\/\/www.flickr.com\/search\/?sort=interestingness-desc&#038;safe_search=1&#038;tags=%C3%A1lex&#038;min_taken_date=1579564800&#038;max_taken_date=1582329599&#038;view_all=1\" target=\"_blank\" rel=\"noopener\"><\/p>\n<div><img decoding=\"async\" src=\"https:\/\/www.boxrepsol.com\/wp-content\/themes\/theme-boxrepsol-child\/static\/images\/flickr-alex-marquez-01.jpg\" alt=\"\u00c1lex M\u00e1rquez\" \/><\/div>\n<p>\t\t\t<\/a><br \/>\n\t\t\t<a href=\"https:\/\/www.flickr.com\/search\/?sort=interestingness-desc&#038;safe_search=1&#038;tags=%C3%A1lex&#038;min_taken_date=1579564800&#038;max_taken_date=1582329599&#038;view_all=1\" target=\"_blank\" rel=\"noopener\"><\/p>\n<div><img decoding=\"async\" src=\"https:\/\/www.boxrepsol.com\/wp-content\/themes\/theme-boxrepsol-child\/static\/images\/flickr-alex-marquez-02.jpg\" alt=\"\u00c1lex M\u00e1rquez\" \/><\/div>\n<p>\t\t\t<\/a><br \/>\n\t\t\t<a href=\"https:\/\/www.flickr.com\/search\/?sort=interestingness-desc&#038;safe_search=1&#038;tags=%C3%A1lex&#038;min_taken_date=1579564800&#038;max_taken_date=1582329599&#038;view_all=1\" target=\"_blank\" rel=\"noopener\"><\/p>\n<div><img decoding=\"async\" src=\"https:\/\/www.boxrepsol.com\/wp-content\/themes\/theme-boxrepsol-child\/static\/images\/flickr-alex-marquez-03.jpg\" alt=\"\u00c1lex M\u00e1rquez\" \/><\/div>\n<p>\t\t\t<\/a><br \/>\n\t\t\t<a href=\"https:\/\/www.flickr.com\/search\/?sort=interestingness-desc&#038;safe_search=1&#038;tags=%C3%A1lex&#038;min_taken_date=1579564800&#038;max_taken_date=1582329599&#038;view_all=1\" target=\"_blank\" rel=\"noopener\"><\/p>\n<div><img decoding=\"async\" src=\"https:\/\/www.boxrepsol.com\/wp-content\/themes\/theme-boxrepsol-child\/static\/images\/flickr-alex-marquez-04.jpg\" alt=\"\u00c1lex M\u00e1rquez\" \/><\/div>\n<p>\t\t\t<\/a><br \/>\n\t\t\t<a href=\"https:\/\/www.flickr.com\/search\/?sort=interestingness-desc&#038;safe_search=1&#038;tags=%C3%A1lex&#038;min_taken_date=1579564800&#038;max_taken_date=1582329599&#038;view_all=1\" target=\"_blank\" rel=\"noopener\"><\/p>\n<div><img decoding=\"async\" src=\"https:\/\/www.boxrepsol.com\/wp-content\/themes\/theme-boxrepsol-child\/static\/images\/flickr-alex-marquez-05.jpg\" alt=\"\u00c1lex M\u00e1rquez\" \/><\/div>\n<p>\t\t\t<\/a><\/p>\n<div>\n<div>\n<p>More images of <strong>\u00c1lex M\u00e1rquez<\/strong> on <strong>Flickr<\/strong><\/p>\n<p>\t\t\t\t\t<a class=\"btn\" href=\"https:\/\/www.flickr.com\/search\/?sort=interestingness-desc&#038;safe_search=1&#038;tags=%C3%A1lex&#038;min_taken_date=1579564800&#038;max_taken_date=1582329599&#038;view_all=1\" target=\"_blank\" rel=\"noopener\">Check them out<\/a>\n\t\t\t\t<\/div>\n<\/p><\/div>\n<\/p><\/div>\n<div class=\"piloto-noticias\">\n<div class=\"hentries\" id=\"js-pilot-entry-container\" data-category=\"motogp\"><\/div>\n<\/p><\/div>\n<\/p><\/div>\n<\/div>\n<div class=\"siguiente-piloto\">\n<p>Next Repsol Team rider<\/p>\n<p>    <a href=\"\/en\/repsol-team\/isidre-esteve\/\">Isidre Esteve<\/a>\n<\/div>\n","protected":false},"excerpt":{"rendered":"<p>Personal information Cervera (Spain) 23rd April 1996 1.79 m. 64 kg. Moto GP Honda RC 213V Follow me Personal information Cervera (Spain) 23rd April 1996 1.79 m. 64 kg. Moto GP Honda RC 213V Follow me \u00c1lex, in numbers 2 Titles 40 Podiums 12 Victories 15 Pole positions 17 Fastest laps 149 Races \u00c1lex M\u00e1rquez, [&hellip;]<\/p>\n","protected":false},"author":1,"featured_media":0,"parent":0,"menu_order":0,"comment_status":"closed","ping_status":"closed","template":"","meta":{"footnotes":""},"class_list":["post-4985","page","type-page","status-publish","hentry"],"yoast_head":"<!-- This site is optimized with the Yoast SEO plugin v23.5 - https:\/\/yoast.com\/wordpress\/plugins\/seo\/ -->\n<title>\u00c1lex M\u00e1rquez - Box Repsol<\/title>\n<link rel=\"canonical\" href=\"https:\/\/www.boxrepsol.com\/en\/alex-marquez\/\" \/>\n<meta property=\"og:locale\" content=\"en_US\" \/>\n<meta property=\"og:type\" content=\"article\" \/>\n<meta property=\"og:title\" content=\"\u00c1lex M\u00e1rquez - Box Repsol\" \/>\n<meta property=\"og:description\" content=\"Personal information Cervera (Spain) 23rd April 1996 1.79 m. 64 kg. Moto GP Honda RC 213V Follow me Personal information Cervera (Spain) 23rd April 1996 1.79 m. 64 kg. Moto GP Honda RC 213V Follow me \u00c1lex, in numbers 2 Titles 40 Podiums 12 Victories 15 Pole positions 17 Fastest laps 149 Races \u00c1lex M\u00e1rquez, [&hellip;]\" \/>\n<meta property=\"og:url\" content=\"https:\/\/www.boxrepsol.com\/en\/alex-marquez\/\" \/>\n<meta property=\"og:site_name\" content=\"Box Repsol\" \/>\n<meta property=\"article:publisher\" content=\"https:\/\/www.facebook.com\/BoxRepsol\" \/>\n<meta property=\"article:modified_time\" content=\"2023-11-30T12:35:47+00:00\" \/>\n<meta name=\"twitter:card\" content=\"summary_large_image\" \/>\n<meta name=\"twitter:site\" content=\"@box_repsol\" \/>\n<meta name=\"twitter:label1\" content=\"Est. reading time\" \/>\n\t<meta name=\"twitter:data1\" content=\"2 minutes\" \/>\n<script type=\"application\/ld+json\" class=\"yoast-schema-graph\">{\"@context\":\"https:\/\/schema.org\",\"@graph\":[{\"@type\":\"WebPage\",\"@id\":\"https:\/\/www.boxrepsol.com\/en\/alex-marquez\/\",\"url\":\"https:\/\/www.boxrepsol.com\/en\/alex-marquez\/\",\"name\":\"\u00c1lex M\u00e1rquez - Box Repsol\",\"isPartOf\":{\"@id\":\"https:\/\/www.boxrepsol.com\/en\/#website\"},\"datePublished\":\"2020-01-02T02:00:00+00:00\",\"dateModified\":\"2023-11-30T12:35:47+00:00\",\"breadcrumb\":{\"@id\":\"https:\/\/www.boxrepsol.com\/en\/alex-marquez\/#breadcrumb\"},\"inLanguage\":\"en-US\",\"potentialAction\":[{\"@type\":\"ReadAction\",\"target\":[\"https:\/\/www.boxrepsol.com\/en\/alex-marquez\/\"]}]},{\"@type\":\"BreadcrumbList\",\"@id\":\"https:\/\/www.boxrepsol.com\/en\/alex-marquez\/#breadcrumb\",\"itemListElement\":[{\"@type\":\"ListItem\",\"position\":1,\"name\":\"Home\",\"item\":\"https:\/\/www.boxrepsol.com\/en\/\"},{\"@type\":\"ListItem\",\"position\":2,\"name\":\"\u00c1lex M\u00e1rquez\"}]},{\"@type\":\"WebSite\",\"@id\":\"https:\/\/www.boxrepsol.com\/en\/#website\",\"url\":\"https:\/\/www.boxrepsol.com\/en\/\",\"name\":\"Box Repsol\",\"description\":\"Box Repsol Site\",\"publisher\":{\"@id\":\"https:\/\/www.boxrepsol.com\/en\/#organization\"},\"potentialAction\":[{\"@type\":\"SearchAction\",\"target\":{\"@type\":\"EntryPoint\",\"urlTemplate\":\"https:\/\/www.boxrepsol.com\/en\/?s={search_term_string}\"},\"query-input\":{\"@type\":\"PropertyValueSpecification\",\"valueRequired\":true,\"valueName\":\"search_term_string\"}}],\"inLanguage\":\"en-US\"},{\"@type\":\"Organization\",\"@id\":\"https:\/\/www.boxrepsol.com\/en\/#organization\",\"name\":\"Box Repsol\",\"url\":\"https:\/\/www.boxrepsol.com\/en\/\",\"logo\":{\"@type\":\"ImageObject\",\"inLanguage\":\"en-US\",\"@id\":\"https:\/\/www.boxrepsol.com\/en\/#\/schema\/logo\/image\/\",\"url\":\"https:\/\/bxrepsol.s3.eu-west-1.amazonaws.com\/static\/2025\/07\/30083337\/favicon-96x96-1.png\",\"contentUrl\":\"https:\/\/bxrepsol.s3.eu-west-1.amazonaws.com\/static\/2025\/07\/30083337\/favicon-96x96-1.png\",\"width\":96,\"height\":96,\"caption\":\"Box Repsol\"},\"image\":{\"@id\":\"https:\/\/www.boxrepsol.com\/en\/#\/schema\/logo\/image\/\"},\"sameAs\":[\"https:\/\/www.facebook.com\/BoxRepsol\",\"https:\/\/x.com\/box_repsol\",\"http:\/\/instagram.com\/box_repsol\",\"https:\/\/www.youtube.com\/user\/RepsolCompeticion\",\"https:\/\/www.flickr.com\/photos\/box_repsol\/\"]}]}<\/script>\n<!-- \/ Yoast SEO plugin. -->","yoast_head_json":{"title":"\u00c1lex M\u00e1rquez - Box Repsol","canonical":"https:\/\/www.boxrepsol.com\/en\/alex-marquez\/","og_locale":"en_US","og_type":"article","og_title":"\u00c1lex M\u00e1rquez - Box Repsol","og_description":"Personal information Cervera (Spain) 23rd April 1996 1.79 m. 64 kg. Moto GP Honda RC 213V Follow me Personal information Cervera (Spain) 23rd April 1996 1.79 m. 64 kg. Moto GP Honda RC 213V Follow me \u00c1lex, in numbers 2 Titles 40 Podiums 12 Victories 15 Pole positions 17 Fastest laps 149 Races \u00c1lex M\u00e1rquez, [&hellip;]","og_url":"https:\/\/www.boxrepsol.com\/en\/alex-marquez\/","og_site_name":"Box Repsol","article_publisher":"https:\/\/www.facebook.com\/BoxRepsol","article_modified_time":"2023-11-30T12:35:47+00:00","twitter_card":"summary_large_image","twitter_site":"@box_repsol","twitter_misc":{"Est. reading time":"2 minutes"},"schema":{"@context":"https:\/\/schema.org","@graph":[{"@type":"WebPage","@id":"https:\/\/www.boxrepsol.com\/en\/alex-marquez\/","url":"https:\/\/www.boxrepsol.com\/en\/alex-marquez\/","name":"\u00c1lex M\u00e1rquez - Box Repsol","isPartOf":{"@id":"https:\/\/www.boxrepsol.com\/en\/#website"},"datePublished":"2020-01-02T02:00:00+00:00","dateModified":"2023-11-30T12:35:47+00:00","breadcrumb":{"@id":"https:\/\/www.boxrepsol.com\/en\/alex-marquez\/#breadcrumb"},"inLanguage":"en-US","potentialAction":[{"@type":"ReadAction","target":["https:\/\/www.boxrepsol.com\/en\/alex-marquez\/"]}]},{"@type":"BreadcrumbList","@id":"https:\/\/www.boxrepsol.com\/en\/alex-marquez\/#breadcrumb","itemListElement":[{"@type":"ListItem","position":1,"name":"Home","item":"https:\/\/www.boxrepsol.com\/en\/"},{"@type":"ListItem","position":2,"name":"\u00c1lex M\u00e1rquez"}]},{"@type":"WebSite","@id":"https:\/\/www.boxrepsol.com\/en\/#website","url":"https:\/\/www.boxrepsol.com\/en\/","name":"Box Repsol","description":"Box Repsol Site","publisher":{"@id":"https:\/\/www.boxrepsol.com\/en\/#organization"},"potentialAction":[{"@type":"SearchAction","target":{"@type":"EntryPoint","urlTemplate":"https:\/\/www.boxrepsol.com\/en\/?s={search_term_string}"},"query-input":{"@type":"PropertyValueSpecification","valueRequired":true,"valueName":"search_term_string"}}],"inLanguage":"en-US"},{"@type":"Organization","@id":"https:\/\/www.boxrepsol.com\/en\/#organization","name":"Box Repsol","url":"https:\/\/www.boxrepsol.com\/en\/","logo":{"@type":"ImageObject","inLanguage":"en-US","@id":"https:\/\/www.boxrepsol.com\/en\/#\/schema\/logo\/image\/","url":"https:\/\/bxrepsol.s3.eu-west-1.amazonaws.com\/static\/2025\/07\/30083337\/favicon-96x96-1.png","contentUrl":"https:\/\/bxrepsol.s3.eu-west-1.amazonaws.com\/static\/2025\/07\/30083337\/favicon-96x96-1.png","width":96,"height":96,"caption":"Box Repsol"},"image":{"@id":"https:\/\/www.boxrepsol.com\/en\/#\/schema\/logo\/image\/"},"sameAs":["https:\/\/www.facebook.com\/BoxRepsol","https:\/\/x.com\/box_repsol","http:\/\/instagram.com\/box_repsol","https:\/\/www.youtube.com\/user\/RepsolCompeticion","https:\/\/www.flickr.com\/photos\/box_repsol\/"]}]}},"_links":{"self":[{"href":"https:\/\/www.boxrepsol.com\/en\/wp-json\/wp\/v2\/pages\/4985"}],"collection":[{"href":"https:\/\/www.boxrepsol.com\/en\/wp-json\/wp\/v2\/pages"}],"about":[{"href":"https:\/\/www.boxrepsol.com\/en\/wp-json\/wp\/v2\/types\/page"}],"author":[{"embeddable":true,"href":"https:\/\/www.boxrepsol.com\/en\/wp-json\/wp\/v2\/users\/1"}],"replies":[{"embeddable":true,"href":"https:\/\/www.boxrepsol.com\/en\/wp-json\/wp\/v2\/comments?post=4985"}],"version-history":[{"count":2,"href":"https:\/\/www.boxrepsol.com\/en\/wp-json\/wp\/v2\/pages\/4985\/revisions"}],"predecessor-version":[{"id":108127,"href":"https:\/\/www.boxrepsol.com\/en\/wp-json\/wp\/v2\/pages\/4985\/revisions\/108127"}],"wp:attachment":[{"href":"https:\/\/www.boxrepsol.com\/en\/wp-json\/wp\/v2\/media?parent=4985"}],"curies":[{"name":"wp","href":"https:\/\/api.w.org\/{rel}","templated":true}]}}