{"id":4965,"date":"2018-10-19T00:00:00","date_gmt":"2018-10-19T02:00:00","guid":{"rendered":"http:\/\/pre.boxrepsol.com\/marc-marquez-2018-world-champion\/"},"modified":"2024-10-03T06:30:10","modified_gmt":"2024-10-03T08:30:10","slug":"marc-marquez-2018-world-champion","status":"publish","type":"page","link":"https:\/\/www.boxrepsol.com\/en\/marc-marquez-2018-world-champion\/","title":{"rendered":"Marc M\u00e1rquez, 2018 World Champion"},"content":{"rendered":"\n<h1 class=\"wp-block-heading\">Marc M\u00e1rquez, 2018 World Champion<\/h1>\n\n\n<div class=\"felicitaciones-marc-mundial\">\n<div class=\"header\">\n<div class=\"buttons\"><!-- BOT\u00d3N DE M\u00c1S INFORMACI\u00d3N --><br \/><br \/><\/div>\n<p><img decoding=\"async\" title=\"World Champion 2018 - Level 7\" src=\"https:\/\/www.boxrepsol.com\/wp-content\/themes\/theme-boxrepsol-child\/static\/images\/landing-felicitaciones-marc-mundial\/marc-marquez-world-champion-2018.jpg\" alt=\"Smiling Marc M\u00e1rquez\" \/><\/p>\n<\/div>\n<div class=\"world-champion\">\n<div>\n<h2><strong>Congratulate M\u00e1rquez<\/strong> on <em><strong>Instagram Stories<\/strong><\/em> and <strong>win a World Champion t-shirt<\/strong><\/h2>\n<div class=\"buttons\">\u00a0<\/div>\n<\/div>\n<div><img decoding=\"async\" title=\"Consigue una camiseta del Campe\u00f3n del Mundo, Marc M\u00e1rquez\" src=\"https:\/\/www.boxrepsol.com\/wp-content\/themes\/theme-boxrepsol-child\/static\/images\/landing-mundial-stories\/camiseta-marc-marquez.png\" alt=\"Vista detallada de la camiseta junto a Marc M\u00e1rquez sonriendo\" \/><\/div>\n<\/div>\n<p><!-- \n\n\n\n\n\n\n\n<h2><strong>JOIN<\/strong> THE CELEBRATIONS<\/h2>\n\n\n\n\n\n\n\n\n    \n\n\n\n\n\n\n\n<ul class=\"redes\">\n\n\n\n\n\n\n\n<li><a href=\"https:\/\/twitter.com\/box_repsol\" title=\"Twitter\" target=\"_blank\" rel=\"noopener\"><i class=\"fab fa-twitter\"><\/i><\/a><\/li>\n\n\n\n\n\n\n\n\n\n\n\n\n\n\n\n<li><a href=\"https:\/\/www.instagram.com\/box_repsol\/\" title=\"Instagram\" target=\"_blank\" rel=\"noopener\"><i class=\"fab fa-instagram\"><\/i><\/a><\/li>\n\n\n\n\n\n\n\n<\/ul>\n\n\n\n\n\n\n\n\n    \n\n\n\n\n\n\n\n<p>Congratulate Marc M\u00e1rquez using the <strong>#Level7<\/strong> hashtag on Box Repsol social channels..<\/p>\n\n\n\n\n\n\n\n\n    \n\n\n\n\n\n\n\n<div id=\"flow-flow-mundial\">[ff id=\"1\"]<\/div>\n\n\n\n\n\n\n\n --><\/p>\n<div class=\"video\">\n<div class=\"buttons\"><button class=\"btn\" title=\"Watch video\" data-gallery=\"\">Watch video<\/button><\/div>\n<p><video autoplay=\"autoplay\" loop=\"loop\" muted=\"\" width=\"300\" height=\"150\"><source src=\"[asset file='video\/landing-felicitaciones-marc-mundial\/repsol-video-loop.mp4']\" type=\"video\/mp4\" \/><source src=\"[asset file='video\/landing-felicitaciones-marc-mundial\/repsol-video-loop.ogg']\" type=\"video\/ogg\" \/><source src=\"[asset file='video\/landing-felicitaciones-marc-mundial\/repsol-video-loop.webm']\" type=\"video\/webm\" \/><\/video><\/p>\n<\/div>\n<\/div>","protected":false},"excerpt":{"rendered":"<p>Marc M\u00e1rquez, 2018 World Champion Congratulate M\u00e1rquez on Instagram Stories and win a World Champion t-shirt \u00a0 Watch video<\/p>\n","protected":false},"author":1,"featured_media":0,"parent":0,"menu_order":0,"comment_status":"closed","ping_status":"closed","template":"","meta":{"footnotes":""},"class_list":["post-4965","page","type-page","status-publish","hentry"],"yoast_head":"<!-- This site is optimized with the Yoast SEO plugin v27.3 - https:\/\/yoast.com\/product\/yoast-seo-wordpress\/ -->\n<title>Marc M\u00e1rquez, 2018 World Champion - Box Repsol<\/title>\n<link rel=\"canonical\" href=\"https:\/\/www.boxrepsol.com\/en\/marc-marquez-2018-world-champion\/\" \/>\n<meta property=\"og:locale\" content=\"en_US\" \/>\n<meta property=\"og:type\" content=\"article\" \/>\n<meta property=\"og:title\" content=\"Marc M\u00e1rquez, 2018 World Champion - Box Repsol\" \/>\n<meta property=\"og:description\" content=\"Marc M\u00e1rquez, 2018 World Champion Congratulate M\u00e1rquez on Instagram Stories and win a World Champion t-shirt \u00a0 Watch video\" \/>\n<meta property=\"og:url\" content=\"https:\/\/www.boxrepsol.com\/en\/marc-marquez-2018-world-champion\/\" \/>\n<meta property=\"og:site_name\" content=\"Box Repsol\" \/>\n<meta property=\"article:publisher\" content=\"https:\/\/www.facebook.com\/BoxRepsol\" \/>\n<meta property=\"article:modified_time\" content=\"2024-10-03T08:30:10+00:00\" \/>\n<meta name=\"twitter:card\" content=\"summary_large_image\" \/>\n<meta name=\"twitter:site\" content=\"@box_repsol\" \/>\n<script type=\"application\/ld+json\" class=\"yoast-schema-graph\">{\"@context\":\"https:\\\/\\\/schema.org\",\"@graph\":[{\"@type\":\"WebPage\",\"@id\":\"https:\\\/\\\/www.boxrepsol.com\\\/en\\\/marc-marquez-2018-world-champion\\\/\",\"url\":\"https:\\\/\\\/www.boxrepsol.com\\\/en\\\/marc-marquez-2018-world-champion\\\/\",\"name\":\"Marc M\u00e1rquez, 2018 World Champion - Box Repsol\",\"isPartOf\":{\"@id\":\"https:\\\/\\\/www.boxrepsol.com\\\/en\\\/#website\"},\"datePublished\":\"2018-10-19T02:00:00+00:00\",\"dateModified\":\"2024-10-03T08:30:10+00:00\",\"breadcrumb\":{\"@id\":\"https:\\\/\\\/www.boxrepsol.com\\\/en\\\/marc-marquez-2018-world-champion\\\/#breadcrumb\"},\"inLanguage\":\"en-US\",\"potentialAction\":[{\"@type\":\"ReadAction\",\"target\":[\"https:\\\/\\\/www.boxrepsol.com\\\/en\\\/marc-marquez-2018-world-champion\\\/\"]}]},{\"@type\":\"BreadcrumbList\",\"@id\":\"https:\\\/\\\/www.boxrepsol.com\\\/en\\\/marc-marquez-2018-world-champion\\\/#breadcrumb\",\"itemListElement\":[{\"@type\":\"ListItem\",\"position\":1,\"name\":\"Home\",\"item\":\"https:\\\/\\\/www.boxrepsol.com\\\/en\\\/\"},{\"@type\":\"ListItem\",\"position\":2,\"name\":\"Marc M\u00e1rquez, 2018 World Champion\"}]},{\"@type\":\"WebSite\",\"@id\":\"https:\\\/\\\/www.boxrepsol.com\\\/en\\\/#website\",\"url\":\"https:\\\/\\\/www.boxrepsol.com\\\/en\\\/\",\"name\":\"Box Repsol\",\"description\":\"Box Repsol Site\",\"publisher\":{\"@id\":\"https:\\\/\\\/www.boxrepsol.com\\\/en\\\/#organization\"},\"potentialAction\":[{\"@type\":\"SearchAction\",\"target\":{\"@type\":\"EntryPoint\",\"urlTemplate\":\"https:\\\/\\\/www.boxrepsol.com\\\/en\\\/?s={search_term_string}\"},\"query-input\":{\"@type\":\"PropertyValueSpecification\",\"valueRequired\":true,\"valueName\":\"search_term_string\"}}],\"inLanguage\":\"en-US\"},{\"@type\":\"Organization\",\"@id\":\"https:\\\/\\\/www.boxrepsol.com\\\/en\\\/#organization\",\"name\":\"Box Repsol\",\"url\":\"https:\\\/\\\/www.boxrepsol.com\\\/en\\\/\",\"logo\":{\"@type\":\"ImageObject\",\"inLanguage\":\"en-US\",\"@id\":\"https:\\\/\\\/www.boxrepsol.com\\\/en\\\/#\\\/schema\\\/logo\\\/image\\\/\",\"url\":\"https:\\\/\\\/bxrepsol.s3.eu-west-1.amazonaws.com\\\/static\\\/2025\\\/07\\\/30083337\\\/favicon-96x96-1.png\",\"contentUrl\":\"https:\\\/\\\/bxrepsol.s3.eu-west-1.amazonaws.com\\\/static\\\/2025\\\/07\\\/30083337\\\/favicon-96x96-1.png\",\"width\":96,\"height\":96,\"caption\":\"Box Repsol\"},\"image\":{\"@id\":\"https:\\\/\\\/www.boxrepsol.com\\\/en\\\/#\\\/schema\\\/logo\\\/image\\\/\"},\"sameAs\":[\"https:\\\/\\\/www.facebook.com\\\/BoxRepsol\",\"https:\\\/\\\/x.com\\\/box_repsol\",\"http:\\\/\\\/instagram.com\\\/box_repsol\",\"https:\\\/\\\/www.youtube.com\\\/user\\\/RepsolCompeticion\",\"https:\\\/\\\/www.flickr.com\\\/photos\\\/box_repsol\\\/\"]}]}<\/script>\n<!-- \/ Yoast SEO plugin. -->","yoast_head_json":{"title":"Marc M\u00e1rquez, 2018 World Champion - Box Repsol","canonical":"https:\/\/www.boxrepsol.com\/en\/marc-marquez-2018-world-champion\/","og_locale":"en_US","og_type":"article","og_title":"Marc M\u00e1rquez, 2018 World Champion - Box Repsol","og_description":"Marc M\u00e1rquez, 2018 World Champion Congratulate M\u00e1rquez on Instagram Stories and win a World Champion t-shirt \u00a0 Watch video","og_url":"https:\/\/www.boxrepsol.com\/en\/marc-marquez-2018-world-champion\/","og_site_name":"Box Repsol","article_publisher":"https:\/\/www.facebook.com\/BoxRepsol","article_modified_time":"2024-10-03T08:30:10+00:00","twitter_card":"summary_large_image","twitter_site":"@box_repsol","schema":{"@context":"https:\/\/schema.org","@graph":[{"@type":"WebPage","@id":"https:\/\/www.boxrepsol.com\/en\/marc-marquez-2018-world-champion\/","url":"https:\/\/www.boxrepsol.com\/en\/marc-marquez-2018-world-champion\/","name":"Marc M\u00e1rquez, 2018 World Champion - Box Repsol","isPartOf":{"@id":"https:\/\/www.boxrepsol.com\/en\/#website"},"datePublished":"2018-10-19T02:00:00+00:00","dateModified":"2024-10-03T08:30:10+00:00","breadcrumb":{"@id":"https:\/\/www.boxrepsol.com\/en\/marc-marquez-2018-world-champion\/#breadcrumb"},"inLanguage":"en-US","potentialAction":[{"@type":"ReadAction","target":["https:\/\/www.boxrepsol.com\/en\/marc-marquez-2018-world-champion\/"]}]},{"@type":"BreadcrumbList","@id":"https:\/\/www.boxrepsol.com\/en\/marc-marquez-2018-world-champion\/#breadcrumb","itemListElement":[{"@type":"ListItem","position":1,"name":"Home","item":"https:\/\/www.boxrepsol.com\/en\/"},{"@type":"ListItem","position":2,"name":"Marc M\u00e1rquez, 2018 World Champion"}]},{"@type":"WebSite","@id":"https:\/\/www.boxrepsol.com\/en\/#website","url":"https:\/\/www.boxrepsol.com\/en\/","name":"Box Repsol","description":"Box Repsol Site","publisher":{"@id":"https:\/\/www.boxrepsol.com\/en\/#organization"},"potentialAction":[{"@type":"SearchAction","target":{"@type":"EntryPoint","urlTemplate":"https:\/\/www.boxrepsol.com\/en\/?s={search_term_string}"},"query-input":{"@type":"PropertyValueSpecification","valueRequired":true,"valueName":"search_term_string"}}],"inLanguage":"en-US"},{"@type":"Organization","@id":"https:\/\/www.boxrepsol.com\/en\/#organization","name":"Box Repsol","url":"https:\/\/www.boxrepsol.com\/en\/","logo":{"@type":"ImageObject","inLanguage":"en-US","@id":"https:\/\/www.boxrepsol.com\/en\/#\/schema\/logo\/image\/","url":"https:\/\/bxrepsol.s3.eu-west-1.amazonaws.com\/static\/2025\/07\/30083337\/favicon-96x96-1.png","contentUrl":"https:\/\/bxrepsol.s3.eu-west-1.amazonaws.com\/static\/2025\/07\/30083337\/favicon-96x96-1.png","width":96,"height":96,"caption":"Box Repsol"},"image":{"@id":"https:\/\/www.boxrepsol.com\/en\/#\/schema\/logo\/image\/"},"sameAs":["https:\/\/www.facebook.com\/BoxRepsol","https:\/\/x.com\/box_repsol","http:\/\/instagram.com\/box_repsol","https:\/\/www.youtube.com\/user\/RepsolCompeticion","https:\/\/www.flickr.com\/photos\/box_repsol\/"]}]}},"_links":{"self":[{"href":"https:\/\/www.boxrepsol.com\/en\/wp-json\/wp\/v2\/pages\/4965","targetHints":{"allow":["GET"]}}],"collection":[{"href":"https:\/\/www.boxrepsol.com\/en\/wp-json\/wp\/v2\/pages"}],"about":[{"href":"https:\/\/www.boxrepsol.com\/en\/wp-json\/wp\/v2\/types\/page"}],"author":[{"embeddable":true,"href":"https:\/\/www.boxrepsol.com\/en\/wp-json\/wp\/v2\/users\/1"}],"replies":[{"embeddable":true,"href":"https:\/\/www.boxrepsol.com\/en\/wp-json\/wp\/v2\/comments?post=4965"}],"version-history":[{"count":5,"href":"https:\/\/www.boxrepsol.com\/en\/wp-json\/wp\/v2\/pages\/4965\/revisions"}],"predecessor-version":[{"id":120292,"href":"https:\/\/www.boxrepsol.com\/en\/wp-json\/wp\/v2\/pages\/4965\/revisions\/120292"}],"wp:attachment":[{"href":"https:\/\/www.boxrepsol.com\/en\/wp-json\/wp\/v2\/media?parent=4965"}],"curies":[{"name":"wp","href":"https:\/\/api.w.org\/{rel}","templated":true}]}}