{"id":4896,"date":"2017-11-12T00:00:00","date_gmt":"2017-11-12T02:00:00","guid":{"rendered":"http:\/\/pre.boxrepsol.com\/6-mundiales-marc-marquez\/"},"modified":"2023-11-30T12:34:22","modified_gmt":"2023-11-30T14:34:22","slug":"6-mundiales-marc-marquez","status":"publish","type":"page","link":"https:\/\/www.boxrepsol.com\/en\/season-2017\/6-mundiales-marc-marquez\/","title":{"rendered":"6 mundiales de Marc M\u00e1rquez"},"content":{"rendered":"<p><!-- VIDEOS \n<video id=\"videoToniFondo\" autoplay=\"autoplay\" loop muted>\n<source src=\"[asset file='video\/cliptoni_web.mp4']\"  type=\"video\/mp4\"><\/source> \n<source src=\"[asset file='video\/cliptoni_web.ogg']\"  type=\"video\/ogg\"><\/source> \n<source src=\"[asset file='video\/cliptoni_web.webm']\"  type=\"video\/webm\"><\/source> \n<\/video>\n--><\/p>\n<p><!-- IMG FONDO LANDING\t--><\/p>\n<p><!-- \/IMG FONDO LANDING\t--><\/p>\n<div class=\"intro\">\n<h2>#Big6<\/h2>\n<p>Celebrate Marc M\u00e1rquez&#8217;s sixth World Championship title with us<\/p>\n<p><!-- ACTIVAR CUANDO SE PONGA EL VIDEO <a href=\"#contVideo\" class=\"verVideo btn default\" title=\"cargar v\u00eddeo completo\">Ver v\u00eddeo<\/a>--><\/p>\n<\/div>\n<div class=\"lightbox\" id=\"contVideo\">\n  <a href=\"#\" class=\"cerrar\"><span class=\"ocultar\">Cerrar<\/span><i class=\"fa fa-close\" aria-hidden=\"true\"><\/i><\/a><\/p>\n<div class=\"video\">\n<div class=\"contIframe\">\n<p><!-- para que el video deje de funcionar al cerrar el ightbox: &enablejsapi=1&version=3 --><\/div>\n<\/div>\n<\/div>\n<div class=\"contenidoToni\">\n<div class=\"cont\">\n<p>    <!-- DESTACADO PRINCIPAL CON VIDEO --><\/p>\n<div class=\"destPromo\">\n<div class=\"txt\">\n<h3>Congratulations, Champ!<\/h3>\n<p>M\u00e1rquez breaks all the stereotypes surrounding #millennials<\/p>\n<p>See video<\/p>\n<\/div>\n<\/div>\n<p><!-- \/DESTACADO PRINCIPAL CON VIDEO --><\/p>\n<\/div>\n<\/div>\n<div class=\"contenidoToni inf\">\n<div class=\"cont\">\n<p>    <!-- INFOGRAFIA --><\/p>\n<div class=\"destInfo\">\n<div class=\"txt\">\n<h3>Six winning attributes<\/h3>\n<p>Discover the keys to Marc M\u00e1rquez&#8217; climb to the top<\/p>\n<p>          SEE INFOGRAPHICS<\/p>\n<\/div>\n<\/div>\n<p><!-- \/INFOGRAFIA --><\/p>\n<p><!-- DECLARACIONES --><\/p>\n<div class=\"destDeclaraciones\">\n      <a href=\"https:\/\/www.boxrepsol.com\/en\/motogp-en\/marc-marquez-im-living-a-dream\/\" title=\"Ver declaraci\u00f3n\"><\/p>\n<p><\/a><\/p>\n<div class=\"txt\"><a href=\"https:\/\/www.boxrepsol.com\/en\/motogp-en\/marc-marquez-im-living-a-dream\/\" title=\"Ver declaraci\u00f3n\"><\/p>\n<h3>M\u00e1rquez: \u201cI\u2019m living a dream\u201d<\/h3>\n<p>&#8220;I want to enjoy this with my entire team and my family&#8221;<\/p>\n<p><\/a><a href=\"https:\/\/www.boxrepsol.com\/en\/motogp-en\/marc-marquez-im-living-a-dream\/\" title=\"Ver declaraci\u00f3n\">\t\t  <\/a><a href=\"https:\/\/www.boxrepsol.com\/en\/motogp-en\/marc-marquez-im-living-a-dream\/\" class=\"btn default\" title=\"More information\" style=\"display:inline-block;\">MORE INFORMATION<\/a><\/p>\n<\/div>\n<\/div>\n<p><!-- \/DECLARACIONES --><\/p>\n<p><!-- VIDEO media --><\/p>\n<div class=\"destEntrevista\">\n      <a href=\"https:\/\/www.boxrepsol.com\/es\/motogp\/camino-marc-marquez-campeon-del-mundo-motogp-2017\/\" title=\"Ver v\u00eddeo\"><\/p>\n<p><\/a><\/p>\n<div class=\"txt\"><a href=\"https:\/\/www.boxrepsol.com\/es\/motogp\/camino-marc-marquez-campeon-del-mundo-motogp-2017\/\" title=\"Ver v\u00eddeo\"><\/p>\n<h3>Marc has done it again<\/h3>\n<p>Breakthrough, recognition, child prodigy, decisiveness, maturity, determination<\/p>\n<p><\/a><a href=\"https:\/\/www.boxrepsol.com\/es\/motogp\/camino-marc-marquez-campeon-del-mundo-motogp-2017\/\" title=\"Ver v\u00eddeo\">\t\t  <\/a><a href=\"https:\/\/www.boxrepsol.com\/en\/motogp-en\/marc-marquezs-journey-motogp-world-champion-2017\" class=\"btn default\" title=\"See video\" style=\"display:inline-block;\">SEE VIDEO<\/a><\/p>\n<\/div>\n<\/div>\n<p><!-- \/VIDEO media --><\/p>\n<p><!-- DECLARACIONES --><\/p>\n<div class=\"destDeclaraciones\">\n      <a href=\"https:\/\/www.boxrepsol.com\/en\/motogp-en\/victory-for-pedrosa-and-title-for-marquez\/\" title=\"More information\"><\/p>\n<p><\/a><\/p>\n<div class=\"txt\"><a href=\"https:\/\/www.boxrepsol.com\/en\/motogp-en\/victory-for-pedrosa-and-title-for-marquez\/\" title=\"More information\"><\/p>\n<h3>#BIG6<\/h3>\n<p>M\u00e1rquez celebrates his sixth World Championship from the podium<\/p>\n<p><\/a><a href=\"https:\/\/www.boxrepsol.com\/en\/motogp-en\/victory-for-pedrosa-and-title-for-marquez\/\" title=\"More information\">\t\t  <\/a><a href=\"https:\/\/www.boxrepsol.com\/en\/motogp-en\/victory-for-pedrosa-and-title-for-marquez\/\" class=\"btn default\" title=\"More information\" style=\"display:inline-block;\">MORE INFORMATION<\/a><\/p>\n<\/div>\n<\/div>\n<p><!-- \/DECLARACIONES --><\/p>\n<p><!-- GALERIA --><\/p>\n<div class=\"destGaleria\">\n      <a href=\"https:\/\/www.boxrepsol.com\/en\/marc-marquez-world-champion-big6\/\" title=\"See gallery\"><\/p>\n<div class=\"galeriaSlick\">\n<\/div>\n<p><\/a><\/p>\n<div class=\"txt\"><a href=\"https:\/\/www.boxrepsol.com\/en\/marc-marquez-world-champion-big6\/\" title=\"See gallery\"><\/p>\n<h3>Special gallery<\/h3>\n<p>Don&#8217;t miss the most moving photos of Marc M\u00e1rquez&#8217;s six World Championship victories<\/p>\n<p><\/a><a href=\"https:\/\/www.boxrepsol.com\/en\/marc-marquez-world-champion-big6\/\" title=\"See gallery\">\t\t   <\/a><a href=\"https:\/\/www.boxrepsol.com\/en\/marc-marquez-world-champion-big6\/\" class=\"btn default\" title=\"See gallery\" style=\"display:inline-block;\">SEE GALLERY<\/a><\/p>\n<\/div>\n<\/div>\n<p><!-- \/GALERIA --><\/p>\n<p><!-- PALMARES --><\/p>\n<div class=\"destBiografia\">\n      <a href=\"https:\/\/www.boxrepsol.com\/en\/motogp-en\/marc-marquez-six-times-champion\/\" title=\"Palmar\u00e9s\"><\/p>\n<p><\/a><\/p>\n<div class=\"txt\"><a href=\"https:\/\/www.boxrepsol.com\/en\/motogp-en\/marc-marquez-six-times-champion\/\" title=\"Palmar\u00e9s\"><\/p>\n<h3>A life brimming with success<\/h3>\n<p>The Repsol Honda team rider boosts his impressive career stats with a sixth World Championship title<\/p>\n<p><\/a><a href=\"https:\/\/www.boxrepsol.com\/en\/motogp-en\/marc-marquez-six-times-champion\/\" title=\"Palmar\u00e9s\">           <\/a><a href=\"https:\/\/www.boxrepsol.com\/en\/motogp-en\/marc-marquez-six-times-champion\/#\" class=\"btn default\" title=\"More information\" style=\"display:inline-block;\">MORE INFORMATION<\/a><\/p>\n<\/div>\n<\/div>\n<p><!-- \/PALMARES --><\/p>\n<p><!-- SPOT millennials --><br \/>\n<!--\n\n\n<div class=\"destSpot\">\n      \n        \n\n\n<div class=\"txt\">\n\n\n<h3>THE CHAMPION'S SPOT<\/h3>\n\n\nM\u00e1rquez breaks all the stereotypes surrounding #millennials Congratulations, Marc!\n\nSEE VIDEO<\/div>\n\n\n<\/div>\n\n\n--><br \/>\n<!-- \/SPOT millennials --><\/p>\n<p><!-- WALLPAPER --><br \/>\n<!--\n\n\n<div class=\"destWallpaper\">\n\n\n<h3>Posters<\/h3>\n\n\nDownload your favourite memory from Marc M\u00e1rquez\u2019s sixth World Championship\n\n\n<div class=\"izda\">\n          \n\n\n<ul>\n \t\n\n<li>\n            <i class=\"fa fa-download\" aria-hidden=\"true\"><\/i>  Download<\/li>\n\n\n<\/ul>\n\n\n<\/div>\n\n\n\n\n<div class=\"dcha\">\n          \n\n\n<ul>\n \t\n\n<li>\n            <i class=\"fa fa-download\" aria-hidden=\"true\"><\/i>  Download<\/li>\n\n\n<\/ul>\n\n\n<\/div>\n\n\n<\/div>\n\n\n\n\n<div class=\"destWallpaper last\">\n\n\n<div class=\"izda\">\n          \n\n\n<ul>\n \t\n\n<li>\n            <i class=\"fa fa-download\" aria-hidden=\"true\"><\/i>  Download<\/li>\n\n\n<\/ul>\n\n\n<\/div>\n\n\n\n\n<div class=\"dcha\">\n          \n\n\n<ul>\n \t\n\n<li>\n            <i class=\"fa fa-download\" aria-hidden=\"true\"><\/i>  Download<\/li>\n\n\n<\/ul>\n\n\n<\/div>\n\n\n<\/div>\n\n\n--><br \/>\n<!-- \/WALLPAPER --><\/p>\n<p><!-- MURO FLOW FLOW --><!--\n\n\n<div class=\"destMuro\">\n\n\n<h3>Join the celebration<\/h3>\n\n\nCongratulate Marc M\u00e1rquez using #Big6 hastag in Box Repsol\u2019s social media.\n\n[ff id=\"7\"]<\/div>\n\n\n--><br \/>\n<!-- \/MURO FLOW FLOW --><\/p>\n<\/div>\n<\/div>\n","protected":false},"excerpt":{"rendered":"<p>#Big6 Celebrate Marc M\u00e1rquez&#8217;s sixth World Championship title with us Cerrar Congratulations, Champ! M\u00e1rquez breaks all the stereotypes surrounding #millennials See video Six winning attributes Discover the keys to Marc M\u00e1rquez&#8217; climb to the top SEE INFOGRAPHICS M\u00e1rquez: \u201cI\u2019m living a dream\u201d &#8220;I want to enjoy this with my entire team and my family&#8221; MORE [&hellip;]<\/p>\n","protected":false},"author":1,"featured_media":0,"parent":4714,"menu_order":0,"comment_status":"closed","ping_status":"closed","template":"","meta":{"footnotes":""},"class_list":["post-4896","page","type-page","status-publish","hentry"],"yoast_head":"<!-- This site is optimized with the Yoast SEO plugin v23.5 - https:\/\/yoast.com\/wordpress\/plugins\/seo\/ -->\n<title>6 mundiales de Marc M\u00e1rquez - Box Repsol<\/title>\n<link rel=\"canonical\" href=\"https:\/\/www.boxrepsol.com\/en\/season-2017\/6-mundiales-marc-marquez\/\" \/>\n<meta property=\"og:locale\" content=\"en_US\" \/>\n<meta property=\"og:type\" content=\"article\" \/>\n<meta property=\"og:title\" content=\"6 mundiales de Marc M\u00e1rquez - Box Repsol\" \/>\n<meta property=\"og:description\" content=\"#Big6 Celebrate Marc M\u00e1rquez&#8217;s sixth World Championship title with us Cerrar Congratulations, Champ! M\u00e1rquez breaks all the stereotypes surrounding #millennials See video Six winning attributes Discover the keys to Marc M\u00e1rquez&#8217; climb to the top SEE INFOGRAPHICS M\u00e1rquez: \u201cI\u2019m living a dream\u201d &#8220;I want to enjoy this with my entire team and my family&#8221; MORE [&hellip;]\" \/>\n<meta property=\"og:url\" content=\"https:\/\/www.boxrepsol.com\/en\/season-2017\/6-mundiales-marc-marquez\/\" \/>\n<meta property=\"og:site_name\" content=\"Box Repsol\" \/>\n<meta property=\"article:publisher\" content=\"https:\/\/www.facebook.com\/BoxRepsol\" \/>\n<meta property=\"article:modified_time\" content=\"2023-11-30T14:34:22+00:00\" \/>\n<meta name=\"twitter:card\" content=\"summary_large_image\" \/>\n<meta name=\"twitter:site\" content=\"@box_repsol\" \/>\n<meta name=\"twitter:label1\" content=\"Est. reading time\" \/>\n\t<meta name=\"twitter:data1\" content=\"1 minute\" \/>\n<script type=\"application\/ld+json\" class=\"yoast-schema-graph\">{\"@context\":\"https:\/\/schema.org\",\"@graph\":[{\"@type\":\"WebPage\",\"@id\":\"https:\/\/www.boxrepsol.com\/en\/season-2017\/6-mundiales-marc-marquez\/\",\"url\":\"https:\/\/www.boxrepsol.com\/en\/season-2017\/6-mundiales-marc-marquez\/\",\"name\":\"6 mundiales de Marc M\u00e1rquez - Box Repsol\",\"isPartOf\":{\"@id\":\"https:\/\/www.boxrepsol.com\/en\/#website\"},\"datePublished\":\"2017-11-12T02:00:00+00:00\",\"dateModified\":\"2023-11-30T14:34:22+00:00\",\"breadcrumb\":{\"@id\":\"https:\/\/www.boxrepsol.com\/en\/season-2017\/6-mundiales-marc-marquez\/#breadcrumb\"},\"inLanguage\":\"en-US\",\"potentialAction\":[{\"@type\":\"ReadAction\",\"target\":[\"https:\/\/www.boxrepsol.com\/en\/season-2017\/6-mundiales-marc-marquez\/\"]}]},{\"@type\":\"BreadcrumbList\",\"@id\":\"https:\/\/www.boxrepsol.com\/en\/season-2017\/6-mundiales-marc-marquez\/#breadcrumb\",\"itemListElement\":[{\"@type\":\"ListItem\",\"position\":1,\"name\":\"Home\",\"item\":\"https:\/\/www.boxrepsol.com\/en\/\"},{\"@type\":\"ListItem\",\"position\":2,\"name\":\"Season 2018\",\"item\":\"https:\/\/www.boxrepsol.com\/en\/season-2017\/\"},{\"@type\":\"ListItem\",\"position\":3,\"name\":\"6 mundiales de Marc M\u00e1rquez\"}]},{\"@type\":\"WebSite\",\"@id\":\"https:\/\/www.boxrepsol.com\/en\/#website\",\"url\":\"https:\/\/www.boxrepsol.com\/en\/\",\"name\":\"Box Repsol\",\"description\":\"Box Repsol Site\",\"publisher\":{\"@id\":\"https:\/\/www.boxrepsol.com\/en\/#organization\"},\"potentialAction\":[{\"@type\":\"SearchAction\",\"target\":{\"@type\":\"EntryPoint\",\"urlTemplate\":\"https:\/\/www.boxrepsol.com\/en\/?s={search_term_string}\"},\"query-input\":{\"@type\":\"PropertyValueSpecification\",\"valueRequired\":true,\"valueName\":\"search_term_string\"}}],\"inLanguage\":\"en-US\"},{\"@type\":\"Organization\",\"@id\":\"https:\/\/www.boxrepsol.com\/en\/#organization\",\"name\":\"Box Repsol\",\"url\":\"https:\/\/www.boxrepsol.com\/en\/\",\"logo\":{\"@type\":\"ImageObject\",\"inLanguage\":\"en-US\",\"@id\":\"https:\/\/www.boxrepsol.com\/en\/#\/schema\/logo\/image\/\",\"url\":\"https:\/\/bxrepsol.s3.eu-west-1.amazonaws.com\/static\/2025\/07\/30083337\/favicon-96x96-1.png\",\"contentUrl\":\"https:\/\/bxrepsol.s3.eu-west-1.amazonaws.com\/static\/2025\/07\/30083337\/favicon-96x96-1.png\",\"width\":96,\"height\":96,\"caption\":\"Box Repsol\"},\"image\":{\"@id\":\"https:\/\/www.boxrepsol.com\/en\/#\/schema\/logo\/image\/\"},\"sameAs\":[\"https:\/\/www.facebook.com\/BoxRepsol\",\"https:\/\/x.com\/box_repsol\",\"http:\/\/instagram.com\/box_repsol\",\"https:\/\/www.youtube.com\/user\/RepsolCompeticion\",\"https:\/\/www.flickr.com\/photos\/box_repsol\/\"]}]}<\/script>\n<!-- \/ Yoast SEO plugin. -->","yoast_head_json":{"title":"6 mundiales de Marc M\u00e1rquez - Box Repsol","canonical":"https:\/\/www.boxrepsol.com\/en\/season-2017\/6-mundiales-marc-marquez\/","og_locale":"en_US","og_type":"article","og_title":"6 mundiales de Marc M\u00e1rquez - Box Repsol","og_description":"#Big6 Celebrate Marc M\u00e1rquez&#8217;s sixth World Championship title with us Cerrar Congratulations, Champ! M\u00e1rquez breaks all the stereotypes surrounding #millennials See video Six winning attributes Discover the keys to Marc M\u00e1rquez&#8217; climb to the top SEE INFOGRAPHICS M\u00e1rquez: \u201cI\u2019m living a dream\u201d &#8220;I want to enjoy this with my entire team and my family&#8221; MORE [&hellip;]","og_url":"https:\/\/www.boxrepsol.com\/en\/season-2017\/6-mundiales-marc-marquez\/","og_site_name":"Box Repsol","article_publisher":"https:\/\/www.facebook.com\/BoxRepsol","article_modified_time":"2023-11-30T14:34:22+00:00","twitter_card":"summary_large_image","twitter_site":"@box_repsol","twitter_misc":{"Est. reading time":"1 minute"},"schema":{"@context":"https:\/\/schema.org","@graph":[{"@type":"WebPage","@id":"https:\/\/www.boxrepsol.com\/en\/season-2017\/6-mundiales-marc-marquez\/","url":"https:\/\/www.boxrepsol.com\/en\/season-2017\/6-mundiales-marc-marquez\/","name":"6 mundiales de Marc M\u00e1rquez - Box Repsol","isPartOf":{"@id":"https:\/\/www.boxrepsol.com\/en\/#website"},"datePublished":"2017-11-12T02:00:00+00:00","dateModified":"2023-11-30T14:34:22+00:00","breadcrumb":{"@id":"https:\/\/www.boxrepsol.com\/en\/season-2017\/6-mundiales-marc-marquez\/#breadcrumb"},"inLanguage":"en-US","potentialAction":[{"@type":"ReadAction","target":["https:\/\/www.boxrepsol.com\/en\/season-2017\/6-mundiales-marc-marquez\/"]}]},{"@type":"BreadcrumbList","@id":"https:\/\/www.boxrepsol.com\/en\/season-2017\/6-mundiales-marc-marquez\/#breadcrumb","itemListElement":[{"@type":"ListItem","position":1,"name":"Home","item":"https:\/\/www.boxrepsol.com\/en\/"},{"@type":"ListItem","position":2,"name":"Season 2018","item":"https:\/\/www.boxrepsol.com\/en\/season-2017\/"},{"@type":"ListItem","position":3,"name":"6 mundiales de Marc M\u00e1rquez"}]},{"@type":"WebSite","@id":"https:\/\/www.boxrepsol.com\/en\/#website","url":"https:\/\/www.boxrepsol.com\/en\/","name":"Box Repsol","description":"Box Repsol Site","publisher":{"@id":"https:\/\/www.boxrepsol.com\/en\/#organization"},"potentialAction":[{"@type":"SearchAction","target":{"@type":"EntryPoint","urlTemplate":"https:\/\/www.boxrepsol.com\/en\/?s={search_term_string}"},"query-input":{"@type":"PropertyValueSpecification","valueRequired":true,"valueName":"search_term_string"}}],"inLanguage":"en-US"},{"@type":"Organization","@id":"https:\/\/www.boxrepsol.com\/en\/#organization","name":"Box Repsol","url":"https:\/\/www.boxrepsol.com\/en\/","logo":{"@type":"ImageObject","inLanguage":"en-US","@id":"https:\/\/www.boxrepsol.com\/en\/#\/schema\/logo\/image\/","url":"https:\/\/bxrepsol.s3.eu-west-1.amazonaws.com\/static\/2025\/07\/30083337\/favicon-96x96-1.png","contentUrl":"https:\/\/bxrepsol.s3.eu-west-1.amazonaws.com\/static\/2025\/07\/30083337\/favicon-96x96-1.png","width":96,"height":96,"caption":"Box Repsol"},"image":{"@id":"https:\/\/www.boxrepsol.com\/en\/#\/schema\/logo\/image\/"},"sameAs":["https:\/\/www.facebook.com\/BoxRepsol","https:\/\/x.com\/box_repsol","http:\/\/instagram.com\/box_repsol","https:\/\/www.youtube.com\/user\/RepsolCompeticion","https:\/\/www.flickr.com\/photos\/box_repsol\/"]}]}},"_links":{"self":[{"href":"https:\/\/www.boxrepsol.com\/en\/wp-json\/wp\/v2\/pages\/4896"}],"collection":[{"href":"https:\/\/www.boxrepsol.com\/en\/wp-json\/wp\/v2\/pages"}],"about":[{"href":"https:\/\/www.boxrepsol.com\/en\/wp-json\/wp\/v2\/types\/page"}],"author":[{"embeddable":true,"href":"https:\/\/www.boxrepsol.com\/en\/wp-json\/wp\/v2\/users\/1"}],"replies":[{"embeddable":true,"href":"https:\/\/www.boxrepsol.com\/en\/wp-json\/wp\/v2\/comments?post=4896"}],"version-history":[{"count":27,"href":"https:\/\/www.boxrepsol.com\/en\/wp-json\/wp\/v2\/pages\/4896\/revisions"}],"predecessor-version":[{"id":108946,"href":"https:\/\/www.boxrepsol.com\/en\/wp-json\/wp\/v2\/pages\/4896\/revisions\/108946"}],"up":[{"embeddable":true,"href":"https:\/\/www.boxrepsol.com\/en\/wp-json\/wp\/v2\/pages\/4714"}],"wp:attachment":[{"href":"https:\/\/www.boxrepsol.com\/en\/wp-json\/wp\/v2\/media?parent=4896"}],"curies":[{"name":"wp","href":"https:\/\/api.w.org\/{rel}","templated":true}]}}